{"id":30667,"date":"2026-01-09T13:59:35","date_gmt":"2026-01-09T13:59:35","guid":{"rendered":"https:\/\/topprixsarl.ch\/product\/cartouche-de-toner-hp-131a-cf210a-noire\/"},"modified":"2026-01-14T14:20:15","modified_gmt":"2026-01-14T14:20:15","slug":"cartouche-de-toner-hp-131a-cf210a-noire","status":"publish","type":"product","link":"https:\/\/topprixsarl.ch\/de\/product\/cartouche-de-toner-hp-131a-cf210a-noire\/","title":{"rendered":"Cartouche de toner HP 131A- CF210A- noire"},"content":{"rendered":"<p>R\u00e9pondez \u00e0 vos besoins en impression avec HP. <\/p>\n<p>Les cartouches de toner sont un \u00e9l\u00e9ment essentiel dans le monde professionnel. Avec HP, vous b\u00e9n\u00e9ficiez d&rsquo;une qualit\u00e9 et d&rsquo;une pr\u00e9cision optimales pour r\u00e9pondre \u00e0 tous vos besoins quotidiens. <\/p>\n<p>Gr\u00e2ce \u00e0 l&rsquo;encre noire de qualit\u00e9 sup\u00e9rieure et \u00e0 la technologie avanc\u00e9e d&rsquo;HP, vos tirages artistiques et vos photographies en noir et blanc seront parfaits. <\/p>\n<p>Il s&rsquo;agit d&rsquo;un produit de marque authentique, neuf, qui vous s\u00e9duira par sa grande qualit\u00e9. <\/p>\n<p>+ Code fabricant : CF210A<br \/> + Nombre d&rsquo;unit\u00e9s emball\u00e9es : 1<br \/> + Couleur : noir <\/p>\n<p>Profitez de notre service de r\u00e9approvisionnement automatique de vos consommables, pour un budget ma\u00eetris\u00e9 et une tranquillit\u00e9 assur\u00e9e ! <\/p>\n<p>En fin de vie, vos cartouches ont encore une utilit\u00e9 : d\u00e9posez-les dans le container (r\u00e9f\u00e9rence : 2.157.879). <\/p>\n<p>Commandez d\u00e8s aujourd&rsquo;hui ! <\/p>\n<p>> Garantie 2 ans*<\/p>","protected":false},"excerpt":{"rendered":"<p>R\u00e9pondez \u00e0 vos besoins en impression avec HP Les cartouches de toner, sont un \u00e9l\u00e9ment essentiel dans le monde professionnel. Avec HP, vous b\u00e9n\u00e9ficiez d&rsquo;une qualit\u00e9 et d&rsquo;une pr\u00e9cision optimales pour r\u00e9pondre \u00e0 tous vos besoins quotidiens. Gr\u00e2ce \u00e0 l&rsquo;en<\/p>","protected":false},"featured_media":30666,"comment_status":"open","ping_status":"closed","template":"","meta":[],"product_brand":[],"product_cat":[137],"product_tag":[],"class_list":{"0":"post-30667","1":"product","2":"type-product","3":"status-publish","4":"has-post-thumbnail","6":"product_cat-papier","8":"first","9":"instock","10":"shipping-taxable","11":"purchasable","12":"product-type-simple"},"_links":{"self":[{"href":"https:\/\/topprixsarl.ch\/de\/wp-json\/wp\/v2\/product\/30667","targetHints":{"allow":["GET"]}}],"collection":[{"href":"https:\/\/topprixsarl.ch\/de\/wp-json\/wp\/v2\/product"}],"about":[{"href":"https:\/\/topprixsarl.ch\/de\/wp-json\/wp\/v2\/types\/product"}],"replies":[{"embeddable":true,"href":"https:\/\/topprixsarl.ch\/de\/wp-json\/wp\/v2\/comments?post=30667"}],"version-history":[{"count":3,"href":"https:\/\/topprixsarl.ch\/de\/wp-json\/wp\/v2\/product\/30667\/revisions"}],"predecessor-version":[{"id":33312,"href":"https:\/\/topprixsarl.ch\/de\/wp-json\/wp\/v2\/product\/30667\/revisions\/33312"}],"wp:featuredmedia":[{"embeddable":true,"href":"https:\/\/topprixsarl.ch\/de\/wp-json\/wp\/v2\/media\/30666"}],"wp:attachment":[{"href":"https:\/\/topprixsarl.ch\/de\/wp-json\/wp\/v2\/media?parent=30667"}],"wp:term":[{"taxonomy":"product_brand","embeddable":true,"href":"https:\/\/topprixsarl.ch\/de\/wp-json\/wp\/v2\/product_brand?post=30667"},{"taxonomy":"product_cat","embeddable":true,"href":"https:\/\/topprixsarl.ch\/de\/wp-json\/wp\/v2\/product_cat?post=30667"},{"taxonomy":"product_tag","embeddable":true,"href":"https:\/\/topprixsarl.ch\/de\/wp-json\/wp\/v2\/product_tag?post=30667"}],"curies":[{"name":"wp","href":"https:\/\/api.w.org\/{rel}","templated":true}]}}