{"id":30665,"date":"2026-01-09T13:59:19","date_gmt":"2026-01-09T13:59:19","guid":{"rendered":"https:\/\/topprixsarl.ch\/product\/masque-pliable-jetable-3m-aura-9332-ffp3-avec-soupape-par-10\/"},"modified":"2026-01-14T14:20:15","modified_gmt":"2026-01-14T14:20:15","slug":"masque-pliable-jetable-3m-aura-9332-ffp3-avec-soupape-par-10","status":"publish","type":"product","link":"https:\/\/topprixsarl.ch\/de\/product\/masque-pliable-jetable-3m-aura-9332-ffp3-avec-soupape-par-10\/","title":{"rendered":"3M Aura 9332+ FFP3 Einweg-Faltmaske - mit Ventil - pro 10 St\u00fcck"},"content":{"rendered":"<p>**Protection respiratoire haute de gamme**<\/p>\n<p>Dans un environnement de travail avec des poussi\u00e8res, des brouillards et des fum\u00e9es m\u00e9talliques, l\u2019air est irrespirable. Un respirateur aide \u00e0 r\u00e9duire les effets nocifs et \u00e0 pr\u00e9server la sant\u00e9. Les poussi\u00e8res p\u00e9n\u00e8trent dans vos poumons et peuvent causer des maladies respiratoires. L\u2019utilisation du respirateur r\u00e9duit le risque de maladie.<\/p>\n<p>Avec l&rsquo;aide du respirateur Aura 3M, les poumons sont efficacement prot\u00e9g\u00e9s contre les poussi\u00e8res, les brouillards et les vapeurs m\u00e9talliques. <\/p>\n<p>+ **Technologie de filtre \u00e0 faible r\u00e9sistance respiratoire** : facilite la respiration et \u00e9vite d&rsquo;inhaler de lourdes particules d&rsquo;air. <\/p>\n<p>+ **Vanne 3M Cool Flow** : minimise l&rsquo;effet de chaleur dans des conditions chaudes et humides en diminuant la formation de bu\u00e9e sur les lunettes.<\/p>\n<p>L&rsquo;appareil respiratoire 3M est dot\u00e9 d&rsquo;un design unique \u00e0 3 panneaux avec un espace suffisant pour parler et un confort de port. Ainsi, les autres personnes comprennent facilement ce qui est dit, sans enlever le masque. <\/p>\n<p>+ **Emballage st\u00e9rile** : dix masques sont fournis pour une meilleure protection contre la contamination.<\/p>\n<p>Gardez vos poumons en s\u00e9curit\u00e9 lorsque vous travaillez dans des milieux poussi\u00e9reux!<\/p>","protected":false},"excerpt":{"rendered":"<p>Protection respiratoire haute de gammeDans un environnement de travail avec des poussi\u00e8res, des brouillards et des fum\u00e9es m\u00e9talliques, l\u2019air est irrespirable. Un respirateur aide \u00e0 r\u00e9duire les effets nocifs et \u00e0 pr\u00e9server la sant\u00e9. Les poussi\u00e8res p\u00e9n<\/p>","protected":false},"featured_media":30664,"comment_status":"open","ping_status":"closed","template":"","meta":[],"product_brand":[],"product_cat":[142],"product_tag":[],"class_list":{"0":"post-30665","1":"product","2":"type-product","3":"status-publish","4":"has-post-thumbnail","6":"product_cat-entretien","8":"first","9":"instock","10":"shipping-taxable","11":"purchasable","12":"product-type-simple"},"_links":{"self":[{"href":"https:\/\/topprixsarl.ch\/de\/wp-json\/wp\/v2\/product\/30665","targetHints":{"allow":["GET"]}}],"collection":[{"href":"https:\/\/topprixsarl.ch\/de\/wp-json\/wp\/v2\/product"}],"about":[{"href":"https:\/\/topprixsarl.ch\/de\/wp-json\/wp\/v2\/types\/product"}],"replies":[{"embeddable":true,"href":"https:\/\/topprixsarl.ch\/de\/wp-json\/wp\/v2\/comments?post=30665"}],"version-history":[{"count":2,"href":"https:\/\/topprixsarl.ch\/de\/wp-json\/wp\/v2\/product\/30665\/revisions"}],"predecessor-version":[{"id":32662,"href":"https:\/\/topprixsarl.ch\/de\/wp-json\/wp\/v2\/product\/30665\/revisions\/32662"}],"wp:featuredmedia":[{"embeddable":true,"href":"https:\/\/topprixsarl.ch\/de\/wp-json\/wp\/v2\/media\/30664"}],"wp:attachment":[{"href":"https:\/\/topprixsarl.ch\/de\/wp-json\/wp\/v2\/media?parent=30665"}],"wp:term":[{"taxonomy":"product_brand","embeddable":true,"href":"https:\/\/topprixsarl.ch\/de\/wp-json\/wp\/v2\/product_brand?post=30665"},{"taxonomy":"product_cat","embeddable":true,"href":"https:\/\/topprixsarl.ch\/de\/wp-json\/wp\/v2\/product_cat?post=30665"},{"taxonomy":"product_tag","embeddable":true,"href":"https:\/\/topprixsarl.ch\/de\/wp-json\/wp\/v2\/product_tag?post=30665"}],"curies":[{"name":"wp","href":"https:\/\/api.w.org\/{rel}","templated":true}]}}