{"id":30663,"date":"2026-01-09T13:59:05","date_gmt":"2026-01-09T13:59:05","guid":{"rendered":"https:\/\/topprixsarl.ch\/product\/corbeille-de-tri-fellowes-bankers-box-90-l-lot-de-5\/"},"modified":"2026-01-14T14:20:16","modified_gmt":"2026-01-14T14:20:16","slug":"corbeille-de-tri-fellowes-bankers-box-90-l-lot-de-5","status":"publish","type":"product","link":"https:\/\/topprixsarl.ch\/de\/product\/corbeille-de-tri-fellowes-bankers-box-90-l-lot-de-5\/","title":{"rendered":"Fellowes Bankers Box Sortierkorb - 90 L - Satz von 5"},"content":{"rendered":"<p>**Poubelle fonctionnelle pleine d&rsquo;avantages**<\/p>\n<p>Cette poubelle Fellowes Bankers Box combine parfaitement simplicit\u00e9 et fonctionnalit\u00e9. En carton certifi\u00e9 FSC, 100% recycl\u00e9 et 100% recyclable, elle n&rsquo;a aucune empreinte n\u00e9gative sur l&rsquo;environnement. <\/p>\n<p>+ Utilisation polyvalente : Vous pouvez l&rsquo;utiliser sous le bureau ou comme station centrale de recyclage. <\/p>\n<p>+ Ouverture pratique : Son ouverture de type bo\u00eete aux lettres et par le haut sont des compl\u00e9ments parfaits. <\/p>\n<p>+ Confort d&rsquo;utilisation : Cette poubelle est fonctionnelle et confortable \u00e0 utiliser gr\u00e2ce \u00e0 son couvercle amovible et \u00e0 ses poign\u00e9es de type cabas. Vous pouvez facilement la transporter et la vider si besoin. <\/p>\n<p>+ Capacit\u00e9 g\u00e9n\u00e9reuse : L&rsquo;une des caract\u00e9ristiques les plus remarquables est sa taille : sa capacit\u00e9 totale de 90 litres lors de l&rsquo;utilisation de la fonction d&rsquo;ouverture par le haut ne n\u00e9cessite pas d&rsquo;entretien fr\u00e9quent. <\/p>\n<p>+ Gain de place : De plus, elle est peu encombrante. <\/p>\n<p>Chaque paquet comporte cinq poubelles. Rendez votre bureau respectueux de l&rsquo;environnement!<\/p>","protected":false},"excerpt":{"rendered":"<p>Poubelle fonctionnelle pleine d&rsquo;avantages Cette poubelle Fellowes Bankers Box combine parfaitement simplicit\u00e9 et fonctionnalit\u00e9. En carton certifi\u00e9 FSC, 100% recycl\u00e9 et 100% recyclable, elle n&rsquo;a aucune empreinte n\u00e9gative sur l&rsquo;environnement. {%%[_-%-<\/p>","protected":false},"featured_media":30662,"comment_status":"open","ping_status":"closed","template":"","meta":[],"product_brand":[],"product_cat":[138],"product_tag":[],"class_list":{"0":"post-30663","1":"product","2":"type-product","3":"status-publish","4":"has-post-thumbnail","6":"product_cat-sac-a-dechet","8":"first","9":"instock","10":"shipping-taxable","11":"purchasable","12":"product-type-simple"},"_links":{"self":[{"href":"https:\/\/topprixsarl.ch\/de\/wp-json\/wp\/v2\/product\/30663","targetHints":{"allow":["GET"]}}],"collection":[{"href":"https:\/\/topprixsarl.ch\/de\/wp-json\/wp\/v2\/product"}],"about":[{"href":"https:\/\/topprixsarl.ch\/de\/wp-json\/wp\/v2\/types\/product"}],"replies":[{"embeddable":true,"href":"https:\/\/topprixsarl.ch\/de\/wp-json\/wp\/v2\/comments?post=30663"}],"version-history":[{"count":2,"href":"https:\/\/topprixsarl.ch\/de\/wp-json\/wp\/v2\/product\/30663\/revisions"}],"predecessor-version":[{"id":32661,"href":"https:\/\/topprixsarl.ch\/de\/wp-json\/wp\/v2\/product\/30663\/revisions\/32661"}],"wp:featuredmedia":[{"embeddable":true,"href":"https:\/\/topprixsarl.ch\/de\/wp-json\/wp\/v2\/media\/30662"}],"wp:attachment":[{"href":"https:\/\/topprixsarl.ch\/de\/wp-json\/wp\/v2\/media?parent=30663"}],"wp:term":[{"taxonomy":"product_brand","embeddable":true,"href":"https:\/\/topprixsarl.ch\/de\/wp-json\/wp\/v2\/product_brand?post=30663"},{"taxonomy":"product_cat","embeddable":true,"href":"https:\/\/topprixsarl.ch\/de\/wp-json\/wp\/v2\/product_cat?post=30663"},{"taxonomy":"product_tag","embeddable":true,"href":"https:\/\/topprixsarl.ch\/de\/wp-json\/wp\/v2\/product_tag?post=30663"}],"curies":[{"name":"wp","href":"https:\/\/api.w.org\/{rel}","templated":true}]}}