{"id":30661,"date":"2026-01-09T13:58:51","date_gmt":"2026-01-09T13:58:51","guid":{"rendered":"https:\/\/topprixsarl.ch\/product\/notes-post-it-super-sticky-76-x-76-mm-jaunes-12-blocs-x-90-feuilles\/"},"modified":"2026-01-14T14:20:16","modified_gmt":"2026-01-14T14:20:16","slug":"notes-post-it-super-sticky-76-x-76-mm-jaunes-12-blocs-x-90-feuilles","status":"publish","type":"product","link":"https:\/\/topprixsarl.ch\/de\/product\/notes-post-it-super-sticky-76-x-76-mm-jaunes-12-blocs-x-90-feuilles\/","title":{"rendered":"Notes Post-it Super Sticky &#8211; 76 x 76 mm &#8211; jaunes &#8211; 12 blocs x 90 feuilles"},"content":{"rendered":"<p>Les notes Post-it\u00ae Super Sticky Notes adh\u00e8rent mieux et tiennent plus longtemps. Elles adh\u00e8rent deux fois mieux que les notes Post-it\u00ae Standard Notes, afin que ton message soit bien re\u00e7u.<\/p>\n<p>+ Adh\u00e9rence exceptionnelle : ces notes adh\u00e9sives jaunes adh\u00e8rent aux surfaces verticales et difficiles \u00e0 coller.<\/p>\n<p>+ Id\u00e9ales pour : les notes, les messages et les rappels.<\/p>\n<p>+ Visibilit\u00e9 garantie : elles adh\u00e8rent tr\u00e8s fortement, sont polyvalentes et garantissent que vos messages sont bien visibles.<\/p>\n<p>+ \u00c9cologiques : fabriqu\u00e9es \u00e0 partir de papier certifi\u00e9 PEFC issu de for\u00eats g\u00e9r\u00e9es durablement et d&rsquo;une colle compos\u00e9e \u00e0 60 % de mati\u00e8res premi\u00e8res provenant d&rsquo;une plante renouvelable chaque ann\u00e9e.<\/p>\n<p>+ Emballage pratique : l&#8217;emballage en carton recycl\u00e9 peut \u00eatre utilis\u00e9 pour ranger facilement les notes adh\u00e9sives sur votre bureau ou dans votre armoire et peut \u00eatre recycl\u00e9 lorsqu&rsquo;il n&rsquo;est plus n\u00e9cessaire. <\/p>\n<p>*Fu\u00dfnoten.<\/p>","protected":false},"excerpt":{"rendered":"<p>Les notes Post-it\u00ae Super Sticky Notes adh\u00e8rent mieux et tiennent plus longtemps. Elles adh\u00e8rent deux fois mieux que les notes Post-it\u00ae Standard Notes, afin que ton message soit bien re\u00e7u. Ces notes adh\u00e9sives jaunes adh\u00e8rent aux surfaces verticales et<\/p>","protected":false},"featured_media":30660,"comment_status":"open","ping_status":"closed","template":"","meta":[],"product_brand":[],"product_cat":[137],"product_tag":[],"class_list":{"0":"post-30661","1":"product","2":"type-product","3":"status-publish","4":"has-post-thumbnail","6":"product_cat-papier","8":"first","9":"instock","10":"shipping-taxable","11":"purchasable","12":"product-type-simple"},"_links":{"self":[{"href":"https:\/\/topprixsarl.ch\/de\/wp-json\/wp\/v2\/product\/30661","targetHints":{"allow":["GET"]}}],"collection":[{"href":"https:\/\/topprixsarl.ch\/de\/wp-json\/wp\/v2\/product"}],"about":[{"href":"https:\/\/topprixsarl.ch\/de\/wp-json\/wp\/v2\/types\/product"}],"replies":[{"embeddable":true,"href":"https:\/\/topprixsarl.ch\/de\/wp-json\/wp\/v2\/comments?post=30661"}],"version-history":[{"count":2,"href":"https:\/\/topprixsarl.ch\/de\/wp-json\/wp\/v2\/product\/30661\/revisions"}],"predecessor-version":[{"id":32660,"href":"https:\/\/topprixsarl.ch\/de\/wp-json\/wp\/v2\/product\/30661\/revisions\/32660"}],"wp:featuredmedia":[{"embeddable":true,"href":"https:\/\/topprixsarl.ch\/de\/wp-json\/wp\/v2\/media\/30660"}],"wp:attachment":[{"href":"https:\/\/topprixsarl.ch\/de\/wp-json\/wp\/v2\/media?parent=30661"}],"wp:term":[{"taxonomy":"product_brand","embeddable":true,"href":"https:\/\/topprixsarl.ch\/de\/wp-json\/wp\/v2\/product_brand?post=30661"},{"taxonomy":"product_cat","embeddable":true,"href":"https:\/\/topprixsarl.ch\/de\/wp-json\/wp\/v2\/product_cat?post=30661"},{"taxonomy":"product_tag","embeddable":true,"href":"https:\/\/topprixsarl.ch\/de\/wp-json\/wp\/v2\/product_tag?post=30661"}],"curies":[{"name":"wp","href":"https:\/\/api.w.org\/{rel}","templated":true}]}}