{"id":30659,"date":"2026-01-09T13:58:36","date_gmt":"2026-01-09T13:58:36","guid":{"rendered":"https:\/\/topprixsarl.ch\/product\/lunettes-de-protection-uvex-pheos-s-9192-la-paire\/"},"modified":"2026-01-14T14:20:16","modified_gmt":"2026-01-14T14:20:16","slug":"lunettes-de-protection-uvex-pheos-s-9192-la-paire","status":"publish","type":"product","link":"https:\/\/topprixsarl.ch\/de\/product\/lunettes-de-protection-uvex-pheos-s-9192-la-paire\/","title":{"rendered":"Uvex Pheos S 9192 Schutzbrille - pro Paar"},"content":{"rendered":"<p>Lunettes de protection au look tendance.<\/p>\n<p>+ Verres duosph\u00e9riques offrant non seulement un large champ de vision, mais \u00e9galement une r\u00e9sistance \u00e9lev\u00e9e aux rayures \u00e0 l&rsquo;ext\u00e9rieur et une protection anti-bu\u00e9e durable \u00e0 l&rsquo;int\u00e9rieur gr\u00e2ce \u00e0 un rev\u00eatement de haute qualit\u00e9.<\/p>\n<p>+ Mod\u00e8le Pheos S pour les visages \u00e9troits.<\/p>\n<p>+ Conformes \u00e0 la norme DIN EN 166.<\/p>\n<p>+ Type de filtre : 2C.<\/p>\n<p>+ Couleur : blanc\/vert.<\/p>\n<p>+ Verres : incolores.<\/p>\n<p>+ Prix \u00e0 l&rsquo;unit\u00e9.<\/p>","protected":false},"excerpt":{"rendered":"<p>Lunettes de protection au look tendance. Verres duosph\u00e9riques offrant non seulement un large champ de vision, mais \u00e9galement une r\u00e9sistance \u00e9lev\u00e9e aux rayures \u00e0 l&rsquo;ext\u00e9rieur et une protection anti-bu\u00e9e durable \u00e0 l&rsquo;int\u00e9rieur gr\u00e2ce \u00e0 un rev\u00eatement de ha<\/p>","protected":false},"featured_media":30658,"comment_status":"open","ping_status":"closed","template":"","meta":[],"product_brand":[],"product_cat":[141],"product_tag":[],"class_list":{"0":"post-30659","1":"product","2":"type-product","3":"status-publish","4":"has-post-thumbnail","6":"product_cat-covid-19","8":"first","9":"instock","10":"shipping-taxable","11":"purchasable","12":"product-type-simple"},"_links":{"self":[{"href":"https:\/\/topprixsarl.ch\/de\/wp-json\/wp\/v2\/product\/30659","targetHints":{"allow":["GET"]}}],"collection":[{"href":"https:\/\/topprixsarl.ch\/de\/wp-json\/wp\/v2\/product"}],"about":[{"href":"https:\/\/topprixsarl.ch\/de\/wp-json\/wp\/v2\/types\/product"}],"replies":[{"embeddable":true,"href":"https:\/\/topprixsarl.ch\/de\/wp-json\/wp\/v2\/comments?post=30659"}],"version-history":[{"count":2,"href":"https:\/\/topprixsarl.ch\/de\/wp-json\/wp\/v2\/product\/30659\/revisions"}],"predecessor-version":[{"id":32659,"href":"https:\/\/topprixsarl.ch\/de\/wp-json\/wp\/v2\/product\/30659\/revisions\/32659"}],"wp:featuredmedia":[{"embeddable":true,"href":"https:\/\/topprixsarl.ch\/de\/wp-json\/wp\/v2\/media\/30658"}],"wp:attachment":[{"href":"https:\/\/topprixsarl.ch\/de\/wp-json\/wp\/v2\/media?parent=30659"}],"wp:term":[{"taxonomy":"product_brand","embeddable":true,"href":"https:\/\/topprixsarl.ch\/de\/wp-json\/wp\/v2\/product_brand?post=30659"},{"taxonomy":"product_cat","embeddable":true,"href":"https:\/\/topprixsarl.ch\/de\/wp-json\/wp\/v2\/product_cat?post=30659"},{"taxonomy":"product_tag","embeddable":true,"href":"https:\/\/topprixsarl.ch\/de\/wp-json\/wp\/v2\/product_tag?post=30659"}],"curies":[{"name":"wp","href":"https:\/\/api.w.org\/{rel}","templated":true}]}}