{"id":30655,"date":"2026-01-09T13:58:06","date_gmt":"2026-01-09T13:58:06","guid":{"rendered":"https:\/\/topprixsarl.ch\/product\/taille-crayons-pour-ecolier-economy-plastique-assort\/"},"modified":"2026-01-14T14:20:16","modified_gmt":"2026-01-14T14:20:16","slug":"taille-crayons-pour-ecolier-economy-plastique-assort","status":"publish","type":"product","link":"https:\/\/topprixsarl.ch\/de\/product\/taille-crayons-pour-ecolier-economy-plastique-assort\/","title":{"rendered":"Taille-crayons pour \u00e9colier Economy, plastique, assort."},"content":{"rendered":"<p>Taille-crayon pour un travail efficace au crayon<\/p>\n<p>L&rsquo;\u00e9criture implique des interactions avec le crayon et le papier, mais aussi avec un crayon et d&rsquo;autres fournitures de bureau. Pour cr\u00e9er un brouillon, une esquisse de projet ou laisser des notes, vous devez avoir un crayon et un taille-crayon \u00e0 port\u00e9e de main. Il est difficile de sous-estimer une chose aussi petite qu\u2019un taille-crayon car un crayon cass\u00e9 ou \u00e9mouss\u00e9 met fin \u00e0 votre travail et seul un taille-crayon peut sauver la situation.<\/p>\n<p>+ Type compact : le taille-crayon sans r\u00e9cipient est id\u00e9al pour un transport facile.<\/p>\n<p>+ Pratique : un taille-crayon manuel ne prend pas beaucoup de place dans une trousse, vous pouvez donc toujours le garder \u00e0 proximit\u00e9.<\/p>\n<p>+ Mat\u00e9riau durable : en plastique r\u00e9sistant, le taille-crayon ne casse pas m\u00eame sous une forte pression.<\/p>\n<p>+ Conception efficace : sa construction simple avec support m\u00e9tallique permet de parfaitement tailler les crayons pour tracer des lignes fines et r\u00e9guli\u00e8res.<\/p>\n<p>+ Facilit\u00e9 d&rsquo;utilisation : cela ne prend que quelques secondes et pour obtenir un crayon taill\u00e9, il suffit de le tourner plusieurs fois dans l\u2019orifice du taille-crayon.<\/p>\n<p>+ Taille miniature : permet un maintien entre les doigts et une utilisation confortable.<\/p>\n<p>Gardez ce taille-crayon \u00e0 port\u00e9e de main pour ne pas interrompre votre travail!*<\/p>","protected":false},"excerpt":{"rendered":"<p>Taille-crayon pour un travail efficace au crayon L&rsquo;\u00e9criture implique des interactions avec le crayon et le papier, mais aussi avec un crayon et d&rsquo;autres fournitures de bureau. Pour cr\u00e9er un brouillon, une esquisse de projet ou laisser des notes, vous<\/p>","protected":false},"featured_media":30654,"comment_status":"open","ping_status":"closed","template":"","meta":[],"product_brand":[],"product_cat":[137],"product_tag":[],"class_list":{"0":"post-30655","1":"product","2":"type-product","3":"status-publish","4":"has-post-thumbnail","6":"product_cat-article-offic","8":"first","9":"instock","10":"shipping-taxable","11":"purchasable","12":"product-type-simple"},"_links":{"self":[{"href":"https:\/\/topprixsarl.ch\/de\/wp-json\/wp\/v2\/product\/30655","targetHints":{"allow":["GET"]}}],"collection":[{"href":"https:\/\/topprixsarl.ch\/de\/wp-json\/wp\/v2\/product"}],"about":[{"href":"https:\/\/topprixsarl.ch\/de\/wp-json\/wp\/v2\/types\/product"}],"replies":[{"embeddable":true,"href":"https:\/\/topprixsarl.ch\/de\/wp-json\/wp\/v2\/comments?post=30655"}],"version-history":[{"count":2,"href":"https:\/\/topprixsarl.ch\/de\/wp-json\/wp\/v2\/product\/30655\/revisions"}],"predecessor-version":[{"id":32657,"href":"https:\/\/topprixsarl.ch\/de\/wp-json\/wp\/v2\/product\/30655\/revisions\/32657"}],"wp:featuredmedia":[{"embeddable":true,"href":"https:\/\/topprixsarl.ch\/de\/wp-json\/wp\/v2\/media\/30654"}],"wp:attachment":[{"href":"https:\/\/topprixsarl.ch\/de\/wp-json\/wp\/v2\/media?parent=30655"}],"wp:term":[{"taxonomy":"product_brand","embeddable":true,"href":"https:\/\/topprixsarl.ch\/de\/wp-json\/wp\/v2\/product_brand?post=30655"},{"taxonomy":"product_cat","embeddable":true,"href":"https:\/\/topprixsarl.ch\/de\/wp-json\/wp\/v2\/product_cat?post=30655"},{"taxonomy":"product_tag","embeddable":true,"href":"https:\/\/topprixsarl.ch\/de\/wp-json\/wp\/v2\/product_tag?post=30655"}],"curies":[{"name":"wp","href":"https:\/\/api.w.org\/{rel}","templated":true}]}}