{"id":30651,"date":"2026-01-09T13:57:35","date_gmt":"2026-01-09T13:57:35","guid":{"rendered":"https:\/\/topprixsarl.ch\/product\/feuille-de-plastification-fellowes-a6-2-x-125-microns-brillant-100-unites\/"},"modified":"2026-01-14T14:20:16","modified_gmt":"2026-01-14T14:20:16","slug":"feuille-de-plastification-fellowes-a6-2-x-125-microns-brillant-100-unites","status":"publish","type":"product","link":"https:\/\/topprixsarl.ch\/de\/product\/feuille-de-plastification-fellowes-a6-2-x-125-microns-brillant-100-unites\/","title":{"rendered":"Feuille de plastification Fellowes A6, 2 x 125\u00a0microns, brillant, 100\u00a0unit\u00e9s"},"content":{"rendered":"<p>Pochettes de plastification avec coins arrondis destin\u00e9es \u00e0 la plastification \u00e0 chaud.<\/p>\n<p>+ Prot\u00e8gent les documents de la salet\u00e9, l\u2019usure, l\u2019humidit\u00e9 <\/p>\n<p>+ Leur conf\u00e8rent un aspect professionnel.<\/p>\n<p>Preis pro Packung. <\/p>\n<p>*Fu\u00dfnoten.<\/p>","protected":false},"excerpt":{"rendered":"<p>Pochettes de plastification avec coins arrondis destin\u00e9es \u00e0 la plastification \u00e0 chaud. Prot\u00e8gent les documents de la salet\u00e9, l\u2019usure, l\u2019humidit\u00e9 et leur conf\u00e8rent un aspect professionnel. Prix par emballage.<\/p>","protected":false},"featured_media":30650,"comment_status":"open","ping_status":"closed","template":"","meta":[],"product_brand":[],"product_cat":[137],"product_tag":[],"class_list":{"0":"post-30651","1":"product","2":"type-product","3":"status-publish","4":"has-post-thumbnail","6":"product_cat-article-offic","8":"first","9":"instock","10":"shipping-taxable","11":"purchasable","12":"product-type-simple"},"_links":{"self":[{"href":"https:\/\/topprixsarl.ch\/de\/wp-json\/wp\/v2\/product\/30651","targetHints":{"allow":["GET"]}}],"collection":[{"href":"https:\/\/topprixsarl.ch\/de\/wp-json\/wp\/v2\/product"}],"about":[{"href":"https:\/\/topprixsarl.ch\/de\/wp-json\/wp\/v2\/types\/product"}],"replies":[{"embeddable":true,"href":"https:\/\/topprixsarl.ch\/de\/wp-json\/wp\/v2\/comments?post=30651"}],"version-history":[{"count":2,"href":"https:\/\/topprixsarl.ch\/de\/wp-json\/wp\/v2\/product\/30651\/revisions"}],"predecessor-version":[{"id":32655,"href":"https:\/\/topprixsarl.ch\/de\/wp-json\/wp\/v2\/product\/30651\/revisions\/32655"}],"wp:featuredmedia":[{"embeddable":true,"href":"https:\/\/topprixsarl.ch\/de\/wp-json\/wp\/v2\/media\/30650"}],"wp:attachment":[{"href":"https:\/\/topprixsarl.ch\/de\/wp-json\/wp\/v2\/media?parent=30651"}],"wp:term":[{"taxonomy":"product_brand","embeddable":true,"href":"https:\/\/topprixsarl.ch\/de\/wp-json\/wp\/v2\/product_brand?post=30651"},{"taxonomy":"product_cat","embeddable":true,"href":"https:\/\/topprixsarl.ch\/de\/wp-json\/wp\/v2\/product_cat?post=30651"},{"taxonomy":"product_tag","embeddable":true,"href":"https:\/\/topprixsarl.ch\/de\/wp-json\/wp\/v2\/product_tag?post=30651"}],"curies":[{"name":"wp","href":"https:\/\/api.w.org\/{rel}","templated":true}]}}