{"id":30649,"date":"2026-01-09T13:57:18","date_gmt":"2026-01-09T13:57:18","guid":{"rendered":"https:\/\/topprixsarl.ch\/product\/essuie-mains-plie-kleenex-6789-2-plis-v-blanc-15-paquets-x-186-feuilles\/"},"modified":"2026-04-11T01:25:16","modified_gmt":"2026-04-11T01:25:16","slug":"essuie-mains-plie-kleenex-6789-2-plis-v-blanc-15-paquets-x-186-feuilles","status":"publish","type":"product","link":"https:\/\/topprixsarl.ch\/de\/product\/essuie-mains-plie-kleenex-6789-2-plis-v-blanc-15-paquets-x-186-feuilles\/","title":{"rendered":"Essuie-mains pli\u00e9 Kleenex 6789 &#8211; 2 plis V &#8211; blanc &#8211; 15 paquets x 186 feuilles"},"content":{"rendered":"<p>S\u00e9chez et nettoyez vos mains avec une seule serviette en papier.<\/p>\n<p>Nous allons souvent dans la salle de repos ou la cuisine pour diverses raisons. Parfois, nous voulons juste faire une pause pour prendre un caf\u00e9 ou une tasse de th\u00e9. Il est alors imp\u00e9ratif que nous nous lavions soigneusement les mains pour maintenir un haut niveau d&rsquo;hygi\u00e8ne. <\/p>\n<p>Mais imaginez que vous deviez utiliser des serviettes m\u00e9diocres. Plusieurs serviettes vous seront alors n\u00e9cessaires. Si les serviettes auraient pu sembler \u00eatre un bon choix au d\u00e9but, leur consommation accrue et leur mauvaise fonctionnalit\u00e9 entra\u00eenent une augmentation des co\u00fbts.<\/p>\n<p>Cependant, avec les serviettes Kleenex Ultra pli\u00e9es, vous avez des serviettes de qualit\u00e9 \u00e0 un excellent prix. <\/p>\n<p>+ Mat\u00e9riau Airflex durable offrant une haute r\u00e9sistance \u00e0 la traction, ce qui signifie qu&rsquo;elles ne se d\u00e9chirent pas m\u00eame mouill\u00e9es. <\/p>\n<p>+ Super absorption du papier deux plis, ce qui signifie qu&rsquo;une seule serviette est n\u00e9cessaire \u00e0 chaque fois. <\/p>\n<p>+ Pratiques et sans danger pour les aliments, vous pouvez donc les utiliser pour nettoyer les surfaces de la cuisine et essuyer des fruits. <\/p>\n<p>Leur haute performance r\u00e9duit leur consommation, ce qui permet d&rsquo;\u00e9conomiser temps et argent.<\/p>\n<p>Choisissez des serviettes pr\u00e9sentant de nombreux avantages!<\/p>","protected":false},"excerpt":{"rendered":"<p>S\u00e9chez et nettoyez vos mains avec une seule serviette ne papierNous allons souvent dans la salle de repos ou la cuisine pour diverses raisons. Parfois, nous voulons juste faire une pause pour prendre un caf\u00e9 ou une tasse de th\u00e9. Il est alors imp\u00e9rati<\/p>","protected":false},"featured_media":30648,"comment_status":"open","ping_status":"closed","template":"","meta":[],"product_brand":[],"product_cat":[143],"product_tag":[],"class_list":{"0":"post-30649","1":"product","2":"type-product","3":"status-publish","4":"has-post-thumbnail","6":"product_cat-nettoyage","8":"first","9":"instock","10":"shipping-taxable","11":"purchasable","12":"product-type-simple"},"_links":{"self":[{"href":"https:\/\/topprixsarl.ch\/de\/wp-json\/wp\/v2\/product\/30649","targetHints":{"allow":["GET"]}}],"collection":[{"href":"https:\/\/topprixsarl.ch\/de\/wp-json\/wp\/v2\/product"}],"about":[{"href":"https:\/\/topprixsarl.ch\/de\/wp-json\/wp\/v2\/types\/product"}],"replies":[{"embeddable":true,"href":"https:\/\/topprixsarl.ch\/de\/wp-json\/wp\/v2\/comments?post=30649"}],"version-history":[{"count":2,"href":"https:\/\/topprixsarl.ch\/de\/wp-json\/wp\/v2\/product\/30649\/revisions"}],"predecessor-version":[{"id":32654,"href":"https:\/\/topprixsarl.ch\/de\/wp-json\/wp\/v2\/product\/30649\/revisions\/32654"}],"wp:featuredmedia":[{"embeddable":true,"href":"https:\/\/topprixsarl.ch\/de\/wp-json\/wp\/v2\/media\/30648"}],"wp:attachment":[{"href":"https:\/\/topprixsarl.ch\/de\/wp-json\/wp\/v2\/media?parent=30649"}],"wp:term":[{"taxonomy":"product_brand","embeddable":true,"href":"https:\/\/topprixsarl.ch\/de\/wp-json\/wp\/v2\/product_brand?post=30649"},{"taxonomy":"product_cat","embeddable":true,"href":"https:\/\/topprixsarl.ch\/de\/wp-json\/wp\/v2\/product_cat?post=30649"},{"taxonomy":"product_tag","embeddable":true,"href":"https:\/\/topprixsarl.ch\/de\/wp-json\/wp\/v2\/product_tag?post=30649"}],"curies":[{"name":"wp","href":"https:\/\/api.w.org\/{rel}","templated":true}]}}