{"id":30645,"date":"2026-01-09T13:56:47","date_gmt":"2026-01-09T13:56:47","guid":{"rendered":"https:\/\/topprixsarl.ch\/product\/elastique-large-150-x-5-mm-sac-de-500-g\/"},"modified":"2026-01-14T14:20:16","modified_gmt":"2026-01-14T14:20:16","slug":"elastique-large-150-x-5-mm-sac-de-500-g","status":"publish","type":"product","link":"https:\/\/topprixsarl.ch\/de\/product\/elastique-large-150-x-5-mm-sac-de-500-g\/","title":{"rendered":"Gummiband breit- 150 x 5 mm- Beutel 500 g"},"content":{"rendered":"<p>Une bonne organisation et c&rsquo;est d\u00e9j\u00e0 la moiti\u00e9 de fait. <\/p>\n<p>Le moment est venu pour vous aussi de mettre fin au chaos qui r\u00e8gne dans votre tiroir de bureau? Avec les bandes en caoutchouc de la marque, vous disposez d&rsquo;un accessoire pr\u00e9cieux. Vous pouvez ainsi rem\u00e9dier au d\u00e9sordre en un tournemain. <\/p>\n<p>+ Bandes tr\u00e8s \u00e9lastiques permettant d&rsquo;attacher ensemble de mani\u00e8re fiable des objets de diff\u00e9rents diam\u00e8tres. <\/p>\n<p>De plus, ces petits accessoires pr\u00e9sentent l&rsquo;avantage d&rsquo;\u00eatre durables et peuvent donc \u00eatre r\u00e9utilis\u00e9s fr\u00e9quemment. <\/p>\n<p>+ Mat\u00e9riau en caoutchouc tr\u00e8s r\u00e9sistant assurant une longue dur\u00e9e de vie. <\/p>\n<p>Gr\u00e2ce \u00e0 sa couleur marron, il est \u00e9galement sobre et s&rsquo;adapte bien \u00e0 tous les contextes. <\/p>\n<p>+ Diam\u00e8tre de 95 mm pour une taille pratique. <\/p>\n<p>Avec 240 articles dans chaque paquet, vous aurez une r\u00e9serve qui durera longtemps. <\/p>\n<p>Fini le d\u00e9sordre, les \u00e9lastiques sont l\u00e0! Gr\u00e2ce aux bandes en caoutchouc tr\u00e8s r\u00e9sistantes de la marque, vous pouvez rapidement faire de l&rsquo;ordre. <\/p>\n<p>+ Attachez les diff\u00e9rents ustensiles ensemble en un rien de temps et faites du rangement! <\/p>\n<p>*Notes de bas de page*<\/p>","protected":false},"excerpt":{"rendered":"<p>Une bonne organisation et c&rsquo;est d\u00e9j\u00e0 la moiti\u00e9 de fait Le moment est venu pour vous aussi de mettre fin au chaos qui r\u00e8gne dans votre tiroir de bureau? Avec les bandes en caoutchouc de la marque, vous disposez d&rsquo;un accessoire pr\u00e9cieux. Vous po<\/p>","protected":false},"featured_media":30644,"comment_status":"open","ping_status":"closed","template":"","meta":[],"product_brand":[],"product_cat":[142],"product_tag":[],"class_list":{"0":"post-30645","1":"product","2":"type-product","3":"status-publish","4":"has-post-thumbnail","6":"product_cat-entretien","8":"first","9":"instock","10":"shipping-taxable","11":"purchasable","12":"product-type-simple"},"_links":{"self":[{"href":"https:\/\/topprixsarl.ch\/de\/wp-json\/wp\/v2\/product\/30645","targetHints":{"allow":["GET"]}}],"collection":[{"href":"https:\/\/topprixsarl.ch\/de\/wp-json\/wp\/v2\/product"}],"about":[{"href":"https:\/\/topprixsarl.ch\/de\/wp-json\/wp\/v2\/types\/product"}],"replies":[{"embeddable":true,"href":"https:\/\/topprixsarl.ch\/de\/wp-json\/wp\/v2\/comments?post=30645"}],"version-history":[{"count":3,"href":"https:\/\/topprixsarl.ch\/de\/wp-json\/wp\/v2\/product\/30645\/revisions"}],"predecessor-version":[{"id":33313,"href":"https:\/\/topprixsarl.ch\/de\/wp-json\/wp\/v2\/product\/30645\/revisions\/33313"}],"wp:featuredmedia":[{"embeddable":true,"href":"https:\/\/topprixsarl.ch\/de\/wp-json\/wp\/v2\/media\/30644"}],"wp:attachment":[{"href":"https:\/\/topprixsarl.ch\/de\/wp-json\/wp\/v2\/media?parent=30645"}],"wp:term":[{"taxonomy":"product_brand","embeddable":true,"href":"https:\/\/topprixsarl.ch\/de\/wp-json\/wp\/v2\/product_brand?post=30645"},{"taxonomy":"product_cat","embeddable":true,"href":"https:\/\/topprixsarl.ch\/de\/wp-json\/wp\/v2\/product_cat?post=30645"},{"taxonomy":"product_tag","embeddable":true,"href":"https:\/\/topprixsarl.ch\/de\/wp-json\/wp\/v2\/product_tag?post=30645"}],"curies":[{"name":"wp","href":"https:\/\/api.w.org\/{rel}","templated":true}]}}