{"id":30631,"date":"2026-01-09T13:54:50","date_gmt":"2026-01-09T13:54:50","guid":{"rendered":"https:\/\/topprixsarl.ch\/product\/set-wc-cep-rossignol-inox\/"},"modified":"2026-01-14T14:20:17","modified_gmt":"2026-01-14T14:20:17","slug":"set-wc-cep-rossignol-inox","status":"publish","type":"product","link":"https:\/\/topprixsarl.ch\/de\/product\/set-wc-cep-rossignol-inox\/","title":{"rendered":"Set WC Cep Rossignol &#8211; inox"},"content":{"rendered":"<p>Une brosse \u00e9l\u00e9gante pour des toilettes \u00e9l\u00e9gantes<\/p>\n<p>Les toilettes doivent \u00eatre nettoy\u00e9es apr\u00e8s chaque visite, sans qu&rsquo;il n\u2019y ait de d\u00e9p\u00f4ts de calcaire et de sel, ce qui r\u00e9duit la dur\u00e9e de vie de la cuvette et est peu esth\u00e9tique. Quand on pense au co\u00fbt de toilettes neufs, on se rend compte de l&rsquo;importance d&rsquo;un entretien correct. Mais les vieilles brosses sales ne donnent pas envie de nettoyer. <\/p>\n<p>Rossignol a d\u00e9velopp\u00e9 une brosse de toilette pour r\u00e9soudre ce probl\u00e8me. <\/p>\n<p>+ Design \u00e9l\u00e9gant qui s&rsquo;adapte \u00e0 tous les styles de toilettes<br \/>\n+ Fabriqu\u00e9e en acier inoxydable, alliant attrait esth\u00e9tique et praticit\u00e9<br \/>\n+ Facile \u00e0 nettoyer, ne rouille pas et ne vieillit pas mal<br \/>\n+ Large base offrant une excellente stabilit\u00e9<br \/>\n+ Poign\u00e9e confortable en plastique pour une prise en main s\u00fbre<br \/>\n+ Base dissimulant compl\u00e8tement la brosse pour pr\u00e9server l&rsquo;esth\u00e9tique int\u00e9rieure  <\/p>\n<p>\u00c9quipez vos toilettes d&rsquo;accessoires \u00e9l\u00e9gants!<\/p>","protected":false},"excerpt":{"rendered":"<p>Une brosse \u00e9l\u00e9gante pour des toilettes \u00e9l\u00e9gants Les toilettes doivent \u00eatre nettoy\u00e9es apr\u00e8s chaque visite, sans qu&rsquo;il n\u2019y ait de d\u00e9p\u00f4ts de calcaire et de sel, ce qui r\u00e9duit la dur\u00e9e de vie de la cuvette et est peu esth\u00e9tique. Quand on pense au co\u00fbt de<\/p>","protected":false},"featured_media":30630,"comment_status":"open","ping_status":"closed","template":"","meta":[],"product_brand":[],"product_cat":[143],"product_tag":[],"class_list":{"0":"post-30631","1":"product","2":"type-product","3":"status-publish","4":"has-post-thumbnail","6":"product_cat-nettoyage","8":"first","9":"instock","10":"shipping-taxable","11":"purchasable","12":"product-type-simple"},"_links":{"self":[{"href":"https:\/\/topprixsarl.ch\/de\/wp-json\/wp\/v2\/product\/30631","targetHints":{"allow":["GET"]}}],"collection":[{"href":"https:\/\/topprixsarl.ch\/de\/wp-json\/wp\/v2\/product"}],"about":[{"href":"https:\/\/topprixsarl.ch\/de\/wp-json\/wp\/v2\/types\/product"}],"replies":[{"embeddable":true,"href":"https:\/\/topprixsarl.ch\/de\/wp-json\/wp\/v2\/comments?post=30631"}],"version-history":[{"count":2,"href":"https:\/\/topprixsarl.ch\/de\/wp-json\/wp\/v2\/product\/30631\/revisions"}],"predecessor-version":[{"id":32644,"href":"https:\/\/topprixsarl.ch\/de\/wp-json\/wp\/v2\/product\/30631\/revisions\/32644"}],"wp:featuredmedia":[{"embeddable":true,"href":"https:\/\/topprixsarl.ch\/de\/wp-json\/wp\/v2\/media\/30630"}],"wp:attachment":[{"href":"https:\/\/topprixsarl.ch\/de\/wp-json\/wp\/v2\/media?parent=30631"}],"wp:term":[{"taxonomy":"product_brand","embeddable":true,"href":"https:\/\/topprixsarl.ch\/de\/wp-json\/wp\/v2\/product_brand?post=30631"},{"taxonomy":"product_cat","embeddable":true,"href":"https:\/\/topprixsarl.ch\/de\/wp-json\/wp\/v2\/product_cat?post=30631"},{"taxonomy":"product_tag","embeddable":true,"href":"https:\/\/topprixsarl.ch\/de\/wp-json\/wp\/v2\/product_tag?post=30631"}],"curies":[{"name":"wp","href":"https:\/\/api.w.org\/{rel}","templated":true}]}}