{"id":30625,"date":"2026-01-09T13:54:03","date_gmt":"2026-01-09T13:54:03","guid":{"rendered":"https:\/\/topprixsarl.ch\/product\/roller-pilot-frixion-clicker-retractable-effacable-pointe-moyenne-bleu\/"},"modified":"2026-01-14T14:20:17","modified_gmt":"2026-01-14T14:20:17","slug":"roller-pilot-frixion-clicker-retractable-effacable-pointe-moyenne-bleu","status":"publish","type":"product","link":"https:\/\/topprixsarl.ch\/de\/product\/roller-pilot-frixion-clicker-retractable-effacable-pointe-moyenne-bleu\/","title":{"rendered":"Roller Pilot Frixion Clicker &#8211; r\u00e9tractable &#8211; effa\u00e7able &#8211; pointe moyenne &#8211; bleu"},"content":{"rendered":"<p>Am\u00e9liorer la calligraphie avec du style<\/p>\n<p>Il n&rsquo;est pas facile de trouver un stylo qui ait un design unique et \u00e9crit bien. Mais Pilot Frixion Clicker pourrait bien avoir toutes ces caract\u00e9ristiques, et bien plus encore.<\/p>\n<p>+ Stylo roller gel de 0,7 mm<\/p>\n<p>+ Am\u00e9liore votre calligraphie<\/p>\n<p>+ Adapt\u00e9 \u00e0 un usage quotidien<\/p>\n<p>+ Outil d&rsquo;\u00e9criture simple<\/p>\n<p>C&rsquo;est tout simplement la meilleure option pour faire face \u00e0 vos t\u00e2ches quotidiennes au bureau. <\/p>\n<p>Am\u00e9liorez votre \u00e9criture d\u00e8s aujourd&rsquo;hui!<\/p>","protected":false},"excerpt":{"rendered":"<p>Am\u00e9liorer la calligraphie avec du style Il n&rsquo;est pas facile de trouver un stylo qui ait un design unique et \u00e9crit bien. Mais Pilot Frixion Clicker pourrait bien avoir toutes ces caract\u00e9ristiques, et bien plus encore.Ce stylo roller gel, 0,7 mm, am\u00e9li<\/p>","protected":false},"featured_media":30624,"comment_status":"open","ping_status":"closed","template":"","meta":[],"product_brand":[],"product_cat":[137],"product_tag":[],"class_list":{"0":"post-30625","1":"product","2":"type-product","3":"status-publish","4":"has-post-thumbnail","6":"product_cat-article-offic","8":"first","9":"instock","10":"shipping-taxable","11":"purchasable","12":"product-type-simple"},"_links":{"self":[{"href":"https:\/\/topprixsarl.ch\/de\/wp-json\/wp\/v2\/product\/30625","targetHints":{"allow":["GET"]}}],"collection":[{"href":"https:\/\/topprixsarl.ch\/de\/wp-json\/wp\/v2\/product"}],"about":[{"href":"https:\/\/topprixsarl.ch\/de\/wp-json\/wp\/v2\/types\/product"}],"replies":[{"embeddable":true,"href":"https:\/\/topprixsarl.ch\/de\/wp-json\/wp\/v2\/comments?post=30625"}],"version-history":[{"count":2,"href":"https:\/\/topprixsarl.ch\/de\/wp-json\/wp\/v2\/product\/30625\/revisions"}],"predecessor-version":[{"id":32641,"href":"https:\/\/topprixsarl.ch\/de\/wp-json\/wp\/v2\/product\/30625\/revisions\/32641"}],"wp:featuredmedia":[{"embeddable":true,"href":"https:\/\/topprixsarl.ch\/de\/wp-json\/wp\/v2\/media\/30624"}],"wp:attachment":[{"href":"https:\/\/topprixsarl.ch\/de\/wp-json\/wp\/v2\/media?parent=30625"}],"wp:term":[{"taxonomy":"product_brand","embeddable":true,"href":"https:\/\/topprixsarl.ch\/de\/wp-json\/wp\/v2\/product_brand?post=30625"},{"taxonomy":"product_cat","embeddable":true,"href":"https:\/\/topprixsarl.ch\/de\/wp-json\/wp\/v2\/product_cat?post=30625"},{"taxonomy":"product_tag","embeddable":true,"href":"https:\/\/topprixsarl.ch\/de\/wp-json\/wp\/v2\/product_tag?post=30625"}],"curies":[{"name":"wp","href":"https:\/\/api.w.org\/{rel}","templated":true}]}}