{"id":30619,"date":"2026-01-09T13:53:18","date_gmt":"2026-01-09T13:53:18","guid":{"rendered":"https:\/\/topprixsarl.ch\/product\/poubelle-a-pedale-en-metal-cep-rossignol-5-l-blanche\/"},"modified":"2026-01-14T14:20:18","modified_gmt":"2026-01-14T14:20:18","slug":"poubelle-a-pedale-en-metal-cep-rossignol-5-l-blanche","status":"publish","type":"product","link":"https:\/\/topprixsarl.ch\/de\/product\/poubelle-a-pedale-en-metal-cep-rossignol-5-l-blanche\/","title":{"rendered":"Poubelle \u00e0 p\u00e9dale en m\u00e9tal CEP Rossignol &#8211; 5 L &#8211; blanche"},"content":{"rendered":"<p>D&rsquo;un simple mouvement du pied, les d\u00e9chets disparaissent. <\/p>\n<p>Les d\u00e9chets sont source de bact\u00e9ries et d&rsquo;infections. Vous devez donc attentivement contr\u00f4ler la propret\u00e9 de votre cuisine ou de votre lieu de travail, en jetant r\u00e9guli\u00e8rement le papier m\u00e9nage, les serviettes et emballages alimentaires usag\u00e9s. Mais, il est difficile d\u2019utiliser une poubelle sans se salir les mains. <\/p>\n<p>+ **Facilit\u00e9 d&rsquo;utilisation** : Elle est dot\u00e9e d\u2019un couvercle standard que vous devez soulever et votre main entre en contact avec des bact\u00e9ries nocives. C\u2019est fini avec la poubelle \u00e0 p\u00e9dale Rossignol. <\/p>\n<p>+ **Confort** : Pour plus de commodit\u00e9, il suffit d\u2019appuyer sur la p\u00e9dale sp\u00e9ciale pour ouvrir le couvercle. Ne touchez plus le couvercle potentiellement contamin\u00e9, d\u00e9tendez-vous sans penser \u00e0 vous laver les mains toutes les cinq minutes. <\/p>\n<p>+ **Design compact** : Compacte, la poubelle peut \u00eatre plac\u00e9e n&rsquo;importe o\u00f9 sans g\u00eaner les autres. <\/p>\n<p>+ **Esth\u00e9tique et durabilit\u00e9** : Contrairement \u00e0 la plupart de ses homologues, la poubelle \u00e0 p\u00e9dale Rossignol s\u00e9duit par ses formes et ses lignes \u00e9l\u00e9gantes. Le design s&rsquo;adapte \u00e0 tout int\u00e9rieur, mais en plus de l\u2019aspect, Rossignol a aussi pens\u00e9 \u00e0 la long\u00e9vit\u00e9 et \u00e0 la fonctionnalit\u00e9. C&rsquo;est dans cet esprit qu\u2019il l\u2019a construite dans des mat\u00e9riaux durables, pour qu\u2019elle garde longtemps sa fonctionnalit\u00e9. <\/p>\n<p>\u00c9vitez tout contact avec la poubelle lorsque vous jetez des ordures!*<\/p>","protected":false},"excerpt":{"rendered":"<p>D&rsquo;un simple mouvement du pied, les d\u00e9chets disparaissent Les d\u00e9chets sont source de bact\u00e9ries et d&rsquo;infections. Vous devez donc attentivement contr\u00f4ler la propret\u00e9 de votre cuisine ou de votre lieu de travail, en jetant r\u00e9guli\u00e8rement le papier m\u00e9nage,<\/p>","protected":false},"featured_media":30618,"comment_status":"open","ping_status":"closed","template":"","meta":[],"product_brand":[],"product_cat":[143],"product_tag":[],"class_list":{"0":"post-30619","1":"product","2":"type-product","3":"status-publish","4":"has-post-thumbnail","6":"product_cat-nettoyage","8":"first","9":"instock","10":"shipping-taxable","11":"purchasable","12":"product-type-simple"},"_links":{"self":[{"href":"https:\/\/topprixsarl.ch\/de\/wp-json\/wp\/v2\/product\/30619","targetHints":{"allow":["GET"]}}],"collection":[{"href":"https:\/\/topprixsarl.ch\/de\/wp-json\/wp\/v2\/product"}],"about":[{"href":"https:\/\/topprixsarl.ch\/de\/wp-json\/wp\/v2\/types\/product"}],"replies":[{"embeddable":true,"href":"https:\/\/topprixsarl.ch\/de\/wp-json\/wp\/v2\/comments?post=30619"}],"version-history":[{"count":2,"href":"https:\/\/topprixsarl.ch\/de\/wp-json\/wp\/v2\/product\/30619\/revisions"}],"predecessor-version":[{"id":32638,"href":"https:\/\/topprixsarl.ch\/de\/wp-json\/wp\/v2\/product\/30619\/revisions\/32638"}],"wp:featuredmedia":[{"embeddable":true,"href":"https:\/\/topprixsarl.ch\/de\/wp-json\/wp\/v2\/media\/30618"}],"wp:attachment":[{"href":"https:\/\/topprixsarl.ch\/de\/wp-json\/wp\/v2\/media?parent=30619"}],"wp:term":[{"taxonomy":"product_brand","embeddable":true,"href":"https:\/\/topprixsarl.ch\/de\/wp-json\/wp\/v2\/product_brand?post=30619"},{"taxonomy":"product_cat","embeddable":true,"href":"https:\/\/topprixsarl.ch\/de\/wp-json\/wp\/v2\/product_cat?post=30619"},{"taxonomy":"product_tag","embeddable":true,"href":"https:\/\/topprixsarl.ch\/de\/wp-json\/wp\/v2\/product_tag?post=30619"}],"curies":[{"name":"wp","href":"https:\/\/api.w.org\/{rel}","templated":true}]}}