{"id":30615,"date":"2026-01-09T13:52:39","date_gmt":"2026-01-09T13:52:39","guid":{"rendered":"https:\/\/topprixsarl.ch\/product\/lignettes-industriel-tork-heavy-duty-wiping-paper-w1-le-rouleau-de-750-feuilles\/"},"modified":"2026-01-14T14:20:18","modified_gmt":"2026-01-14T14:20:18","slug":"lignettes-industriel-tork-heavy-duty-wiping-paper-w1-le-rouleau-de-750-feuilles","status":"publish","type":"product","link":"https:\/\/topprixsarl.ch\/de\/product\/lignettes-industriel-tork-heavy-duty-wiping-paper-w1-le-rouleau-de-750-feuilles\/","title":{"rendered":"Lignettes industriel Tork Heavy Duty Wiping Paper W1, le rouleau de 750 feuilles"},"content":{"rendered":"<p>Un travail solide &#8211; une serviette en papier solide<\/p>\n<p>Oh non! Cela arrive vite: un liquide est renvers\u00e9. Pour un verre, vous pouvez vous servir de serviettes normales ou de linges \u00e0 s\u00e9cher provenant des toilettes. Mais si un seau entier de peinture, de liquides huileux ou autre est renvers\u00e9, il vous faut plus que des serviettes ou des essuie-mains. <\/p>\n<p>Pour ces cas, il existe ce rouleau de lingettes W1 de Tork. <\/p>\n<p>+ Produit compos\u00e9 de trois couches pour un confort d&rsquo;utilisation accru. <\/p>\n<p>+ Mati\u00e8re premi\u00e8re extr\u00eamement absorbante, adapt\u00e9e aux huiles, graisses, lubrifiants et salissures gr\u00e2ce \u00e0 son tissu r\u00e9sistant. <\/p>\n<p>+ Chiffons individuels solides m\u00eame lorsqu&rsquo;ils sont humides et r\u00e9utilisables si le degr\u00e9 de salissure le permet. <\/p>\n<p>+ Papier facile \u00e0 arracher, m\u00eame d&rsquo;une seule main, prot\u00e9geant \u00e9galement les mains de la chaleur, des pi\u00e8ces m\u00e9talliques coupantes ou des \u00e9clats. <\/p>\n<p>+ S&rsquo;adapte aux distributeurs Tork sur pied et muraux. <\/p>\n<p>+ Certifi\u00e9 par le label \u00e9cologique de l&rsquo;UE et le FSC, respectueux de l&rsquo;environnement. <\/p>\n<p>\u00c9liminez les salet\u00e9s lourdes en passant un coup de chiffon fort!<\/p>","protected":false},"excerpt":{"rendered":"<p>Un travail solide &#8211; une serviette en papier solide Oh non! Cela arrive vite: un liquide est renvers\u00e9. Pour un verre, vous pouvez vous servir de serviettes normales ou de linges \u00e0 s\u00e9cher provenant des toilettes. Mais si un seau entier de peinture, de <\/p>","protected":false},"featured_media":30614,"comment_status":"open","ping_status":"closed","template":"","meta":[],"product_brand":[],"product_cat":[137],"product_tag":[],"class_list":{"0":"post-30615","1":"product","2":"type-product","3":"status-publish","4":"has-post-thumbnail","6":"product_cat-papier","8":"first","9":"instock","10":"shipping-taxable","11":"purchasable","12":"product-type-simple"},"_links":{"self":[{"href":"https:\/\/topprixsarl.ch\/de\/wp-json\/wp\/v2\/product\/30615","targetHints":{"allow":["GET"]}}],"collection":[{"href":"https:\/\/topprixsarl.ch\/de\/wp-json\/wp\/v2\/product"}],"about":[{"href":"https:\/\/topprixsarl.ch\/de\/wp-json\/wp\/v2\/types\/product"}],"replies":[{"embeddable":true,"href":"https:\/\/topprixsarl.ch\/de\/wp-json\/wp\/v2\/comments?post=30615"}],"version-history":[{"count":2,"href":"https:\/\/topprixsarl.ch\/de\/wp-json\/wp\/v2\/product\/30615\/revisions"}],"predecessor-version":[{"id":32635,"href":"https:\/\/topprixsarl.ch\/de\/wp-json\/wp\/v2\/product\/30615\/revisions\/32635"}],"wp:featuredmedia":[{"embeddable":true,"href":"https:\/\/topprixsarl.ch\/de\/wp-json\/wp\/v2\/media\/30614"}],"wp:attachment":[{"href":"https:\/\/topprixsarl.ch\/de\/wp-json\/wp\/v2\/media?parent=30615"}],"wp:term":[{"taxonomy":"product_brand","embeddable":true,"href":"https:\/\/topprixsarl.ch\/de\/wp-json\/wp\/v2\/product_brand?post=30615"},{"taxonomy":"product_cat","embeddable":true,"href":"https:\/\/topprixsarl.ch\/de\/wp-json\/wp\/v2\/product_cat?post=30615"},{"taxonomy":"product_tag","embeddable":true,"href":"https:\/\/topprixsarl.ch\/de\/wp-json\/wp\/v2\/product_tag?post=30615"}],"curies":[{"name":"wp","href":"https:\/\/api.w.org\/{rel}","templated":true}]}}