{"id":30607,"date":"2026-01-09T13:51:39","date_gmt":"2026-01-09T13:51:39","guid":{"rendered":"https:\/\/topprixsarl.ch\/product\/solution-oculaire-sterile-cederroth-725200-500-ml-pack-de-2\/"},"modified":"2026-01-14T14:20:18","modified_gmt":"2026-01-14T14:20:18","slug":"solution-oculaire-sterile-cederroth-725200-500-ml-pack-de-2","status":"publish","type":"product","link":"https:\/\/topprixsarl.ch\/de\/product\/solution-oculaire-sterile-cederroth-725200-500-ml-pack-de-2\/","title":{"rendered":"Solution oculaire st\u00e9rile Cederroth 725200 &#8211; 500 ml &#8211; pack de 2"},"content":{"rendered":"<p>2 flacons x 500 ml de solution isotonique de chlorure de sodium tamponn\u00e9e et st\u00e9rile. Sans conservateur. \u00c0 usage unique.<\/p>\n<p>+ Effet de dilution et de rin\u00e7age de la substance dangereuse, la douche oculaire tamponn\u00e9e Cederroth a aussi un effet neutralisant sur les projections basiques ou acides.<\/p>\n<p>+ Une solution de rin\u00e7age non tamponn\u00e9e agit uniquement en diluant et en rin\u00e7ant l\u2019acide ou la base, ce qui n\u00e9cessite une plus grande quantit\u00e9 de liquide et par cons\u00e9quent une dur\u00e9e de rin\u00e7age plus longue.<\/p>\n<p>+ Vous pouvez rincer en toute s\u00e9curit\u00e9 avec Cederroth Eye Wash car il est 100% sans phosphate.<\/p>\n<p>+ La Douche oculaire Cederroth d\u00e9livre un d\u00e9bit important de liquide. L\u2019\u0153ill\u00e8re est con\u00e7ue pour diriger le liquide vers l\u2019\u0153il en \u00e9vitant les pertes inutiles et permet aussi de maintenir l\u2019\u0153il ouvert.<\/p>\n<p>+ Dur\u00e9e de conservation : 4,5 ans.<\/p>\n<p>+ Dimensions : \u00d8 6,6 cm x H 23,5 cm.<\/p>","protected":false},"excerpt":{"rendered":"<p>2 flacons x 500 ml de solution isotonique de chlorure de sodium tamponn\u00e9e et st\u00e9rile. Sans conservateur. \u00c0 usage unique.- Effet de dilution et de rin\u00e7age de la substance dangereuse, la douche oculaire tamponn\u00e9e Cederroth a aussi un effet neutralisant<\/p>","protected":false},"featured_media":30606,"comment_status":"open","ping_status":"closed","template":"","meta":[],"product_brand":[],"product_cat":[143],"product_tag":[],"class_list":{"0":"post-30607","1":"product","2":"type-product","3":"status-publish","4":"has-post-thumbnail","6":"product_cat-nettoyage","8":"first","9":"instock","10":"shipping-taxable","11":"purchasable","12":"product-type-simple"},"_links":{"self":[{"href":"https:\/\/topprixsarl.ch\/de\/wp-json\/wp\/v2\/product\/30607","targetHints":{"allow":["GET"]}}],"collection":[{"href":"https:\/\/topprixsarl.ch\/de\/wp-json\/wp\/v2\/product"}],"about":[{"href":"https:\/\/topprixsarl.ch\/de\/wp-json\/wp\/v2\/types\/product"}],"replies":[{"embeddable":true,"href":"https:\/\/topprixsarl.ch\/de\/wp-json\/wp\/v2\/comments?post=30607"}],"version-history":[{"count":2,"href":"https:\/\/topprixsarl.ch\/de\/wp-json\/wp\/v2\/product\/30607\/revisions"}],"predecessor-version":[{"id":32631,"href":"https:\/\/topprixsarl.ch\/de\/wp-json\/wp\/v2\/product\/30607\/revisions\/32631"}],"wp:featuredmedia":[{"embeddable":true,"href":"https:\/\/topprixsarl.ch\/de\/wp-json\/wp\/v2\/media\/30606"}],"wp:attachment":[{"href":"https:\/\/topprixsarl.ch\/de\/wp-json\/wp\/v2\/media?parent=30607"}],"wp:term":[{"taxonomy":"product_brand","embeddable":true,"href":"https:\/\/topprixsarl.ch\/de\/wp-json\/wp\/v2\/product_brand?post=30607"},{"taxonomy":"product_cat","embeddable":true,"href":"https:\/\/topprixsarl.ch\/de\/wp-json\/wp\/v2\/product_cat?post=30607"},{"taxonomy":"product_tag","embeddable":true,"href":"https:\/\/topprixsarl.ch\/de\/wp-json\/wp\/v2\/product_tag?post=30607"}],"curies":[{"name":"wp","href":"https:\/\/api.w.org\/{rel}","templated":true}]}}