{"id":30605,"date":"2026-01-09T13:51:22","date_gmt":"2026-01-09T13:51:22","guid":{"rendered":"https:\/\/topprixsarl.ch\/product\/recharge-roller-pilot-frixion-point-bleue-lot-de-3\/"},"modified":"2026-01-14T14:20:18","modified_gmt":"2026-01-14T14:20:18","slug":"recharge-roller-pilot-frixion-point-bleue-lot-de-3","status":"publish","type":"product","link":"https:\/\/topprixsarl.ch\/de\/product\/recharge-roller-pilot-frixion-point-bleue-lot-de-3\/","title":{"rendered":"Recharge roller Pilot Frixion Point &#8211; bleue &#8211; lot de 3"},"content":{"rendered":"<p>Rapide \u00e0 la main, beau sur le papier<\/p>\n<p>Organisez votre bureau de mani\u00e8re plus durable gr\u00e2ce \u00e0 la cartouche de rechange roller de la marque Pilot. Cet outil discret permet de garder votre instrument d&rsquo;\u00e9criture pr\u00eat \u00e0 l&#8217;emploi et peut \u00eatre facilement ins\u00e9r\u00e9. Sa composition vous permet de travailler de mani\u00e8re durable et vous ne serez pas interrompu inutilement en plein travail. Le mieux est donc d&rsquo;en avoir toujours une en r\u00e9serve.<\/p>\n<p>+ Encre gel qui s\u00e8che rapidement pour une \u00e9criture fluide et sans bavure.<\/p>\n<p>+ Pointe aiguille offrant un grand \u00e9ventail d&rsquo;applications.<\/p>\n<p>+ Couleur bleue sobre et classique.<\/p>\n<p>Optez pour un support permettant d&rsquo;avoir une grande rentabilit\u00e9 tout en faisant peu d&rsquo;efforts! La cartouche de rechange roller de la marque Pilot permet un r\u00e9approvisionnement efficace qui garantit des flux de travail optimis\u00e9s. En outre, elle peut \u00eatre ins\u00e9r\u00e9e rapidement et est au moins aussi productive que l&rsquo;original.<\/p>\n<p>+ R\u00e9duction des achats superflus, soulageant ainsi l&rsquo;environnement et votre budget.<\/p>\n<p>Obtenez de la qualit\u00e9 en stock d\u00e8s aujourd&rsquo;hui!<\/p>","protected":false},"excerpt":{"rendered":"<p>Rapide \u00e0 la main, beau sur le papier Organisez votre bureau de mani\u00e8re plus durable gr\u00e2ce \u00e0 la cartouche de rechange roller de la marque Pilot. Cet outil discret permet de garder votre instrument d&rsquo;\u00e9criture pr\u00eat \u00e0 l&#8217;emploi et peut \u00eatre facilement ins<\/p>","protected":false},"featured_media":30604,"comment_status":"open","ping_status":"closed","template":"","meta":[],"product_brand":[],"product_cat":[137],"product_tag":[],"class_list":{"0":"post-30605","1":"product","2":"type-product","3":"status-publish","4":"has-post-thumbnail","6":"product_cat-article-offic","8":"first","9":"instock","10":"shipping-taxable","11":"purchasable","12":"product-type-simple"},"_links":{"self":[{"href":"https:\/\/topprixsarl.ch\/de\/wp-json\/wp\/v2\/product\/30605","targetHints":{"allow":["GET"]}}],"collection":[{"href":"https:\/\/topprixsarl.ch\/de\/wp-json\/wp\/v2\/product"}],"about":[{"href":"https:\/\/topprixsarl.ch\/de\/wp-json\/wp\/v2\/types\/product"}],"replies":[{"embeddable":true,"href":"https:\/\/topprixsarl.ch\/de\/wp-json\/wp\/v2\/comments?post=30605"}],"version-history":[{"count":2,"href":"https:\/\/topprixsarl.ch\/de\/wp-json\/wp\/v2\/product\/30605\/revisions"}],"predecessor-version":[{"id":32630,"href":"https:\/\/topprixsarl.ch\/de\/wp-json\/wp\/v2\/product\/30605\/revisions\/32630"}],"wp:featuredmedia":[{"embeddable":true,"href":"https:\/\/topprixsarl.ch\/de\/wp-json\/wp\/v2\/media\/30604"}],"wp:attachment":[{"href":"https:\/\/topprixsarl.ch\/de\/wp-json\/wp\/v2\/media?parent=30605"}],"wp:term":[{"taxonomy":"product_brand","embeddable":true,"href":"https:\/\/topprixsarl.ch\/de\/wp-json\/wp\/v2\/product_brand?post=30605"},{"taxonomy":"product_cat","embeddable":true,"href":"https:\/\/topprixsarl.ch\/de\/wp-json\/wp\/v2\/product_cat?post=30605"},{"taxonomy":"product_tag","embeddable":true,"href":"https:\/\/topprixsarl.ch\/de\/wp-json\/wp\/v2\/product_tag?post=30605"}],"curies":[{"name":"wp","href":"https:\/\/api.w.org\/{rel}","templated":true}]}}