{"id":30601,"date":"2026-01-09T13:50:50","date_gmt":"2026-01-09T13:50:50","guid":{"rendered":"https:\/\/topprixsarl.ch\/product\/etiquettes-avery-zweckform-ultragrip-3483-105x148-mm-blanc-paq-880-unit\/"},"modified":"2026-01-14T14:20:18","modified_gmt":"2026-01-14T14:20:18","slug":"etiquettes-avery-zweckform-ultragrip-3483-105x148-mm-blanc-paq-880-unit","status":"publish","type":"product","link":"https:\/\/topprixsarl.ch\/de\/product\/etiquettes-avery-zweckform-ultragrip-3483-105x148-mm-blanc-paq-880-unit\/","title":{"rendered":"\u00c9tiquettes Avery Zweckform ultragrip 3483, 105&#215;148 mm, blanc, paq. 880\u00a0unit."},"content":{"rendered":"<p>+ Conviennent aux imprimantes jet d\u2019encre et laser ou photocopieur<\/p>\n<p>+ Garanti sans bourrages avec une qualit\u00e9 d\u2019impression parfaite<\/p>\n<p>+ Gagnez du temps avec le logiciel gratuit facile \u00e0 utiliser<\/p>\n<p>*Fu\u00dfnoten:<br \/>\n*1. V\u00e9rifiez la compatibilit\u00e9 avec votre mod\u00e8le d&rsquo;imprimante.<br \/>\n*2. Le logiciel est disponible en t\u00e9l\u00e9chargement sur notre site.<\/p>","protected":false},"excerpt":{"rendered":"<p>\u00b7 Conviennent aux imprimantes jet d\u2019encre et laser ou photocoupieur \u00b7 Garanti sans bourrages avec une qualit\u00e9 d\u2019impression parfaite \u00b7 Gagnez du temps avec le logiciel gratuit facile \u00e0 utiliser<\/p>","protected":false},"featured_media":30600,"comment_status":"open","ping_status":"closed","template":"","meta":[],"product_brand":[],"product_cat":[137],"product_tag":[],"class_list":{"0":"post-30601","1":"product","2":"type-product","3":"status-publish","4":"has-post-thumbnail","6":"product_cat-article-offic","8":"first","9":"instock","10":"shipping-taxable","11":"purchasable","12":"product-type-simple"},"_links":{"self":[{"href":"https:\/\/topprixsarl.ch\/de\/wp-json\/wp\/v2\/product\/30601","targetHints":{"allow":["GET"]}}],"collection":[{"href":"https:\/\/topprixsarl.ch\/de\/wp-json\/wp\/v2\/product"}],"about":[{"href":"https:\/\/topprixsarl.ch\/de\/wp-json\/wp\/v2\/types\/product"}],"replies":[{"embeddable":true,"href":"https:\/\/topprixsarl.ch\/de\/wp-json\/wp\/v2\/comments?post=30601"}],"version-history":[{"count":2,"href":"https:\/\/topprixsarl.ch\/de\/wp-json\/wp\/v2\/product\/30601\/revisions"}],"predecessor-version":[{"id":32628,"href":"https:\/\/topprixsarl.ch\/de\/wp-json\/wp\/v2\/product\/30601\/revisions\/32628"}],"wp:featuredmedia":[{"embeddable":true,"href":"https:\/\/topprixsarl.ch\/de\/wp-json\/wp\/v2\/media\/30600"}],"wp:attachment":[{"href":"https:\/\/topprixsarl.ch\/de\/wp-json\/wp\/v2\/media?parent=30601"}],"wp:term":[{"taxonomy":"product_brand","embeddable":true,"href":"https:\/\/topprixsarl.ch\/de\/wp-json\/wp\/v2\/product_brand?post=30601"},{"taxonomy":"product_cat","embeddable":true,"href":"https:\/\/topprixsarl.ch\/de\/wp-json\/wp\/v2\/product_cat?post=30601"},{"taxonomy":"product_tag","embeddable":true,"href":"https:\/\/topprixsarl.ch\/de\/wp-json\/wp\/v2\/product_tag?post=30601"}],"curies":[{"name":"wp","href":"https:\/\/api.w.org\/{rel}","templated":true}]}}