{"id":30599,"date":"2026-01-09T13:50:33","date_gmt":"2026-01-09T13:50:33","guid":{"rendered":"https:\/\/topprixsarl.ch\/product\/enveloppes-elco-proclima-c4-fenetre-a-droite-120-g-m2-blanc\/"},"modified":"2026-01-14T14:20:18","modified_gmt":"2026-01-14T14:20:18","slug":"enveloppes-elco-proclima-c4-fenetre-a-droite-120-g-m2-blanc","status":"publish","type":"product","link":"https:\/\/topprixsarl.ch\/de\/product\/enveloppes-elco-proclima-c4-fenetre-a-droite-120-g-m2-blanc\/","title":{"rendered":"Enveloppes Elco proclima C4, fen\u00eatre \u00e0 droite, 120 g\/m2, blanc"},"content":{"rendered":"<p>Beaucoup de travail sans dommages \u00e0 la nature. <\/p>\n<p>Chaque jour, vous envoyez des documents aux diff\u00e9rentes succursales de l&rsquo;entreprise, qui sont situ\u00e9es dans d&rsquo;autres villes. Avez-vous d\u00e9j\u00e0 pens\u00e9 \u00e0 la quantit\u00e9 de papier utilis\u00e9e et comment une telle approche peut nuire \u00e0 la nature? <\/p>\n<p>Ne vous inqui\u00e9tez pas, pr\u00e9servez l&rsquo;environnement en utilisant les enveloppes Elco Proclima C4 Swiss qui ont re\u00e7u les certificats FSC et l\u2019Angle Bleu. <\/p>\n<p>+ Respect de l&rsquo;environnement : Leur excellent design et leur couleur extra blanche t\u00e9moignent de leur respect de l&rsquo;environnement. <\/p>\n<p>+ Mat\u00e9riaux recycl\u00e9s : Seuls des mat\u00e9riaux recycl\u00e9s ont \u00e9t\u00e9 utilis\u00e9s, ainsi vous sauvez des arbres en optant pour ce paquet de 250 enveloppes. <\/p>\n<p>+ Biod\u00e9gradabilit\u00e9 : Les composants sont biod\u00e9gradables et la colle est soluble dans l&rsquo;eau. <\/p>\n<p>Ne sacrifiez pas la qualit\u00e9, car ce produit en papier r\u00e9sistant ne se d\u00e9chire pas \u00e0 la livraison. <\/p>\n<p>+ Praticit\u00e9 : Une fen\u00eatre transparente \u00e0 droite facilite et acc\u00e9l\u00e8re le travail avec de grandes enveloppes. <\/p>\n<p>S&rsquo;il vous pla\u00eet la nature avec le bon choix!<\/p>","protected":false},"excerpt":{"rendered":"<p>Beaucoup de travail sans dommages \u00e0 la nature Chaque jour, vous envoyez des documents aux diff\u00e9rentes succursales de l&rsquo;entreprise, qui sont situ\u00e9es dans d&rsquo;autres villes. Avez-vous d\u00e9j\u00e0 pens\u00e9 \u00e0 la quantit\u00e9 de papier utilis\u00e9e et comment une telle appro<\/p>","protected":false},"featured_media":30598,"comment_status":"open","ping_status":"closed","template":"","meta":[],"product_brand":[],"product_cat":[137],"product_tag":[],"class_list":{"0":"post-30599","1":"product","2":"type-product","3":"status-publish","4":"has-post-thumbnail","6":"product_cat-article-offic","8":"first","9":"instock","10":"shipping-taxable","11":"purchasable","12":"product-type-simple"},"_links":{"self":[{"href":"https:\/\/topprixsarl.ch\/de\/wp-json\/wp\/v2\/product\/30599","targetHints":{"allow":["GET"]}}],"collection":[{"href":"https:\/\/topprixsarl.ch\/de\/wp-json\/wp\/v2\/product"}],"about":[{"href":"https:\/\/topprixsarl.ch\/de\/wp-json\/wp\/v2\/types\/product"}],"replies":[{"embeddable":true,"href":"https:\/\/topprixsarl.ch\/de\/wp-json\/wp\/v2\/comments?post=30599"}],"version-history":[{"count":2,"href":"https:\/\/topprixsarl.ch\/de\/wp-json\/wp\/v2\/product\/30599\/revisions"}],"predecessor-version":[{"id":32627,"href":"https:\/\/topprixsarl.ch\/de\/wp-json\/wp\/v2\/product\/30599\/revisions\/32627"}],"wp:featuredmedia":[{"embeddable":true,"href":"https:\/\/topprixsarl.ch\/de\/wp-json\/wp\/v2\/media\/30598"}],"wp:attachment":[{"href":"https:\/\/topprixsarl.ch\/de\/wp-json\/wp\/v2\/media?parent=30599"}],"wp:term":[{"taxonomy":"product_brand","embeddable":true,"href":"https:\/\/topprixsarl.ch\/de\/wp-json\/wp\/v2\/product_brand?post=30599"},{"taxonomy":"product_cat","embeddable":true,"href":"https:\/\/topprixsarl.ch\/de\/wp-json\/wp\/v2\/product_cat?post=30599"},{"taxonomy":"product_tag","embeddable":true,"href":"https:\/\/topprixsarl.ch\/de\/wp-json\/wp\/v2\/product_tag?post=30599"}],"curies":[{"name":"wp","href":"https:\/\/api.w.org\/{rel}","templated":true}]}}