{"id":30595,"date":"2026-01-09T13:50:03","date_gmt":"2026-01-09T13:50:03","guid":{"rendered":"https:\/\/topprixsarl.ch\/product\/stylo-bille-bic-4-couleurs-grip-pro-pointe-moyenne\/"},"modified":"2026-01-14T14:20:18","modified_gmt":"2026-01-14T14:20:18","slug":"stylo-bille-bic-4-couleurs-grip-pro-pointe-moyenne","status":"publish","type":"product","link":"https:\/\/topprixsarl.ch\/de\/product\/stylo-bille-bic-4-couleurs-grip-pro-pointe-moyenne\/","title":{"rendered":"Stylo bille Bic 4 couleurs Grip Pro &#8211; pointe moyenne"},"content":{"rendered":"<p>Quatre couleurs dans un stylo<\/p>\n<p>Pour \u00e9tablir des distinctions entre de grandes quantit\u00e9s d\u2019informations, vous devez les classer en cat\u00e9gories pour une consultation plus facile. Les couleurs seraient un instrument de tri id\u00e9al. Pourquoi ne pas utiliser un seul stylo avec des couleurs diff\u00e9rentes de Bic? Par un simple coup de poussoir, vous s\u00e9lectionnez la couleur de votre choix.<\/p>\n<p>+ Corps rond et large pour une prise en main ultra-douce<br \/>\n+ Confort d\u2019utilisation optimal, m\u00eame lors d\u2019\u00e9critures prolong\u00e9es<br \/>\n+ \u00c9vite les crampes aux mains pour une productivit\u00e9 accrue  <\/p>\n<p>L&rsquo;encre s\u00e8che rapidement pour \u00e9viter toute bavure, m\u00eame si vous \u00eates gaucher. <\/p>\n<p>+ Pointe en carbure de tungst\u00e8ne pour une durabilit\u00e9 accrue<br \/>\n+ Forme conique pour une \u00e9criture douce sur toutes les surfaces<br \/>\n+ Chaque ligne \u00e9crite est pr\u00e9cise, constante et sans espaces  <\/p>\n<p>Procurez-vous ce stylo quatre-en-un pratique!<\/p>","protected":false},"excerpt":{"rendered":"<p>Quatre couleurs dans un stylo Pour \u00e9tablir des distinctions entre de grandes quantit\u00e9s d\u2019informations, vous devez les classer en cat\u00e9gories pour une consultation plus facile. Les couleurs seraient un instrument de tri id\u00e9al. Pourquoi ne pas utiliser <\/p>","protected":false},"featured_media":30594,"comment_status":"open","ping_status":"closed","template":"","meta":[],"product_brand":[],"product_cat":[137],"product_tag":[],"class_list":{"0":"post-30595","1":"product","2":"type-product","3":"status-publish","4":"has-post-thumbnail","6":"product_cat-article-offic","8":"first","9":"instock","10":"shipping-taxable","11":"purchasable","12":"product-type-simple"},"_links":{"self":[{"href":"https:\/\/topprixsarl.ch\/de\/wp-json\/wp\/v2\/product\/30595","targetHints":{"allow":["GET"]}}],"collection":[{"href":"https:\/\/topprixsarl.ch\/de\/wp-json\/wp\/v2\/product"}],"about":[{"href":"https:\/\/topprixsarl.ch\/de\/wp-json\/wp\/v2\/types\/product"}],"replies":[{"embeddable":true,"href":"https:\/\/topprixsarl.ch\/de\/wp-json\/wp\/v2\/comments?post=30595"}],"version-history":[{"count":2,"href":"https:\/\/topprixsarl.ch\/de\/wp-json\/wp\/v2\/product\/30595\/revisions"}],"predecessor-version":[{"id":32625,"href":"https:\/\/topprixsarl.ch\/de\/wp-json\/wp\/v2\/product\/30595\/revisions\/32625"}],"wp:featuredmedia":[{"embeddable":true,"href":"https:\/\/topprixsarl.ch\/de\/wp-json\/wp\/v2\/media\/30594"}],"wp:attachment":[{"href":"https:\/\/topprixsarl.ch\/de\/wp-json\/wp\/v2\/media?parent=30595"}],"wp:term":[{"taxonomy":"product_brand","embeddable":true,"href":"https:\/\/topprixsarl.ch\/de\/wp-json\/wp\/v2\/product_brand?post=30595"},{"taxonomy":"product_cat","embeddable":true,"href":"https:\/\/topprixsarl.ch\/de\/wp-json\/wp\/v2\/product_cat?post=30595"},{"taxonomy":"product_tag","embeddable":true,"href":"https:\/\/topprixsarl.ch\/de\/wp-json\/wp\/v2\/product_tag?post=30595"}],"curies":[{"name":"wp","href":"https:\/\/api.w.org\/{rel}","templated":true}]}}