{"id":30593,"date":"2026-01-09T13:49:47","date_gmt":"2026-01-09T13:49:47","guid":{"rendered":"https:\/\/topprixsarl.ch\/product\/roller-pilot-frixion-point-largeur-de-trait-025-mm-noir\/"},"modified":"2026-01-14T14:20:19","modified_gmt":"2026-01-14T14:20:19","slug":"roller-pilot-frixion-point-largeur-de-trait-025-mm-noir","status":"publish","type":"product","link":"https:\/\/topprixsarl.ch\/de\/product\/roller-pilot-frixion-point-largeur-de-trait-025-mm-noir\/","title":{"rendered":"Roller Pilot Frixion Point, largeur de trait\u00a00,25 mm, noir"},"content":{"rendered":"<p>Rapide \u00e0 la main, beau sur le papier. <\/p>\n<p>Si vous avez une \u00e9criture claire et homog\u00e8ne, cela tend \u00e0 prouver que votre mani\u00e8re de travailler est pr\u00e9cise et intelligente. Avec le roller de la marque Pilot, vous avez tout ce qu&rsquo;il vous faut pour cr\u00e9er des caract\u00e8res bien lisibles. <\/p>\n<p>+ Facilit\u00e9 d&rsquo;utilisation : Il est facile \u00e0 utiliser et sa pointe glisse toute seule sur le papier. <\/p>\n<p>+ Qualit\u00e9 des notes : Les notes et les documents deviennent en quelque sorte une carte de visite de grande qualit\u00e9. <\/p>\n<p>+ Confort : De plus, son design bien pens\u00e9 permet de le tenir confortablement dans la main. <\/p>\n<p>+ Encre gel : Le produit utilise une encre gel. Cette encre, qui s\u00e8che rapidement, permet une \u00e9criture fluide et pratiquement sans bavure. <\/p>\n<p>+ Pointe aiguille : La pointe aiguille assure que vous obtenez d&rsquo;excellents r\u00e9sultats. <\/p>\n<p>+ Couleur classique : La couleur noire est sobre et classique. <\/p>\n<p>M\u00eame \u00e0 l&rsquo;\u00e8re du num\u00e9rique, il est absolument indispensable de disposer d&rsquo;ustensiles de qualit\u00e9 pour \u00e9crire ou pour dessiner. Ils sont toujours \u00e0 port\u00e9e de main lorsque vous \u00ab\u00a0capturez\u00a0\u00bb des id\u00e9es ou lorsque vous cr\u00e9ez quelque chose. <\/p>\n<p>Le roller de la marque Pilot vous permettra de passer de bons moments au travail gr\u00e2ce \u00e0 son design haut de gamme. <\/p>\n<p>+ Application m\u00e9thodique : La couleur est appliqu\u00e9e m\u00e9thodiquement et de mani\u00e8re r\u00e9guli\u00e8re pour un r\u00e9sultat tout \u00e0 fait convaincant. <\/p>\n<p>Laissez des traces qui inspirent gr\u00e2ce \u00e0 cet outil!*<\/p>","protected":false},"excerpt":{"rendered":"<p>Rapide \u00e0 la main, beau sur le papier Si vous avez une \u00e9criture claire et homog\u00e8ne, cela tend \u00e0 prouver que votre mani\u00e8re de travailler est pr\u00e9cise et intelligente. Avec le roller de la marque Pilot, vous avez tout ce qu&rsquo;il vous faut pour cr\u00e9er des ca<\/p>","protected":false},"featured_media":30592,"comment_status":"open","ping_status":"closed","template":"","meta":[],"product_brand":[],"product_cat":[137],"product_tag":[],"class_list":{"0":"post-30593","1":"product","2":"type-product","3":"status-publish","4":"has-post-thumbnail","6":"product_cat-article-offic","8":"first","9":"instock","10":"shipping-taxable","11":"purchasable","12":"product-type-simple"},"_links":{"self":[{"href":"https:\/\/topprixsarl.ch\/de\/wp-json\/wp\/v2\/product\/30593","targetHints":{"allow":["GET"]}}],"collection":[{"href":"https:\/\/topprixsarl.ch\/de\/wp-json\/wp\/v2\/product"}],"about":[{"href":"https:\/\/topprixsarl.ch\/de\/wp-json\/wp\/v2\/types\/product"}],"replies":[{"embeddable":true,"href":"https:\/\/topprixsarl.ch\/de\/wp-json\/wp\/v2\/comments?post=30593"}],"version-history":[{"count":2,"href":"https:\/\/topprixsarl.ch\/de\/wp-json\/wp\/v2\/product\/30593\/revisions"}],"predecessor-version":[{"id":32624,"href":"https:\/\/topprixsarl.ch\/de\/wp-json\/wp\/v2\/product\/30593\/revisions\/32624"}],"wp:featuredmedia":[{"embeddable":true,"href":"https:\/\/topprixsarl.ch\/de\/wp-json\/wp\/v2\/media\/30592"}],"wp:attachment":[{"href":"https:\/\/topprixsarl.ch\/de\/wp-json\/wp\/v2\/media?parent=30593"}],"wp:term":[{"taxonomy":"product_brand","embeddable":true,"href":"https:\/\/topprixsarl.ch\/de\/wp-json\/wp\/v2\/product_brand?post=30593"},{"taxonomy":"product_cat","embeddable":true,"href":"https:\/\/topprixsarl.ch\/de\/wp-json\/wp\/v2\/product_cat?post=30593"},{"taxonomy":"product_tag","embeddable":true,"href":"https:\/\/topprixsarl.ch\/de\/wp-json\/wp\/v2\/product_tag?post=30593"}],"curies":[{"name":"wp","href":"https:\/\/api.w.org\/{rel}","templated":true}]}}