{"id":30591,"date":"2026-01-09T13:49:33","date_gmt":"2026-01-09T13:49:33","guid":{"rendered":"https:\/\/topprixsarl.ch\/product\/ruban-adhesif-transparent-tesa-eco-clear-19-mm-x-33-m-8-rouleaux\/"},"modified":"2026-01-14T14:20:19","modified_gmt":"2026-01-14T14:20:19","slug":"ruban-adhesif-transparent-tesa-eco-clear-19-mm-x-33-m-8-rouleaux","status":"publish","type":"product","link":"https:\/\/topprixsarl.ch\/de\/product\/ruban-adhesif-transparent-tesa-eco-clear-19-mm-x-33-m-8-rouleaux\/","title":{"rendered":"Ruban adh\u00e9sif transparent Tesa Eco &#038; Clear &#8211; 19 mm x 33 m &#8211; 8 rouleaux"},"content":{"rendered":"<p>Coller en lieu de clouer<\/p>\n<p>Qu&rsquo;il s&rsquo;agisse de bricoler, de r\u00e9parer ou de maintenir quelque chose, une fixation fiable est toujours importante. \u00c0 cet \u00e9gard, un ruban adh\u00e9sif comme celui de la marque Tesa est un accessoire incontournable qui vous sera d&rsquo;une aide pr\u00e9cieuse. <\/p>\n<p>Il convainc par sa r\u00e9sistance \u00e0 l&rsquo;usure et est presque invisible lorsqu&rsquo;on fait une photocopie. C&rsquo;est donc un produit dont il est difficile de se passer, \u00e0 la maison comme au bureau. <\/p>\n<p>+D&rsquo;une longueur totale de 33 m et d&rsquo;une largeur de 19 mm, ce ruban est adapt\u00e9 \u00e0 une large gamme d&rsquo;applications. <\/p>\n<p>+Une fois coll\u00e9, son effet est quasiment imm\u00e9diat. <\/p>\n<p>+Pour de nombreuses personnes, le ruban adh\u00e9sif de la marque Tesa fait depuis longtemps partie de l&rsquo;\u00e9quipement standard, que ce soit dans les foyers ou dans les bureaux. <\/p>\n<p>+En effet, il g\u00e8re plusieurs \u00e9tapes de travail \u00e0 la fois et dans les plus brefs d\u00e9lais, et permet ainsi d&rsquo;\u00e9conomiser des ressources essentielles. <\/p>\n<p>Gardez tout ce qui est essentiel ensemble d\u00e8s aujourd&rsquo;hui!<\/p>","protected":false},"excerpt":{"rendered":"<p>Coller en lieu de clouer Qu&rsquo;il s&rsquo;agisse de bricoler, de r\u00e9parer ou de maintenir quelque chose, une fixation fiable est toujours importante. \u00c0 cet \u00e9gard, un ruban adh\u00e9sif comme celui de la marque Tesa est un accessoire incontournable qui vous sera d&rsquo;u<\/p>","protected":false},"featured_media":30590,"comment_status":"open","ping_status":"closed","template":"","meta":[],"product_brand":[],"product_cat":[137],"product_tag":[],"class_list":{"0":"post-30591","1":"product","2":"type-product","3":"status-publish","4":"has-post-thumbnail","6":"product_cat-article-offic","8":"first","9":"instock","10":"shipping-taxable","11":"purchasable","12":"product-type-simple"},"_links":{"self":[{"href":"https:\/\/topprixsarl.ch\/de\/wp-json\/wp\/v2\/product\/30591","targetHints":{"allow":["GET"]}}],"collection":[{"href":"https:\/\/topprixsarl.ch\/de\/wp-json\/wp\/v2\/product"}],"about":[{"href":"https:\/\/topprixsarl.ch\/de\/wp-json\/wp\/v2\/types\/product"}],"replies":[{"embeddable":true,"href":"https:\/\/topprixsarl.ch\/de\/wp-json\/wp\/v2\/comments?post=30591"}],"version-history":[{"count":2,"href":"https:\/\/topprixsarl.ch\/de\/wp-json\/wp\/v2\/product\/30591\/revisions"}],"predecessor-version":[{"id":32623,"href":"https:\/\/topprixsarl.ch\/de\/wp-json\/wp\/v2\/product\/30591\/revisions\/32623"}],"wp:featuredmedia":[{"embeddable":true,"href":"https:\/\/topprixsarl.ch\/de\/wp-json\/wp\/v2\/media\/30590"}],"wp:attachment":[{"href":"https:\/\/topprixsarl.ch\/de\/wp-json\/wp\/v2\/media?parent=30591"}],"wp:term":[{"taxonomy":"product_brand","embeddable":true,"href":"https:\/\/topprixsarl.ch\/de\/wp-json\/wp\/v2\/product_brand?post=30591"},{"taxonomy":"product_cat","embeddable":true,"href":"https:\/\/topprixsarl.ch\/de\/wp-json\/wp\/v2\/product_cat?post=30591"},{"taxonomy":"product_tag","embeddable":true,"href":"https:\/\/topprixsarl.ch\/de\/wp-json\/wp\/v2\/product_tag?post=30591"}],"curies":[{"name":"wp","href":"https:\/\/api.w.org\/{rel}","templated":true}]}}