{"id":30585,"date":"2026-01-09T13:48:48","date_gmt":"2026-01-09T13:48:48","guid":{"rendered":"https:\/\/topprixsarl.ch\/product\/nettoyant-de-siege-de-toilette-tork-s2-475-ml\/"},"modified":"2026-01-14T14:20:19","modified_gmt":"2026-01-14T14:20:19","slug":"nettoyant-de-siege-de-toilette-tork-s2-475-ml","status":"publish","type":"product","link":"https:\/\/topprixsarl.ch\/de\/product\/nettoyant-de-siege-de-toilette-tork-s2-475-ml\/","title":{"rendered":"Nettoyant de si\u00e8ge de toilette Tork S2, 475 ml"},"content":{"rendered":"<p>**Tork Nettoyant pour si\u00e8ge de toilette**<\/p>\n<p>Le nettoyant pour si\u00e8ge de toilette Tork rassure les visiteurs et leur offre un confort suppl\u00e9mentaire. Un si\u00e8ge extra propre avec une seule dose de nettoyant sur un morceau de papier hygi\u00e9nique.<\/p>\n<p>S\u2019adapte aux mini distributeurs pour savon liquide Tork S2, faciles d\u2019utilisation.<\/p>\n<p>**Les avantages :**<\/p>\n<p>+ Utilisation simple et hygi\u00e9nique<\/p>\n<p>+ Syst\u00e8me scell\u00e9 pour une hygi\u00e8ne maximale<\/p>\n<p>+ Bouteille rechargeable scell\u00e9e avec pompe \u00e0 usage unique : minimise les risques de contamination crois\u00e9e et de transmission bact\u00e9rienne<\/p>\n<p>+ Sans parfum ni colorant<\/p>\n<p>+ Test\u00e9 dermatologiquement<\/p>\n<p>+ Qualit\u00e9 Premium<\/p>\n<p>+ \u00ab\u00a0Easy to use\u00a0\u00bb : facilit\u00e9 d&rsquo;utilisation certifi\u00e9e<\/p>\n<p>+ D\u00e9chets r\u00e9duits gr\u00e2ce \u00e0 la bouteille r\u00e9tractable<\/p>\n<p>Produit dangereux. Respecter les pr\u00e9cautions d\u2019emploi indiqu\u00e9es sur la fiche de donn\u00e9es de s\u00e9curit\u00e9.<\/p>","protected":false},"excerpt":{"rendered":"<p>Tork Nettoyant pour si\u00e8ge de toiletteLe nettoyant pour si\u00e8ge de toilette Tork rassure les visiteurs et leur offre un confort suppl\u00e9mentaire. Un si\u00e8ge extra propre avec une seule dose de nettoyant sur un morceau de papier hygi\u00e9nique S\u2019adapte aux mini <\/p>","protected":false},"featured_media":30584,"comment_status":"open","ping_status":"closed","template":"","meta":[],"product_brand":[],"product_cat":[143],"product_tag":[],"class_list":{"0":"post-30585","1":"product","2":"type-product","3":"status-publish","4":"has-post-thumbnail","6":"product_cat-nettoyage","8":"first","9":"instock","10":"shipping-taxable","11":"purchasable","12":"product-type-simple"},"_links":{"self":[{"href":"https:\/\/topprixsarl.ch\/de\/wp-json\/wp\/v2\/product\/30585","targetHints":{"allow":["GET"]}}],"collection":[{"href":"https:\/\/topprixsarl.ch\/de\/wp-json\/wp\/v2\/product"}],"about":[{"href":"https:\/\/topprixsarl.ch\/de\/wp-json\/wp\/v2\/types\/product"}],"replies":[{"embeddable":true,"href":"https:\/\/topprixsarl.ch\/de\/wp-json\/wp\/v2\/comments?post=30585"}],"version-history":[{"count":2,"href":"https:\/\/topprixsarl.ch\/de\/wp-json\/wp\/v2\/product\/30585\/revisions"}],"predecessor-version":[{"id":32620,"href":"https:\/\/topprixsarl.ch\/de\/wp-json\/wp\/v2\/product\/30585\/revisions\/32620"}],"wp:featuredmedia":[{"embeddable":true,"href":"https:\/\/topprixsarl.ch\/de\/wp-json\/wp\/v2\/media\/30584"}],"wp:attachment":[{"href":"https:\/\/topprixsarl.ch\/de\/wp-json\/wp\/v2\/media?parent=30585"}],"wp:term":[{"taxonomy":"product_brand","embeddable":true,"href":"https:\/\/topprixsarl.ch\/de\/wp-json\/wp\/v2\/product_brand?post=30585"},{"taxonomy":"product_cat","embeddable":true,"href":"https:\/\/topprixsarl.ch\/de\/wp-json\/wp\/v2\/product_cat?post=30585"},{"taxonomy":"product_tag","embeddable":true,"href":"https:\/\/topprixsarl.ch\/de\/wp-json\/wp\/v2\/product_tag?post=30585"}],"curies":[{"name":"wp","href":"https:\/\/api.w.org\/{rel}","templated":true}]}}