{"id":30583,"date":"2026-01-09T13:48:32","date_gmt":"2026-01-09T13:48:32","guid":{"rendered":"https:\/\/topprixsarl.ch\/product\/cartouche-de-toner-hp-307a-ce743a-magenta\/"},"modified":"2026-01-14T14:20:19","modified_gmt":"2026-01-14T14:20:19","slug":"cartouche-de-toner-hp-307a-ce743a-magenta","status":"publish","type":"product","link":"https:\/\/topprixsarl.ch\/de\/product\/cartouche-de-toner-hp-307a-ce743a-magenta\/","title":{"rendered":"Cartouche de toner HP 307A- CE743A- magenta"},"content":{"rendered":"<p>Mettez vos impressions en valeur avec HP. <\/p>\n<p>Les cartouches de toner sont un \u00e9l\u00e9ment essentiel dans le monde professionnel. Avec HP, vous b\u00e9n\u00e9ficiez d&rsquo;une qualit\u00e9 et d&rsquo;une pr\u00e9cision optimales pour r\u00e9pondre \u00e0 tous vos besoins quotidiens. <\/p>\n<p>La cartouche de couleur magenta est sp\u00e9cialement con\u00e7ue pour une qualit\u00e9 d&rsquo;impression optimale et des couleurs intenses \u00e0 chaque impression. <\/p>\n<p>Il s&rsquo;agit d&rsquo;un produit de marque authentique, neuf, qui vous s\u00e9duira par sa grande qualit\u00e9. <\/p>\n<p>+ Code fabricant : CE743A<br \/> + Nombre d&rsquo;unit\u00e9s emball\u00e9es : 1<br \/> + Couleur : magenta <\/p>\n<p>Notre service de r\u00e9approvisionnement automatique de vos consommables vous permettra de mieux g\u00e9rer votre budget tout en vous assurant une plus grande tranquillit\u00e9 d&rsquo;esprit. <\/p>\n<p>Toutes vos cartouches usag\u00e9es ont leur place dans le container (r\u00e9f\u00e9rence : 2.157.879). <\/p>\n<p>Ajoutez ce produit \u00e0 votre panier, et commandez d\u00e8s \u00e0 pr\u00e9sent ! <\/p>\n<p>> Garantie 2 ans*<\/p>","protected":false},"excerpt":{"rendered":"<p>Mettez vos impressions en valeur avec HP Les cartouches de toner, sont un \u00e9l\u00e9ment essentiel dans le monde professionnel. Avec HP, vous b\u00e9n\u00e9ficiez d&rsquo;une qualit\u00e9 et d&rsquo;une pr\u00e9cision optimales pour r\u00e9pondre \u00e0 tous vos besoins quotidiens. La cartouche de <\/p>","protected":false},"featured_media":30582,"comment_status":"open","ping_status":"closed","template":"","meta":[],"product_brand":[],"product_cat":[137],"product_tag":[],"class_list":{"0":"post-30583","1":"product","2":"type-product","3":"status-publish","4":"has-post-thumbnail","6":"product_cat-article-offic","8":"first","9":"instock","10":"shipping-taxable","11":"purchasable","12":"product-type-simple"},"_links":{"self":[{"href":"https:\/\/topprixsarl.ch\/de\/wp-json\/wp\/v2\/product\/30583","targetHints":{"allow":["GET"]}}],"collection":[{"href":"https:\/\/topprixsarl.ch\/de\/wp-json\/wp\/v2\/product"}],"about":[{"href":"https:\/\/topprixsarl.ch\/de\/wp-json\/wp\/v2\/types\/product"}],"replies":[{"embeddable":true,"href":"https:\/\/topprixsarl.ch\/de\/wp-json\/wp\/v2\/comments?post=30583"}],"version-history":[{"count":3,"href":"https:\/\/topprixsarl.ch\/de\/wp-json\/wp\/v2\/product\/30583\/revisions"}],"predecessor-version":[{"id":33315,"href":"https:\/\/topprixsarl.ch\/de\/wp-json\/wp\/v2\/product\/30583\/revisions\/33315"}],"wp:featuredmedia":[{"embeddable":true,"href":"https:\/\/topprixsarl.ch\/de\/wp-json\/wp\/v2\/media\/30582"}],"wp:attachment":[{"href":"https:\/\/topprixsarl.ch\/de\/wp-json\/wp\/v2\/media?parent=30583"}],"wp:term":[{"taxonomy":"product_brand","embeddable":true,"href":"https:\/\/topprixsarl.ch\/de\/wp-json\/wp\/v2\/product_brand?post=30583"},{"taxonomy":"product_cat","embeddable":true,"href":"https:\/\/topprixsarl.ch\/de\/wp-json\/wp\/v2\/product_cat?post=30583"},{"taxonomy":"product_tag","embeddable":true,"href":"https:\/\/topprixsarl.ch\/de\/wp-json\/wp\/v2\/product_tag?post=30583"}],"curies":[{"name":"wp","href":"https:\/\/api.w.org\/{rel}","templated":true}]}}