{"id":30581,"date":"2026-01-09T13:48:17","date_gmt":"2026-01-09T13:48:17","guid":{"rendered":"https:\/\/topprixsarl.ch\/product\/cartouche-de-toner-hp-307a-ce742a-jaune\/"},"modified":"2026-01-14T14:20:19","modified_gmt":"2026-01-14T14:20:19","slug":"cartouche-de-toner-hp-307a-ce742a-jaune","status":"publish","type":"product","link":"https:\/\/topprixsarl.ch\/de\/product\/cartouche-de-toner-hp-307a-ce742a-jaune\/","title":{"rendered":"Cartouche de toner HP 307A &#8211; CE742A &#8211; jaune"},"content":{"rendered":"<p>Mettez vos impressions en valeur avec HP. <\/p>\n<p>Les cartouches de toner sont les consommables qu&rsquo;il vous faut si vous recherchez une technologie d&rsquo;impression innovante. Tirez le meilleur parti de votre imprimante avec HP ! Vous obtiendrez des documents pr\u00e9cis avec des bords nets. <\/p>\n<p>La cartouche de couleur jaune est la solution id\u00e9ale pour une qualit\u00e9 d&rsquo;impression irr\u00e9prochable et des couleurs vives et \u00e9clatantes. En choisissant ce produit de marque authentique et neuf, vous optez pour la qualit\u00e9 et la fiabilit\u00e9. <\/p>\n<p>+ Code fabricant : CE742A<br \/>\n+ Nombre d&rsquo;unit\u00e9s emball\u00e9es : 1<br \/>\n+ Couleur : jaune  <\/p>\n<p>En vous abonnant \u00e0 notre service de r\u00e9approvisionnement automatique de vos consommables, vous b\u00e9n\u00e9ficierez d&rsquo;un meilleur contr\u00f4le de votre budget et d&rsquo;une plus grande tranquillit\u00e9 d&rsquo;esprit. <\/p>\n<p>Nous r\u00e9cup\u00e9rons et revalorisons les cartouches usag\u00e9es gr\u00e2ce \u00e0 notre container de r\u00e9cup\u00e9ration (r\u00e9f\u00e9rence : 2.157.879). <\/p>\n<p>N&rsquo;attendez plus, commandez d\u00e8s maintenant ! <\/p>\n<p>> Garantie 2 ans<\/p>","protected":false},"excerpt":{"rendered":"<p>Mettez vos impressions en valeur avec HP Les cartouches de toner sont les consommables qu&rsquo;il vous faut si vous recherchez une technologie d&rsquo;impression innovante. Tirez le meilleur parti de votre imprimante avec HP ! Vous obtiendrez des documents pr\u00e9c<\/p>","protected":false},"featured_media":30580,"comment_status":"open","ping_status":"closed","template":"","meta":[],"product_brand":[],"product_cat":[137],"product_tag":[],"class_list":{"0":"post-30581","1":"product","2":"type-product","3":"status-publish","4":"has-post-thumbnail","6":"product_cat-article-offic","8":"first","9":"instock","10":"shipping-taxable","11":"purchasable","12":"product-type-simple"},"_links":{"self":[{"href":"https:\/\/topprixsarl.ch\/de\/wp-json\/wp\/v2\/product\/30581","targetHints":{"allow":["GET"]}}],"collection":[{"href":"https:\/\/topprixsarl.ch\/de\/wp-json\/wp\/v2\/product"}],"about":[{"href":"https:\/\/topprixsarl.ch\/de\/wp-json\/wp\/v2\/types\/product"}],"replies":[{"embeddable":true,"href":"https:\/\/topprixsarl.ch\/de\/wp-json\/wp\/v2\/comments?post=30581"}],"version-history":[{"count":2,"href":"https:\/\/topprixsarl.ch\/de\/wp-json\/wp\/v2\/product\/30581\/revisions"}],"predecessor-version":[{"id":32618,"href":"https:\/\/topprixsarl.ch\/de\/wp-json\/wp\/v2\/product\/30581\/revisions\/32618"}],"wp:featuredmedia":[{"embeddable":true,"href":"https:\/\/topprixsarl.ch\/de\/wp-json\/wp\/v2\/media\/30580"}],"wp:attachment":[{"href":"https:\/\/topprixsarl.ch\/de\/wp-json\/wp\/v2\/media?parent=30581"}],"wp:term":[{"taxonomy":"product_brand","embeddable":true,"href":"https:\/\/topprixsarl.ch\/de\/wp-json\/wp\/v2\/product_brand?post=30581"},{"taxonomy":"product_cat","embeddable":true,"href":"https:\/\/topprixsarl.ch\/de\/wp-json\/wp\/v2\/product_cat?post=30581"},{"taxonomy":"product_tag","embeddable":true,"href":"https:\/\/topprixsarl.ch\/de\/wp-json\/wp\/v2\/product_tag?post=30581"}],"curies":[{"name":"wp","href":"https:\/\/api.w.org\/{rel}","templated":true}]}}