{"id":30567,"date":"2026-01-09T13:46:28","date_gmt":"2026-01-09T13:46:28","guid":{"rendered":"https:\/\/topprixsarl.ch\/product\/echelle-de-reduction-maped-1-20-a-1-125\/"},"modified":"2026-01-14T14:20:19","modified_gmt":"2026-01-14T14:20:19","slug":"echelle-de-reduction-maped-1-20-a-1-125","status":"publish","type":"product","link":"https:\/\/topprixsarl.ch\/de\/product\/echelle-de-reduction-maped-1-20-a-1-125\/","title":{"rendered":"Echelle de r\u00e9duction Maped &#8211; 1\/20 \u00e0 1\/125"},"content":{"rendered":"<p>**R\u00e8gle de graduation rigide**<\/p>\n<p>Pour travailler avec des diagrammes ou des cartes \u00e0 l&rsquo;\u00e9chelle, cette r\u00e8gle de Maped est exactement ce dont vous avez besoin. <\/p>\n<p>La soci\u00e9t\u00e9 Maped, forte d\u2019une exp\u00e9rience de 70 ans, est sp\u00e9cialis\u00e9e dans la fabrication haut de gamme d&rsquo;\u00e9quipements de bureau. <\/p>\n<p>Fabriqu\u00e9e en plastique durable, cette r\u00e8gle triangulaire r\u00e9siste aux pressions extr\u00eames gr\u00e2ce \u00e0 un tube en plastique antichoc pour le rangement. Elle est extr\u00eamement rigide et confortable \u00e0 utiliser. <\/p>\n<p>Les d\u00e9grad\u00e9s clairs et pr\u00e9cis sont lisibles, avec deux graduations diff\u00e9rentes de 1:20 \u00e0 1:125. Une barre sp\u00e9ciale s\u00e9pare les diff\u00e9rentes \u00e9chelles pour faciliter la navigation et le confort. <\/p>\n<p>Cette r\u00e8gle de 30 cm, peu encombrante, est pratique \u00e0 utiliser et facile \u00e0 transporter. Vous pouvez la ranger dans un sac pour l\u2019avoir toujours \u00e0 port\u00e9e de main. <\/p>\n<p>Procurez-vous cette r\u00e8gle incassable!<\/p>\n<p>+ Fabriqu\u00e9e en plastique durable<br \/>\n+ R\u00e9sistante aux pressions extr\u00eames<br \/>\n+ Tube en plastique antichoc pour le rangement<br \/>\n+ R\u00e8gle triangulaire extr\u00eamement rigide<br \/>\n+ D\u00e9grad\u00e9s clairs et pr\u00e9cis avec deux graduations<br \/>\n+ Barre sp\u00e9ciale pour faciliter la navigation<br \/>\n+ Longueur de 30 cm, peu encombrante et facile \u00e0 transporter<br \/>\n+ Id\u00e9ale pour les diagrammes et cartes \u00e0 l&rsquo;\u00e9chelle  <\/p>\n<p>*Note: Les informations sur la soci\u00e9t\u00e9 Maped et ses 70 ans d&rsquo;exp\u00e9rience sont fournies pour souligner la qualit\u00e9 du produit.*<\/p>","protected":false},"excerpt":{"rendered":"<p>R\u00e8gle de graduation rigidePour travailler avec des diagrammes ou des cartes \u00e0 l&rsquo;\u00e9chelle, cette r\u00e8gle de Maped est exactement ce dont vous avez besoin. La soci\u00e9t\u00e9 Maped, forte d\u2019une exp\u00e9rience de 70 ans, est sp\u00e9cialis\u00e9e dans la fabrication haut de gam<\/p>","protected":false},"featured_media":30566,"comment_status":"open","ping_status":"closed","template":"","meta":[],"product_brand":[],"product_cat":[137],"product_tag":[],"class_list":{"0":"post-30567","1":"product","2":"type-product","3":"status-publish","4":"has-post-thumbnail","6":"product_cat-papier","8":"first","9":"instock","10":"shipping-taxable","11":"purchasable","12":"product-type-simple"},"_links":{"self":[{"href":"https:\/\/topprixsarl.ch\/de\/wp-json\/wp\/v2\/product\/30567","targetHints":{"allow":["GET"]}}],"collection":[{"href":"https:\/\/topprixsarl.ch\/de\/wp-json\/wp\/v2\/product"}],"about":[{"href":"https:\/\/topprixsarl.ch\/de\/wp-json\/wp\/v2\/types\/product"}],"replies":[{"embeddable":true,"href":"https:\/\/topprixsarl.ch\/de\/wp-json\/wp\/v2\/comments?post=30567"}],"version-history":[{"count":2,"href":"https:\/\/topprixsarl.ch\/de\/wp-json\/wp\/v2\/product\/30567\/revisions"}],"predecessor-version":[{"id":32611,"href":"https:\/\/topprixsarl.ch\/de\/wp-json\/wp\/v2\/product\/30567\/revisions\/32611"}],"wp:featuredmedia":[{"embeddable":true,"href":"https:\/\/topprixsarl.ch\/de\/wp-json\/wp\/v2\/media\/30566"}],"wp:attachment":[{"href":"https:\/\/topprixsarl.ch\/de\/wp-json\/wp\/v2\/media?parent=30567"}],"wp:term":[{"taxonomy":"product_brand","embeddable":true,"href":"https:\/\/topprixsarl.ch\/de\/wp-json\/wp\/v2\/product_brand?post=30567"},{"taxonomy":"product_cat","embeddable":true,"href":"https:\/\/topprixsarl.ch\/de\/wp-json\/wp\/v2\/product_cat?post=30567"},{"taxonomy":"product_tag","embeddable":true,"href":"https:\/\/topprixsarl.ch\/de\/wp-json\/wp\/v2\/product_tag?post=30567"}],"curies":[{"name":"wp","href":"https:\/\/api.w.org\/{rel}","templated":true}]}}