{"id":30559,"date":"2026-01-09T13:45:20","date_gmt":"2026-01-09T13:45:20","guid":{"rendered":"https:\/\/topprixsarl.ch\/product\/stylo-bille-bic-ecolutions-round-stic-pointe-moyenne-bleu\/"},"modified":"2026-01-14T14:20:20","modified_gmt":"2026-01-14T14:20:20","slug":"stylo-bille-bic-ecolutions-round-stic-pointe-moyenne-bleu","status":"publish","type":"product","link":"https:\/\/topprixsarl.ch\/de\/product\/stylo-bille-bic-ecolutions-round-stic-pointe-moyenne-bleu\/","title":{"rendered":"Stylo bille Bic ecolutions Round Stic &#8211; pointe moyenne &#8211; bleu"},"content":{"rendered":"<p>Une solution simple pour tous les jours<\/p>\n<p>Il n&rsquo;est pas n\u00e9cessaire d&rsquo;avoir un stylo posh pour signer des documents, r\u00e9diger des rapports, prendre des notes et dessiner des croquis. <\/p>\n<p>Il est plus pratique d&rsquo;avoir des outils simples et durables. C&rsquo;est pour cette raison que le stylo \u00e0 bille Bic ECOlutions Round Stic est une excellente option pour un bureau moderne. <\/p>\n<p>Sa simplicit\u00e9 le rend adapt\u00e9 aux petites t\u00e2ches et sa structure le rend parfait pour un usage quotidien. <\/p>\n<p>Obtenez un stylo simple et universel pour chaque t\u00e2che!<\/p>\n<p>+ Solution simple pour tous les jours<br \/>\n+ Id\u00e9al pour signer des documents, r\u00e9diger des rapports, prendre des notes et dessiner des croquis<br \/>\n+ Outils simples et durables<br \/>\n+ Excellente option pour un bureau moderne<br \/>\n+ Adapt\u00e9 aux petites t\u00e2ches<br \/>\n+ Parfait pour un usage quotidien<br \/>\n+ Stylo simple et universel pour chaque t\u00e2che!  <\/p>\n<p>*Notes de bas de page*<\/p>","protected":false},"excerpt":{"rendered":"<p>Une solution simple pour tous les jours Il n&rsquo;est pas n\u00e9cessaire d&rsquo;avoir un stylo posh pour signer des documents, r\u00e9diger des rapports, prendre des notes et dessiner des croquis. Il est plus pratique d&rsquo;avoir des outils simples et durables. C&rsquo;est pour <\/p>","protected":false},"featured_media":30558,"comment_status":"open","ping_status":"closed","template":"","meta":[],"product_brand":[],"product_cat":[137],"product_tag":[],"class_list":{"0":"post-30559","1":"product","2":"type-product","3":"status-publish","4":"has-post-thumbnail","6":"product_cat-papier","8":"first","9":"instock","10":"shipping-taxable","11":"purchasable","12":"product-type-simple"},"_links":{"self":[{"href":"https:\/\/topprixsarl.ch\/de\/wp-json\/wp\/v2\/product\/30559","targetHints":{"allow":["GET"]}}],"collection":[{"href":"https:\/\/topprixsarl.ch\/de\/wp-json\/wp\/v2\/product"}],"about":[{"href":"https:\/\/topprixsarl.ch\/de\/wp-json\/wp\/v2\/types\/product"}],"replies":[{"embeddable":true,"href":"https:\/\/topprixsarl.ch\/de\/wp-json\/wp\/v2\/comments?post=30559"}],"version-history":[{"count":2,"href":"https:\/\/topprixsarl.ch\/de\/wp-json\/wp\/v2\/product\/30559\/revisions"}],"predecessor-version":[{"id":32607,"href":"https:\/\/topprixsarl.ch\/de\/wp-json\/wp\/v2\/product\/30559\/revisions\/32607"}],"wp:featuredmedia":[{"embeddable":true,"href":"https:\/\/topprixsarl.ch\/de\/wp-json\/wp\/v2\/media\/30558"}],"wp:attachment":[{"href":"https:\/\/topprixsarl.ch\/de\/wp-json\/wp\/v2\/media?parent=30559"}],"wp:term":[{"taxonomy":"product_brand","embeddable":true,"href":"https:\/\/topprixsarl.ch\/de\/wp-json\/wp\/v2\/product_brand?post=30559"},{"taxonomy":"product_cat","embeddable":true,"href":"https:\/\/topprixsarl.ch\/de\/wp-json\/wp\/v2\/product_cat?post=30559"},{"taxonomy":"product_tag","embeddable":true,"href":"https:\/\/topprixsarl.ch\/de\/wp-json\/wp\/v2\/product_tag?post=30559"}],"curies":[{"name":"wp","href":"https:\/\/api.w.org\/{rel}","templated":true}]}}