{"id":30557,"date":"2026-01-09T13:45:04","date_gmt":"2026-01-09T13:45:04","guid":{"rendered":"https:\/\/topprixsarl.ch\/product\/stylo-bille-bic-ecolutions-round-stic-pointe-moyenne-noir\/"},"modified":"2026-01-14T14:20:20","modified_gmt":"2026-01-14T14:20:20","slug":"stylo-bille-bic-ecolutions-round-stic-pointe-moyenne-noir","status":"publish","type":"product","link":"https:\/\/topprixsarl.ch\/de\/product\/stylo-bille-bic-ecolutions-round-stic-pointe-moyenne-noir\/","title":{"rendered":"Stylo bille Bic ecolutions Round Stic &#8211; pointe moyenne &#8211; noir"},"content":{"rendered":"<p>Rapide \u00e0 la main, beau sur le papier. Les accessoires de bureau comme le stylo \u00e0 bille de la marque Bic ont bien s\u00fbr leur place sur n&rsquo;importe quel bureau. Effectivement, ils vous facilitent grandement la vie au travail \u00e0 moindres frais. <\/p>\n<p>+ Confort d&rsquo;utilisation : Que vous l&rsquo;utilisiez pour \u00e9crire de longues notes ou comme aide-m\u00e9moire, il tient toujours parfaitement en main et vous permet d&rsquo;obtenir des caract\u00e8res homog\u00e8nes et clairs qui ne s&rsquo;estomperont pas si vite, m\u00eame apr\u00e8s des ann\u00e9es. <\/p>\n<p>+ Encre de qualit\u00e9 : Ce produit utilise une encre p\u00e2teuse. Cette encre, qui s\u00e8che rapidement, permet une \u00e9criture claire, nette et pratiquement sans bavure. <\/p>\n<p>+ Pr\u00e9cision : Gr\u00e2ce \u00e0 la pointe conique, vous pouvez dessiner tr\u00e8s pr\u00e9cis\u00e9ment. <\/p>\n<p>+ Polyvalence : La polyfonctionnalit\u00e9 est soulign\u00e9e par la couleur noire, qui est non seulement sobre, mais aussi classique. <\/p>\n<p>Notez vos pens\u00e9es ou vos id\u00e9es avant qu&rsquo;elles ne s&rsquo;envolent \u00e0 nouveau. <\/p>\n<p>Aussi, il n&rsquo;y a pas que dans ces situations que le stylo \u00e0 bille de la marque Bic est pr\u00e9cieux. <\/p>\n<p>+ Efficacit\u00e9 : Efficace et compact, cet accessoire fera vivre vos cr\u00e9ations. En effet, sa conception intelligente accompagne vos mouvements, si bien que la couleur est appliqu\u00e9e de mani\u00e8re r\u00e9guli\u00e8re et que les taches n&rsquo;ont pas le temps de voir le jour. <\/p>\n<p>Des lignes expressives en s\u00e9rie : commandez cet accessoire d\u00e8s maintenant!<\/p>","protected":false},"excerpt":{"rendered":"<p>Rapide \u00e0 la main, beau sur le papier Les accessoires de bureau comme le stylo \u00e0 bille de la marque Bic ont bien s\u00fbr leur place sur n&rsquo;importe quel bureau. Effectivement, ils vous facilitent grandement la vie au travail \u00e0 moindres frais. Que vous l&rsquo;uti<\/p>","protected":false},"featured_media":30556,"comment_status":"open","ping_status":"closed","template":"","meta":[],"product_brand":[],"product_cat":[137],"product_tag":[],"class_list":{"0":"post-30557","1":"product","2":"type-product","3":"status-publish","4":"has-post-thumbnail","6":"product_cat-papier","8":"first","9":"instock","10":"shipping-taxable","11":"purchasable","12":"product-type-simple"},"_links":{"self":[{"href":"https:\/\/topprixsarl.ch\/de\/wp-json\/wp\/v2\/product\/30557","targetHints":{"allow":["GET"]}}],"collection":[{"href":"https:\/\/topprixsarl.ch\/de\/wp-json\/wp\/v2\/product"}],"about":[{"href":"https:\/\/topprixsarl.ch\/de\/wp-json\/wp\/v2\/types\/product"}],"replies":[{"embeddable":true,"href":"https:\/\/topprixsarl.ch\/de\/wp-json\/wp\/v2\/comments?post=30557"}],"version-history":[{"count":2,"href":"https:\/\/topprixsarl.ch\/de\/wp-json\/wp\/v2\/product\/30557\/revisions"}],"predecessor-version":[{"id":32606,"href":"https:\/\/topprixsarl.ch\/de\/wp-json\/wp\/v2\/product\/30557\/revisions\/32606"}],"wp:featuredmedia":[{"embeddable":true,"href":"https:\/\/topprixsarl.ch\/de\/wp-json\/wp\/v2\/media\/30556"}],"wp:attachment":[{"href":"https:\/\/topprixsarl.ch\/de\/wp-json\/wp\/v2\/media?parent=30557"}],"wp:term":[{"taxonomy":"product_brand","embeddable":true,"href":"https:\/\/topprixsarl.ch\/de\/wp-json\/wp\/v2\/product_brand?post=30557"},{"taxonomy":"product_cat","embeddable":true,"href":"https:\/\/topprixsarl.ch\/de\/wp-json\/wp\/v2\/product_cat?post=30557"},{"taxonomy":"product_tag","embeddable":true,"href":"https:\/\/topprixsarl.ch\/de\/wp-json\/wp\/v2\/product_tag?post=30557"}],"curies":[{"name":"wp","href":"https:\/\/api.w.org\/{rel}","templated":true}]}}