{"id":30553,"date":"2026-01-09T13:44:26","date_gmt":"2026-01-09T13:44:26","guid":{"rendered":"https:\/\/topprixsarl.ch\/product\/lavette-longue-duree-tork-30-x-38-cm-bleue-paquet-de-40\/"},"modified":"2026-01-14T14:20:20","modified_gmt":"2026-01-14T14:20:20","slug":"lavette-longue-duree-tork-30-x-38-cm-bleue-paquet-de-40","status":"publish","type":"product","link":"https:\/\/topprixsarl.ch\/de\/product\/lavette-longue-duree-tork-30-x-38-cm-bleue-paquet-de-40\/","title":{"rendered":"Lavette longue dur\u00e9e Tork &#8211; 30 x 38 cm &#8211; bleue &#8211; paquet de 40"},"content":{"rendered":"<p>Propret\u00e9 pratique<\/p>\n<p>Qu\u2019utilise-t-on pour essuyer une table? Tout le monde a l&rsquo;arme de son choix : des torchons aux serviettes de restaurant. Nous croyions que le papier m\u00e9nage \u00e9tait la solution la plus pratique&#8230; jusqu&rsquo;\u00e0 ce que nous voyions cette lavette \u00e0 une \u00e9paisseur de Tork. <\/p>\n<p>Le mat\u00e9riau non tiss\u00e9 absorbe parfaitement les taches. En cas de liquide renvers\u00e9 ou de tache, il suffit de sortir l\u2019une de ces lavettes et vous l&rsquo;aurez rapidement absorb\u00e9e.<\/p>\n<p>+ 40 chiffons r\u00e9utilisables, r\u00e9sistants et durables en un seul paquet<\/p>\n<p>Vous n&rsquo;aurez plus besoin d&rsquo;acheter des serviettes! Vous pourrez nettoyer les tables tach\u00e9es de caf\u00e9s, les \u00e9tablis poussi\u00e9reux et les cuisini\u00e8res pleines de graisse. Les lavettes peuvent faire la m\u00eame chose, mais ce n&rsquo;est pas aussi facile et moins efficace. <\/p>\n<p>+ R\u00e9sistance aux d\u00e9tergents forts ou aux produits chimiques<\/p>\n<p>Ces chiffons r\u00e9sistent aux d\u00e9tergents forts ou aux produits chimiques. Le faible peluchage garantit un toucher en douceur, ce qui garantit un nettoyage parfait, sans abrasion, ni rayures ni salissures. <\/p>\n<p>+ Facilit\u00e9 de r\u00e9utilisation<\/p>\n<p>Ils sont facilement r\u00e9utilisables. Il suffit de rincer rapidement le chiffon, de l&rsquo;essuyer et de le remettre en place &#8211; toujours doux pour les mains et r\u00e9sistant aux taches!<\/p>\n<p>Gagnez du temps, soyez plus dur avec les taches!<\/p>","protected":false},"excerpt":{"rendered":"<p>Propret\u00e9 pratique Qu\u2019utilise-t-on pour essuyer une table? Tout le monde a l&rsquo;arme de son choix : des torchons aux serviettes de restaurant. Nous croyions que le papier m\u00e9nage \u00e9tait la solution la plus pratique&#8230; jusqu&rsquo;\u00e0 ce que nous voyions cette lave<\/p>","protected":false},"featured_media":30552,"comment_status":"open","ping_status":"closed","template":"","meta":[],"product_brand":[],"product_cat":[143],"product_tag":[],"class_list":{"0":"post-30553","1":"product","2":"type-product","3":"status-publish","4":"has-post-thumbnail","6":"product_cat-nettoyage","8":"first","9":"instock","10":"shipping-taxable","11":"purchasable","12":"product-type-simple"},"_links":{"self":[{"href":"https:\/\/topprixsarl.ch\/de\/wp-json\/wp\/v2\/product\/30553","targetHints":{"allow":["GET"]}}],"collection":[{"href":"https:\/\/topprixsarl.ch\/de\/wp-json\/wp\/v2\/product"}],"about":[{"href":"https:\/\/topprixsarl.ch\/de\/wp-json\/wp\/v2\/types\/product"}],"replies":[{"embeddable":true,"href":"https:\/\/topprixsarl.ch\/de\/wp-json\/wp\/v2\/comments?post=30553"}],"version-history":[{"count":2,"href":"https:\/\/topprixsarl.ch\/de\/wp-json\/wp\/v2\/product\/30553\/revisions"}],"predecessor-version":[{"id":32603,"href":"https:\/\/topprixsarl.ch\/de\/wp-json\/wp\/v2\/product\/30553\/revisions\/32603"}],"wp:featuredmedia":[{"embeddable":true,"href":"https:\/\/topprixsarl.ch\/de\/wp-json\/wp\/v2\/media\/30552"}],"wp:attachment":[{"href":"https:\/\/topprixsarl.ch\/de\/wp-json\/wp\/v2\/media?parent=30553"}],"wp:term":[{"taxonomy":"product_brand","embeddable":true,"href":"https:\/\/topprixsarl.ch\/de\/wp-json\/wp\/v2\/product_brand?post=30553"},{"taxonomy":"product_cat","embeddable":true,"href":"https:\/\/topprixsarl.ch\/de\/wp-json\/wp\/v2\/product_cat?post=30553"},{"taxonomy":"product_tag","embeddable":true,"href":"https:\/\/topprixsarl.ch\/de\/wp-json\/wp\/v2\/product_tag?post=30553"}],"curies":[{"name":"wp","href":"https:\/\/api.w.org\/{rel}","templated":true}]}}