{"id":30551,"date":"2026-01-09T13:44:10","date_gmt":"2026-01-09T13:44:10","guid":{"rendered":"https:\/\/topprixsarl.ch\/product\/roller-pilot-frixion-ball-effacable-pointe-moyenne-vert\/"},"modified":"2026-01-14T14:20:20","modified_gmt":"2026-01-14T14:20:20","slug":"roller-pilot-frixion-ball-effacable-pointe-moyenne-vert","status":"publish","type":"product","link":"https:\/\/topprixsarl.ch\/de\/product\/roller-pilot-frixion-ball-effacable-pointe-moyenne-vert\/","title":{"rendered":"Roller Pilot Frixion Ball &#8211; effa\u00e7able &#8211; pointe moyenne &#8211; vert"},"content":{"rendered":"<p>\u00c9crivez &#8230; Effacez&#8230; et recommencez !<\/p>\n<p>+ \u00c9criture souple gr\u00e2ce \u00e0 sa bille moyenne<br \/>\n+ Effacez par une simple pression sans ab\u00eemer le papier et recommencez sans attendre<br \/>\n+ Encre effa\u00e7able (thermosensible)<br \/>\n+ Ne pas utiliser sur des documents officiels (l&rsquo;encre s&rsquo;efface \u00e0 + 60\u00b0C et r\u00e9apparait \u00e0 -10\u00b0C)  <\/p>\n<p>+ Prise en main facile, gr\u00e2ce \u00e0 son grip caoutchouc<br \/>\n+ Rechargeable avec les recharges pour FriXion Ball<br \/>\n+ Pointe moyenne : 0,7 mm<br \/>\n+ Tra\u00e7\u00e9 : 0,35 mm  <\/p>\n<p>*Note : L&rsquo;encre s&rsquo;efface \u00e0 + 60\u00b0C et r\u00e9apparait \u00e0 -10\u00b0C.*<\/p>","protected":false},"excerpt":{"rendered":"<p>\u00c9crivez &#8230; Effacez&#8230; et recommencez !\u00c9criture souple gr\u00e2ce \u00e0 sa bille moyenne, effacez par une simple pression sans ab\u00eemer le papier et recommencez sans attendre.Encre effa\u00e7able (thermosensible).Ne pas utiliser sur des documents officiels (l&rsquo;encre <\/p>","protected":false},"featured_media":30550,"comment_status":"open","ping_status":"closed","template":"","meta":[],"product_brand":[],"product_cat":[137],"product_tag":[],"class_list":{"0":"post-30551","1":"product","2":"type-product","3":"status-publish","4":"has-post-thumbnail","6":"product_cat-papier","8":"first","9":"instock","10":"shipping-taxable","11":"purchasable","12":"product-type-simple"},"_links":{"self":[{"href":"https:\/\/topprixsarl.ch\/de\/wp-json\/wp\/v2\/product\/30551","targetHints":{"allow":["GET"]}}],"collection":[{"href":"https:\/\/topprixsarl.ch\/de\/wp-json\/wp\/v2\/product"}],"about":[{"href":"https:\/\/topprixsarl.ch\/de\/wp-json\/wp\/v2\/types\/product"}],"replies":[{"embeddable":true,"href":"https:\/\/topprixsarl.ch\/de\/wp-json\/wp\/v2\/comments?post=30551"}],"version-history":[{"count":2,"href":"https:\/\/topprixsarl.ch\/de\/wp-json\/wp\/v2\/product\/30551\/revisions"}],"predecessor-version":[{"id":32602,"href":"https:\/\/topprixsarl.ch\/de\/wp-json\/wp\/v2\/product\/30551\/revisions\/32602"}],"wp:featuredmedia":[{"embeddable":true,"href":"https:\/\/topprixsarl.ch\/de\/wp-json\/wp\/v2\/media\/30550"}],"wp:attachment":[{"href":"https:\/\/topprixsarl.ch\/de\/wp-json\/wp\/v2\/media?parent=30551"}],"wp:term":[{"taxonomy":"product_brand","embeddable":true,"href":"https:\/\/topprixsarl.ch\/de\/wp-json\/wp\/v2\/product_brand?post=30551"},{"taxonomy":"product_cat","embeddable":true,"href":"https:\/\/topprixsarl.ch\/de\/wp-json\/wp\/v2\/product_cat?post=30551"},{"taxonomy":"product_tag","embeddable":true,"href":"https:\/\/topprixsarl.ch\/de\/wp-json\/wp\/v2\/product_tag?post=30551"}],"curies":[{"name":"wp","href":"https:\/\/api.w.org\/{rel}","templated":true}]}}