{"id":30547,"date":"2026-01-09T13:43:27","date_gmt":"2026-01-09T13:43:27","guid":{"rendered":"https:\/\/topprixsarl.ch\/product\/savon-mains-greenspeed-flo-hand-wash-flacon-pompe-de-500-ml\/"},"modified":"2026-01-14T14:20:20","modified_gmt":"2026-01-14T14:20:20","slug":"savon-mains-greenspeed-flo-hand-wash-flacon-pompe-de-500-ml","status":"publish","type":"product","link":"https:\/\/topprixsarl.ch\/de\/product\/savon-mains-greenspeed-flo-hand-wash-flacon-pompe-de-500-ml\/","title":{"rendered":"Savon mains Greenspeed Flo Hand Wash &#8211; flacon pompe de 500 ml"},"content":{"rendered":"<p>Savon doux qui caresse la peau<\/p>\n<p>Un bon savon endommage les bact\u00e9ries, un mauvais savon endommage votre peau. Si vous utilisez un produit dont le pH n&rsquo;est pas adapt\u00e9, vous souffrirez avec le temps d\u2019irritations, d\u2019\u00e9ruptions cutan\u00e9es voire de maladies de la peau. Il faut bien utiliser le bon savon. <\/p>\n<p>Avec ce savon Ecover, vos mains seront propres et en bonne sant\u00e9. C&rsquo;est le savon qu&rsquo;il vous faut si vous voulez avoir les mains douces, propres et hydrat\u00e9es. <\/p>\n<p>+ Des mains mal lav\u00e9es favorisent les bact\u00e9ries et des distributeurs inappropri\u00e9s permettent la contamination par des mains sales. <\/p>\n<p>Mais dans ce cas, un distributeur pratique mesure la quantit\u00e9 de savon requise et \u00e9limine ce risque de contamination. <\/p>\n<p>+ Il est important d&rsquo;assurer une excellente propret\u00e9, mais aussi de veiller \u00e0 ce que vos mains soient douces et combl\u00e9es. <\/p>\n<p>La formule d\u00e9licate, mais efficace, est excellente pour un usage fr\u00e9quent et quotidien. <\/p>\n<p>+ Le pH neutre ne dess\u00e8che pas la peau et \u00e9limine l&rsquo;inconfort. <\/p>\n<p>Apr\u00e8s chaque utilisation, la peau est hydrat\u00e9e et vivante et l&rsquo;odeur douce et florale est un r\u00e9gal pour les sens. <\/p>\n<p>+ En outre, le produit est class\u00e9 comme \u00e9tant \u00e9cologique, ce que confirme le label \u00e9cologique de l&rsquo;UE. <\/p>\n<p>Votre peau vous dira \u00abmerci\u00bb!<\/p>\n<p>12 bouteilles\/carton<br \/>\n90 cartons\/palette (=1080 bouteilles\/palette)<\/p>","protected":false},"excerpt":{"rendered":"<p>Savon doux qui caresse la peau Un bon savon endommage les bact\u00e9ries, un mauvais savon endommage votre peau. Si vous utilisez un produit dont le pH n&rsquo;est pas adapt\u00e9, vous souffrirez avec le temps d\u2019irritations, d\u2019\u00e9ruptions cutan\u00e9es voire de maladies d<\/p>","protected":false},"featured_media":30546,"comment_status":"open","ping_status":"closed","template":"","meta":[],"product_brand":[],"product_cat":[143],"product_tag":[],"class_list":{"0":"post-30547","1":"product","2":"type-product","3":"status-publish","4":"has-post-thumbnail","6":"product_cat-nettoyage","8":"first","9":"instock","10":"shipping-taxable","11":"purchasable","12":"product-type-simple"},"_links":{"self":[{"href":"https:\/\/topprixsarl.ch\/de\/wp-json\/wp\/v2\/product\/30547","targetHints":{"allow":["GET"]}}],"collection":[{"href":"https:\/\/topprixsarl.ch\/de\/wp-json\/wp\/v2\/product"}],"about":[{"href":"https:\/\/topprixsarl.ch\/de\/wp-json\/wp\/v2\/types\/product"}],"replies":[{"embeddable":true,"href":"https:\/\/topprixsarl.ch\/de\/wp-json\/wp\/v2\/comments?post=30547"}],"version-history":[{"count":2,"href":"https:\/\/topprixsarl.ch\/de\/wp-json\/wp\/v2\/product\/30547\/revisions"}],"predecessor-version":[{"id":32599,"href":"https:\/\/topprixsarl.ch\/de\/wp-json\/wp\/v2\/product\/30547\/revisions\/32599"}],"wp:featuredmedia":[{"embeddable":true,"href":"https:\/\/topprixsarl.ch\/de\/wp-json\/wp\/v2\/media\/30546"}],"wp:attachment":[{"href":"https:\/\/topprixsarl.ch\/de\/wp-json\/wp\/v2\/media?parent=30547"}],"wp:term":[{"taxonomy":"product_brand","embeddable":true,"href":"https:\/\/topprixsarl.ch\/de\/wp-json\/wp\/v2\/product_brand?post=30547"},{"taxonomy":"product_cat","embeddable":true,"href":"https:\/\/topprixsarl.ch\/de\/wp-json\/wp\/v2\/product_cat?post=30547"},{"taxonomy":"product_tag","embeddable":true,"href":"https:\/\/topprixsarl.ch\/de\/wp-json\/wp\/v2\/product_tag?post=30547"}],"curies":[{"name":"wp","href":"https:\/\/api.w.org\/{rel}","templated":true}]}}