{"id":30543,"date":"2026-01-09T13:42:54","date_gmt":"2026-01-09T13:42:54","guid":{"rendered":"https:\/\/topprixsarl.ch\/product\/diffuseur-de-parfum-automatique-tork-premium-a1-blanc\/"},"modified":"2026-01-14T14:20:20","modified_gmt":"2026-01-14T14:20:20","slug":"diffuseur-de-parfum-automatique-tork-premium-a1-blanc","status":"publish","type":"product","link":"https:\/\/topprixsarl.ch\/de\/product\/diffuseur-de-parfum-automatique-tork-premium-a1-blanc\/","title":{"rendered":"Diffuseur de parfum automatique Tork Premium A1 &#8211; blanc"},"content":{"rendered":"<p>Plus d&rsquo;odeurs d\u00e9sagr\u00e9ables<\/p>\n<p>Nos cinq sens sont aussi faciles \u00e0 satisfaire qu&rsquo;\u00e0 offenser, et notamment notre odorat. Nous avons tous eu des exp\u00e9riences de toilettes d\u00e9sagr\u00e9ables : c\u2019est l\u00e0 que l\u2019on sent les pires odeurs. Vous avez peut-\u00eatre des toilettes d\u00e9sagr\u00e9ables au bureau ou \u00e0 la maison que vous n&rsquo;arrivez tout simplement pas \u00e0 vider&#8230; <\/p>\n<p>Jetez un coup d&rsquo;\u0153il \u00e0 ce vaporisateur A1 de Tork. Tork a tout pris en compte avec cet appareil : design et fonctionnalit\u00e9. Sa forme \u00e9l\u00e9gante et ses lignes \u00e9l\u00e9gantes s&rsquo;int\u00e8grent et s&rsquo;adaptent parfaitement \u00e0 tous les int\u00e9rieurs. Le syst\u00e8me de fixation assure que vous pouvez le cacher ou le fixer facilement.<\/p>\n<p>+ Fonctionnement autonome : Avec une batterie (non incluse), le rafra\u00eechisseur fait tout le travail pour vous. Il suffit de r\u00e9gler la minuterie et le distributeur pulv\u00e9risera un ar\u00f4me d\u00e9licat en continu. <\/p>\n<p>+ Remplacement facile : Apr\u00e8s environ 3000 vaporisations, il suffit de remplacer votre parfum pr\u00e9f\u00e9r\u00e9 et de laisser le diffuseur exercer \u00e0 nouveau sa magie. <\/p>\n<p>+ Atmosph\u00e8re personnalisable : Vous pouvez vraiment cr\u00e9er n&rsquo;importe quelle atmosph\u00e8re en choisissant parmi les diff\u00e9rents parfums de Tork.<\/p>\n<p>Remettez le plaisir dans vos toilettes!<\/p>","protected":false},"excerpt":{"rendered":"<p>Plus d&rsquo;odeurs d\u00e9sagr\u00e9ables Nos cinq sens sont aussi faciles \u00e0 satisfaire qu&rsquo;\u00e0 offenser, et notamment notre odorat. Nous avons tous eu des exp\u00e9riences de toilettes d\u00e9sagr\u00e9ables: c\u2019est l\u00e0 que l\u2019on sent les pires odeurs. Vous avez peut-\u00eatre des toilette<\/p>","protected":false},"featured_media":30542,"comment_status":"open","ping_status":"closed","template":"","meta":[],"product_brand":[],"product_cat":[143],"product_tag":[],"class_list":{"0":"post-30543","1":"product","2":"type-product","3":"status-publish","4":"has-post-thumbnail","6":"product_cat-nettoyage","8":"first","9":"instock","10":"shipping-taxable","11":"purchasable","12":"product-type-simple"},"_links":{"self":[{"href":"https:\/\/topprixsarl.ch\/de\/wp-json\/wp\/v2\/product\/30543","targetHints":{"allow":["GET"]}}],"collection":[{"href":"https:\/\/topprixsarl.ch\/de\/wp-json\/wp\/v2\/product"}],"about":[{"href":"https:\/\/topprixsarl.ch\/de\/wp-json\/wp\/v2\/types\/product"}],"replies":[{"embeddable":true,"href":"https:\/\/topprixsarl.ch\/de\/wp-json\/wp\/v2\/comments?post=30543"}],"version-history":[{"count":2,"href":"https:\/\/topprixsarl.ch\/de\/wp-json\/wp\/v2\/product\/30543\/revisions"}],"predecessor-version":[{"id":32597,"href":"https:\/\/topprixsarl.ch\/de\/wp-json\/wp\/v2\/product\/30543\/revisions\/32597"}],"wp:featuredmedia":[{"embeddable":true,"href":"https:\/\/topprixsarl.ch\/de\/wp-json\/wp\/v2\/media\/30542"}],"wp:attachment":[{"href":"https:\/\/topprixsarl.ch\/de\/wp-json\/wp\/v2\/media?parent=30543"}],"wp:term":[{"taxonomy":"product_brand","embeddable":true,"href":"https:\/\/topprixsarl.ch\/de\/wp-json\/wp\/v2\/product_brand?post=30543"},{"taxonomy":"product_cat","embeddable":true,"href":"https:\/\/topprixsarl.ch\/de\/wp-json\/wp\/v2\/product_cat?post=30543"},{"taxonomy":"product_tag","embeddable":true,"href":"https:\/\/topprixsarl.ch\/de\/wp-json\/wp\/v2\/product_tag?post=30543"}],"curies":[{"name":"wp","href":"https:\/\/api.w.org\/{rel}","templated":true}]}}