{"id":30531,"date":"2026-01-09T13:41:22","date_gmt":"2026-01-09T13:41:22","guid":{"rendered":"https:\/\/topprixsarl.ch\/product\/recharge-roller-pilot-frixion-clicker-ball-zone-bleue-lot-de-3\/"},"modified":"2026-01-14T14:20:21","modified_gmt":"2026-01-14T14:20:21","slug":"recharge-roller-pilot-frixion-clicker-ball-zone-bleue-lot-de-3","status":"publish","type":"product","link":"https:\/\/topprixsarl.ch\/de\/product\/recharge-roller-pilot-frixion-clicker-ball-zone-bleue-lot-de-3\/","title":{"rendered":"Recharge roller Pilot Frixion Clicker \/ Ball \/ Zone &#8211; bleue &#8211; lot de 3"},"content":{"rendered":"<p>Meilleure performance pour les stylos roller gel<\/p>\n<p>Les stylos roller \u00e0 encre gel sont des grands gaspilleurs d&rsquo;encre. Cependant, ils offrent plus de contr\u00f4le, de solidit\u00e9 et une \u00e9criture plus fluide &#8211; c&rsquo;est pour cette raison qu\u2019on continue \u00e0 les utiliser.<\/p>\n<p>Les recharges Pentel Energel roller sont une fa\u00e7on de rem\u00e9dier \u00e0 ce gaspillage d&rsquo;encre. Elles conviennent parfaitement \u00e0 la plupart des mod\u00e8les de stylos Pentel Energel et sont facilement interchangeables.<\/p>\n<p>+ Gr\u00e2ce \u00e0 leur fin roller de 0.7 mm, elles \u00e9crivent mieux et plus longtemps.<\/p>\n<p>+ Elles disposent \u00e9galement d&rsquo;une protection qui les emp\u00eache de fuir.<\/p>\n<p>Continuez \u00e0 \u00e9crire avec ces recharges!*<\/p>","protected":false},"excerpt":{"rendered":"<p>Meilleure performance pour les stylos roller gel Les stylos roller \u00e0 encre gel sont des grands gaspilleurs d&rsquo;encre. Cependant, ils offrent plus de contr\u00f4le, de solidit\u00e9 et une \u00e9criture plus fluide &#8211; c&rsquo;est pour cette raison qu\u2019on continue \u00e0 les utilis<\/p>","protected":false},"featured_media":30530,"comment_status":"open","ping_status":"closed","template":"","meta":[],"product_brand":[],"product_cat":[137],"product_tag":[],"class_list":{"0":"post-30531","1":"product","2":"type-product","3":"status-publish","4":"has-post-thumbnail","6":"product_cat-article-offic","8":"first","9":"instock","10":"shipping-taxable","11":"purchasable","12":"product-type-simple"},"_links":{"self":[{"href":"https:\/\/topprixsarl.ch\/de\/wp-json\/wp\/v2\/product\/30531","targetHints":{"allow":["GET"]}}],"collection":[{"href":"https:\/\/topprixsarl.ch\/de\/wp-json\/wp\/v2\/product"}],"about":[{"href":"https:\/\/topprixsarl.ch\/de\/wp-json\/wp\/v2\/types\/product"}],"replies":[{"embeddable":true,"href":"https:\/\/topprixsarl.ch\/de\/wp-json\/wp\/v2\/comments?post=30531"}],"version-history":[{"count":2,"href":"https:\/\/topprixsarl.ch\/de\/wp-json\/wp\/v2\/product\/30531\/revisions"}],"predecessor-version":[{"id":32591,"href":"https:\/\/topprixsarl.ch\/de\/wp-json\/wp\/v2\/product\/30531\/revisions\/32591"}],"wp:featuredmedia":[{"embeddable":true,"href":"https:\/\/topprixsarl.ch\/de\/wp-json\/wp\/v2\/media\/30530"}],"wp:attachment":[{"href":"https:\/\/topprixsarl.ch\/de\/wp-json\/wp\/v2\/media?parent=30531"}],"wp:term":[{"taxonomy":"product_brand","embeddable":true,"href":"https:\/\/topprixsarl.ch\/de\/wp-json\/wp\/v2\/product_brand?post=30531"},{"taxonomy":"product_cat","embeddable":true,"href":"https:\/\/topprixsarl.ch\/de\/wp-json\/wp\/v2\/product_cat?post=30531"},{"taxonomy":"product_tag","embeddable":true,"href":"https:\/\/topprixsarl.ch\/de\/wp-json\/wp\/v2\/product_tag?post=30531"}],"curies":[{"name":"wp","href":"https:\/\/api.w.org\/{rel}","templated":true}]}}