{"id":30529,"date":"2026-01-09T13:41:07","date_gmt":"2026-01-09T13:41:07","guid":{"rendered":"https:\/\/topprixsarl.ch\/product\/roller-de-correction-tipp-ex-microtape-twist-8-m-x-5-mm\/"},"modified":"2026-01-14T14:20:21","modified_gmt":"2026-01-14T14:20:21","slug":"roller-de-correction-tipp-ex-microtape-twist-8-m-x-5-mm","status":"publish","type":"product","link":"https:\/\/topprixsarl.ch\/de\/product\/roller-de-correction-tipp-ex-microtape-twist-8-m-x-5-mm\/","title":{"rendered":"Roller de correction Tipp-Ex Microtape Twist &#8211; 8 m x 5 mm"},"content":{"rendered":"<p>**Correcteur de poche compact**<\/p>\n<p>Lorsque vous travaillez sous pression et avec beaucoup d&rsquo;informations, une erreur est lourde de cons\u00e9quences. Elles sont d\u2019autant plus frustrantes si la date limite est proche. Il vous reste cinq minutes pour r\u00e9imprimer le document et le remettre, qu&rsquo;allez-vous faire? <\/p>\n<p>Vous pouvez bien s\u00fbr utiliser votre Tipp-Ex! Ces pionniers allemands de la correction ont sauv\u00e9 des carri\u00e8res pendant des d\u00e9cennies &#8211; vous pouvez leur faire confiance! <\/p>\n<p>Ce correcteur compact se transporte partout pour corriger les erreurs en toutes circonstances. <\/p>\n<p>+ Capuchon qui prot\u00e8ge l\u2019embout et le ruban correcteur contre les dommages, sans aucun risque de taches sur les v\u00eatements. <\/p>\n<p>+ Ruban de 5 mm de large et de 8 m de long pour des corrections \u00e0 l\u2019infini. <\/p>\n<p>Utilisez ce correcteur compact pour corriger les erreurs, c&rsquo;est pratique!*<\/p>","protected":false},"excerpt":{"rendered":"<p>Correcteur de poche compactLorsque vous travaillez sous pression et avec beaucoup d&rsquo;informations, une erreur est lourde de cons\u00e9quences. Elle sont d\u2019autant plus frustrantes si la date limite est proche. Il vous reste cinq minutes pour r\u00e9imprimer le d<\/p>","protected":false},"featured_media":30528,"comment_status":"open","ping_status":"closed","template":"","meta":[],"product_brand":[],"product_cat":[137],"product_tag":[],"class_list":{"0":"post-30529","1":"product","2":"type-product","3":"status-publish","4":"has-post-thumbnail","6":"product_cat-article-offic","8":"first","9":"instock","10":"shipping-taxable","11":"purchasable","12":"product-type-simple"},"_links":{"self":[{"href":"https:\/\/topprixsarl.ch\/de\/wp-json\/wp\/v2\/product\/30529","targetHints":{"allow":["GET"]}}],"collection":[{"href":"https:\/\/topprixsarl.ch\/de\/wp-json\/wp\/v2\/product"}],"about":[{"href":"https:\/\/topprixsarl.ch\/de\/wp-json\/wp\/v2\/types\/product"}],"replies":[{"embeddable":true,"href":"https:\/\/topprixsarl.ch\/de\/wp-json\/wp\/v2\/comments?post=30529"}],"version-history":[{"count":2,"href":"https:\/\/topprixsarl.ch\/de\/wp-json\/wp\/v2\/product\/30529\/revisions"}],"predecessor-version":[{"id":32590,"href":"https:\/\/topprixsarl.ch\/de\/wp-json\/wp\/v2\/product\/30529\/revisions\/32590"}],"wp:featuredmedia":[{"embeddable":true,"href":"https:\/\/topprixsarl.ch\/de\/wp-json\/wp\/v2\/media\/30528"}],"wp:attachment":[{"href":"https:\/\/topprixsarl.ch\/de\/wp-json\/wp\/v2\/media?parent=30529"}],"wp:term":[{"taxonomy":"product_brand","embeddable":true,"href":"https:\/\/topprixsarl.ch\/de\/wp-json\/wp\/v2\/product_brand?post=30529"},{"taxonomy":"product_cat","embeddable":true,"href":"https:\/\/topprixsarl.ch\/de\/wp-json\/wp\/v2\/product_cat?post=30529"},{"taxonomy":"product_tag","embeddable":true,"href":"https:\/\/topprixsarl.ch\/de\/wp-json\/wp\/v2\/product_tag?post=30529"}],"curies":[{"name":"wp","href":"https:\/\/api.w.org\/{rel}","templated":true}]}}