{"id":30525,"date":"2026-01-09T13:40:38","date_gmt":"2026-01-09T13:40:38","guid":{"rendered":"https:\/\/topprixsarl.ch\/product\/essuie-mains-plie-kleenex-6778-2-plis-z-blanc-15-paquets-x-124-feuilles\/"},"modified":"2026-04-11T01:25:13","modified_gmt":"2026-04-11T01:25:13","slug":"essuie-mains-plie-kleenex-6778-2-plis-z-blanc-15-paquets-x-124-feuilles","status":"publish","type":"product","link":"https:\/\/topprixsarl.ch\/de\/product\/essuie-mains-plie-kleenex-6778-2-plis-z-blanc-15-paquets-x-124-feuilles\/","title":{"rendered":"Essuie-mains pli\u00e9 Kleenex 6778 &#8211; 2 plis Z &#8211; blanc &#8211; 15 paquets x 124 feuilles"},"content":{"rendered":"<p>Des mains propres et un toucher agr\u00e9able<\/p>\n<p>Les serviettes en papier sont un moyen facile de se s\u00e9cher les mains et se trouvent dans presque toutes les toilettes. Mais, pour refl\u00e9ter un vrai professionnalisme, les bureaux, restaurants, centres commerciaux et autres doivent choisir des serviettes de qualit\u00e9 sup\u00e9rieure, efficaces et sans danger pour l&rsquo;environnement. <\/p>\n<p>Un petit conseil? Essayez ces serviettes 2 plis Ultra de Kleenex!<\/p>\n<p>+ Douces et en papier durable, elles offrent une excellente r\u00e9sistance \u00e0 la d\u00e9chirure. <\/p>\n<p>+ Gr\u00e2ce \u00e0 la technologie Airflex et \u00e0 leur grande capacit\u00e9 d&rsquo;absorption, vous n&rsquo;avez besoin que d&rsquo;une seule serviette pour vous s\u00e9cher les mains. <\/p>\n<p>+ Vous pourriez en avoir besoin de plusieurs pour frotter des taches de beignets gras sur votre cravate pr\u00e9f\u00e9r\u00e9e, mais cela marchera! <\/p>\n<p>D\u00e9couvrez l&rsquo;excellence de la performance associ\u00e9e au confort supr\u00eame.<\/p>\n<p>Ces serviettes sont parfaites pour toutes les toilettes publiques, salles de bain et toilettes du personnel, mais pour une efficacit\u00e9 optimale, utilisez-les avec les distributeurs de serviettes pli\u00e9es Aquarius pour une consommation r\u00e9duite. <\/p>\n<p>+ En mat\u00e9riaux recycl\u00e9s, elles peuvent \u00eatre recycl\u00e9es \u00e0 nouveau apr\u00e8s utilisation, pour un impact positif sur l&rsquo;environnement avec un simple achat!<\/p>\n<p>Choisissez des serviettes plus douces que vos mains m\u00e9ritent!<\/p>","protected":false},"excerpt":{"rendered":"<p>Des mains propres et un toucher agr\u00e9ableLes serviettes en papier sont un moyen facile de se s\u00e9cher les mains et se trouvent dans presque toutes les toilettes. Mais, pour refl\u00e9ter un vrai professionnalisme, les bureaux, restaurants, centres commerciau<\/p>","protected":false},"featured_media":30524,"comment_status":"open","ping_status":"closed","template":"","meta":[],"product_brand":[],"product_cat":[143],"product_tag":[],"class_list":{"0":"post-30525","1":"product","2":"type-product","3":"status-publish","4":"has-post-thumbnail","6":"product_cat-nettoyage","8":"first","9":"instock","10":"shipping-taxable","11":"purchasable","12":"product-type-simple"},"_links":{"self":[{"href":"https:\/\/topprixsarl.ch\/de\/wp-json\/wp\/v2\/product\/30525","targetHints":{"allow":["GET"]}}],"collection":[{"href":"https:\/\/topprixsarl.ch\/de\/wp-json\/wp\/v2\/product"}],"about":[{"href":"https:\/\/topprixsarl.ch\/de\/wp-json\/wp\/v2\/types\/product"}],"replies":[{"embeddable":true,"href":"https:\/\/topprixsarl.ch\/de\/wp-json\/wp\/v2\/comments?post=30525"}],"version-history":[{"count":2,"href":"https:\/\/topprixsarl.ch\/de\/wp-json\/wp\/v2\/product\/30525\/revisions"}],"predecessor-version":[{"id":32588,"href":"https:\/\/topprixsarl.ch\/de\/wp-json\/wp\/v2\/product\/30525\/revisions\/32588"}],"wp:featuredmedia":[{"embeddable":true,"href":"https:\/\/topprixsarl.ch\/de\/wp-json\/wp\/v2\/media\/30524"}],"wp:attachment":[{"href":"https:\/\/topprixsarl.ch\/de\/wp-json\/wp\/v2\/media?parent=30525"}],"wp:term":[{"taxonomy":"product_brand","embeddable":true,"href":"https:\/\/topprixsarl.ch\/de\/wp-json\/wp\/v2\/product_brand?post=30525"},{"taxonomy":"product_cat","embeddable":true,"href":"https:\/\/topprixsarl.ch\/de\/wp-json\/wp\/v2\/product_cat?post=30525"},{"taxonomy":"product_tag","embeddable":true,"href":"https:\/\/topprixsarl.ch\/de\/wp-json\/wp\/v2\/product_tag?post=30525"}],"curies":[{"name":"wp","href":"https:\/\/api.w.org\/{rel}","templated":true}]}}