{"id":30509,"date":"2026-01-09T13:38:37","date_gmt":"2026-01-09T13:38:37","guid":{"rendered":"https:\/\/topprixsarl.ch\/product\/feutre-de-coloriage-stabilo-trio-2-in-1-coloris-assortis-etui-de-10\/"},"modified":"2026-01-14T14:20:22","modified_gmt":"2026-01-14T14:20:22","slug":"feutre-de-coloriage-stabilo-trio-2-in-1-coloris-assortis-etui-de-10","status":"publish","type":"product","link":"https:\/\/topprixsarl.ch\/de\/product\/feutre-de-coloriage-stabilo-trio-2-in-1-coloris-assortis-etui-de-10\/","title":{"rendered":"Feutre de coloriage Stabilo Trio 2 in 1 &#8211; coloris assortis &#8211; \u00e9tui de 10"},"content":{"rendered":"<p>Stylos \u00e0 double extr\u00e9mit\u00e9 de haute qualit\u00e9<\/p>\n<p>Lorsque vous travaillez dur, votre papeterie doit \u00eatre \u00e0 la hauteur. Le design allemand se caract\u00e9rise par sa haute fonctionnalit\u00e9 combin\u00e9e \u00e0 une efficacit\u00e9 supr\u00eame. Ce Stabilo Trio 2 en 1 ne fait pas exception.<\/p>\n<p>+ Id\u00e9al pour n&rsquo;importe quelle situation, dans un studio de design ou \u00e0 l&rsquo;\u00e9cole, il deviendra un \u00e9l\u00e9ment irrempla\u00e7able de votre trousse \u00e0 crayons.<\/p>\n<p>+ Son design sp\u00e9cial \u00e0 2 pointes permet diverses \u00e9paisseurs d\u2019\u00e9criture. Vous pouvez dessiner des lignes fines de 0,5 mm d\u2019\u00e9paisseur ou beaucoup plus \u00e9paisses de 2 mm avec le m\u00eame mat\u00e9riel pratique.<\/p>\n<p>+ Le corps a un design ergonomique, tr\u00e8s confortable \u00e0 tenir : les crampes \u00e0 la main et les ampoules aux doigts sont du pass\u00e9.<\/p>\n<p>+ Un paquet compte dix stylos de couleurs diff\u00e9rentes. Un seul paquet donne libre cours \u00e0 votre cr\u00e9ativit\u00e9 et permet de cr\u00e9er de nombreux documents dans la couleur de votre choix.<\/p>\n<p>+ Vous pouvez mettre votre travail en valeur avec des couleurs vives ou cr\u00e9er de beaux sch\u00e9mas et graphiques.<\/p>\n<p>+ L&rsquo;encre s\u00e8che rapidement et ne traverse pas le papier, ce qui \u00e9vite les taches.<\/p>\n<p>Lib\u00e9rez votre cr\u00e9ativit\u00e9 avec des couleurs vives! <\/p>\n<p>> Garantie 2 ans<\/p>\n<p>*Notes de bas de page : Les informations suppl\u00e9mentaires peuvent \u00eatre fournies sur demande.<\/p>","protected":false},"excerpt":{"rendered":"<p>Stylos \u00e0 double extr\u00e9mit\u00e9 de haute qualit\u00e9 Lorsque vous travaillez dur, votre papeterie doit \u00eatre \u00e0 la hauteur. Le design allemand se caract\u00e9rise par sa haute fonctionnalit\u00e9 combin\u00e9e \u00e0 une efficacit\u00e9 supr\u00eame. Ce Stabilo Trio 2 en 1 ne fait pas except<\/p>","protected":false},"featured_media":30508,"comment_status":"open","ping_status":"closed","template":"","meta":[],"product_brand":[],"product_cat":[137],"product_tag":[],"class_list":{"0":"post-30509","1":"product","2":"type-product","3":"status-publish","4":"has-post-thumbnail","6":"product_cat-papier","8":"first","9":"instock","10":"shipping-taxable","11":"purchasable","12":"product-type-simple"},"_links":{"self":[{"href":"https:\/\/topprixsarl.ch\/de\/wp-json\/wp\/v2\/product\/30509","targetHints":{"allow":["GET"]}}],"collection":[{"href":"https:\/\/topprixsarl.ch\/de\/wp-json\/wp\/v2\/product"}],"about":[{"href":"https:\/\/topprixsarl.ch\/de\/wp-json\/wp\/v2\/types\/product"}],"replies":[{"embeddable":true,"href":"https:\/\/topprixsarl.ch\/de\/wp-json\/wp\/v2\/comments?post=30509"}],"version-history":[{"count":2,"href":"https:\/\/topprixsarl.ch\/de\/wp-json\/wp\/v2\/product\/30509\/revisions"}],"predecessor-version":[{"id":32580,"href":"https:\/\/topprixsarl.ch\/de\/wp-json\/wp\/v2\/product\/30509\/revisions\/32580"}],"wp:featuredmedia":[{"embeddable":true,"href":"https:\/\/topprixsarl.ch\/de\/wp-json\/wp\/v2\/media\/30508"}],"wp:attachment":[{"href":"https:\/\/topprixsarl.ch\/de\/wp-json\/wp\/v2\/media?parent=30509"}],"wp:term":[{"taxonomy":"product_brand","embeddable":true,"href":"https:\/\/topprixsarl.ch\/de\/wp-json\/wp\/v2\/product_brand?post=30509"},{"taxonomy":"product_cat","embeddable":true,"href":"https:\/\/topprixsarl.ch\/de\/wp-json\/wp\/v2\/product_cat?post=30509"},{"taxonomy":"product_tag","embeddable":true,"href":"https:\/\/topprixsarl.ch\/de\/wp-json\/wp\/v2\/product_tag?post=30509"}],"curies":[{"name":"wp","href":"https:\/\/api.w.org\/{rel}","templated":true}]}}