{"id":30507,"date":"2026-01-09T13:38:21","date_gmt":"2026-01-09T13:38:21","guid":{"rendered":"https:\/\/topprixsarl.ch\/product\/porte-bloc-transparent-coloris-noir\/"},"modified":"2026-01-14T14:20:22","modified_gmt":"2026-01-14T14:20:22","slug":"porte-bloc-transparent-coloris-noir","status":"publish","type":"product","link":"https:\/\/topprixsarl.ch\/de\/product\/porte-bloc-transparent-coloris-noir\/","title":{"rendered":"Porte bloc transparent &#8211; coloris noir"},"content":{"rendered":"<p>Les t\u00e2ches de la semaine sont maintenant simplifi\u00e9es. Accepter du fret ou faire l&rsquo;inventaire au bureau n&rsquo;est pas une t\u00e2che facile. Il est extr\u00eamement difficile et peu pratique de faire une inspection avec une liste \u00e0 la main ou de marquer quelque chose sans percer le papier. Vous ne trouverez pas dans chaque pi\u00e8ce, une table ou une surface solide sur laquelle \u00e9crire.<\/p>\n<p>+ Presse-papiers en PVC avec une fixation s\u00fbre des feuilles, r\u00e9solvant ce probl\u00e8me.<\/p>\n<p>Le presse-papiers lui-m\u00eame est un outil parfait, procurant une surface d&rsquo;\u00e9criture stable m\u00eame si vous \u00eates debout. <\/p>\n<p>+ Clip robuste et durable permettant de maintenir vos papiers.<br \/>\n+ Maintient les feuilles et les emp\u00eache de bouger m\u00eame lorsque vous \u00e9crivez.<br \/>\n+ Bords arrondis du support, maintenant les feuilles fermement mais sans dommage. <\/p>\n<p>Il est aussi dot\u00e9 d&rsquo;un porte-stylo pratique, vous n&rsquo;avez donc pas \u00e0 tenir constamment un stylo en main quand il n&rsquo;y a rien \u00e0 \u00e9crire. <\/p>\n<p>+ Fini les stylos perdus!<\/p>\n<p>Fabriqu\u00e9 en plastique PVC durable, le presse-papiers peut servir tr\u00e8s longtemps. <\/p>\n<p>+ Taille parfaitement adapt\u00e9e aux feuilles A4.<\/p>\n<p>Prenez des notes en toute circonstance sans sacrifier la qualit\u00e9!*<\/p>","protected":false},"excerpt":{"rendered":"<p>Les t\u00e2ches de la semaine sont maintenant simplifi\u00e9es Accepter du fret ou faire l&rsquo;inventaire au bureau n&rsquo;est pas une t\u00e2che facile. Il est extr\u00eamement difficile et peu pratique de faire une inspection avec une liste \u00e0 la main ou de marquer quelque chos<\/p>","protected":false},"featured_media":30506,"comment_status":"open","ping_status":"closed","template":"","meta":[],"product_brand":[],"product_cat":[137],"product_tag":[],"class_list":{"0":"post-30507","1":"product","2":"type-product","3":"status-publish","4":"has-post-thumbnail","6":"product_cat-papier","8":"first","9":"instock","10":"shipping-taxable","11":"purchasable","12":"product-type-simple"},"_links":{"self":[{"href":"https:\/\/topprixsarl.ch\/de\/wp-json\/wp\/v2\/product\/30507","targetHints":{"allow":["GET"]}}],"collection":[{"href":"https:\/\/topprixsarl.ch\/de\/wp-json\/wp\/v2\/product"}],"about":[{"href":"https:\/\/topprixsarl.ch\/de\/wp-json\/wp\/v2\/types\/product"}],"replies":[{"embeddable":true,"href":"https:\/\/topprixsarl.ch\/de\/wp-json\/wp\/v2\/comments?post=30507"}],"version-history":[{"count":2,"href":"https:\/\/topprixsarl.ch\/de\/wp-json\/wp\/v2\/product\/30507\/revisions"}],"predecessor-version":[{"id":32579,"href":"https:\/\/topprixsarl.ch\/de\/wp-json\/wp\/v2\/product\/30507\/revisions\/32579"}],"wp:featuredmedia":[{"embeddable":true,"href":"https:\/\/topprixsarl.ch\/de\/wp-json\/wp\/v2\/media\/30506"}],"wp:attachment":[{"href":"https:\/\/topprixsarl.ch\/de\/wp-json\/wp\/v2\/media?parent=30507"}],"wp:term":[{"taxonomy":"product_brand","embeddable":true,"href":"https:\/\/topprixsarl.ch\/de\/wp-json\/wp\/v2\/product_brand?post=30507"},{"taxonomy":"product_cat","embeddable":true,"href":"https:\/\/topprixsarl.ch\/de\/wp-json\/wp\/v2\/product_cat?post=30507"},{"taxonomy":"product_tag","embeddable":true,"href":"https:\/\/topprixsarl.ch\/de\/wp-json\/wp\/v2\/product_tag?post=30507"}],"curies":[{"name":"wp","href":"https:\/\/api.w.org\/{rel}","templated":true}]}}