{"id":30487,"date":"2026-01-09T13:35:32","date_gmt":"2026-01-09T13:35:32","guid":{"rendered":"https:\/\/topprixsarl.ch\/product\/classeur-swiss-standard-a4-7-cm-rouge\/"},"modified":"2026-01-14T14:20:23","modified_gmt":"2026-01-14T14:20:23","slug":"classeur-swiss-standard-a4-7-cm-rouge","status":"publish","type":"product","link":"https:\/\/topprixsarl.ch\/de\/product\/classeur-swiss-standard-a4-7-cm-rouge\/","title":{"rendered":"Classeur Swiss Standard A4, 7 cm, rouge"},"content":{"rendered":"<p>Classeurs pour les documents importants<\/p>\n<p>Les documents importants devraient \u00eatre archiv\u00e9s dans un classeur appropri\u00e9, ne pensez-vous pas? Ou dans un dossier qui se distingue des autres. C&rsquo;est pour cette raison que a con\u00e7u ce produit.<\/p>\n<p>+ Classeur Swiss Standard A4, id\u00e9al pour stocker un grand nombre de papiers de bureau.<\/p>\n<p>+ Bonne capacit\u00e9 et longue dur\u00e9e de vie gr\u00e2ce \u00e0 des mat\u00e9riaux r\u00e9sistants.<\/p>\n<p>+ \u00c9tiquette pratique au recto de l\u2019article pour trier vos documents dans les meilleures conditions.<\/p>\n<p>Archivez vos papiers avec!<\/p>","protected":false},"excerpt":{"rendered":"<p>Classeurs pour les documents importants Les documents importants devraient \u00eatre archiv\u00e9s dans un classeur appropri\u00e9, ne pensez-vous pas? Ou dans un dossier qui se distingue des autres. C&rsquo;est pour cette raison que a con\u00e7u ce produit. Le classeu<\/p>","protected":false},"featured_media":30486,"comment_status":"open","ping_status":"closed","template":"","meta":[],"product_brand":[],"product_cat":[137],"product_tag":[],"class_list":{"0":"post-30487","1":"product","2":"type-product","3":"status-publish","4":"has-post-thumbnail","6":"product_cat-article-offic","8":"first","9":"instock","10":"shipping-taxable","11":"purchasable","12":"product-type-simple"},"_links":{"self":[{"href":"https:\/\/topprixsarl.ch\/de\/wp-json\/wp\/v2\/product\/30487","targetHints":{"allow":["GET"]}}],"collection":[{"href":"https:\/\/topprixsarl.ch\/de\/wp-json\/wp\/v2\/product"}],"about":[{"href":"https:\/\/topprixsarl.ch\/de\/wp-json\/wp\/v2\/types\/product"}],"replies":[{"embeddable":true,"href":"https:\/\/topprixsarl.ch\/de\/wp-json\/wp\/v2\/comments?post=30487"}],"version-history":[{"count":3,"href":"https:\/\/topprixsarl.ch\/de\/wp-json\/wp\/v2\/product\/30487\/revisions"}],"predecessor-version":[{"id":33324,"href":"https:\/\/topprixsarl.ch\/de\/wp-json\/wp\/v2\/product\/30487\/revisions\/33324"}],"wp:featuredmedia":[{"embeddable":true,"href":"https:\/\/topprixsarl.ch\/de\/wp-json\/wp\/v2\/media\/30486"}],"wp:attachment":[{"href":"https:\/\/topprixsarl.ch\/de\/wp-json\/wp\/v2\/media?parent=30487"}],"wp:term":[{"taxonomy":"product_brand","embeddable":true,"href":"https:\/\/topprixsarl.ch\/de\/wp-json\/wp\/v2\/product_brand?post=30487"},{"taxonomy":"product_cat","embeddable":true,"href":"https:\/\/topprixsarl.ch\/de\/wp-json\/wp\/v2\/product_cat?post=30487"},{"taxonomy":"product_tag","embeddable":true,"href":"https:\/\/topprixsarl.ch\/de\/wp-json\/wp\/v2\/product_tag?post=30487"}],"curies":[{"name":"wp","href":"https:\/\/api.w.org\/{rel}","templated":true}]}}