{"id":30485,"date":"2026-01-09T13:35:19","date_gmt":"2026-01-09T13:35:19","guid":{"rendered":"https:\/\/topprixsarl.ch\/product\/classeur-swiss-standard-a4-7-cm-rose\/"},"modified":"2026-01-14T14:20:23","modified_gmt":"2026-01-14T14:20:23","slug":"classeur-swiss-standard-a4-7-cm-rose","status":"publish","type":"product","link":"https:\/\/topprixsarl.ch\/de\/product\/classeur-swiss-standard-a4-7-cm-rose\/","title":{"rendered":"Classeur Swiss Standard A4, 7 cm, rose"},"content":{"rendered":"<p>Un dossier exceptionnel<\/p>\n<p>Si vous avez besoin d&rsquo;archiver des documents sp\u00e9ciaux, ou si vous cherchez un bon design, le classeur de peut r\u00e9pondre \u00e0 vos besoins.<\/p>\n<p>Le classeur Swiss Standard allie confort et cr\u00e9ativit\u00e9. Il a \u00e9t\u00e9 con\u00e7u pour archiver tous vos documents dans les meilleures conditions. <\/p>\n<p>+ Mat\u00e9riau r\u00e9sistant, parfait pour un usage \u00e0 long terme. <\/p>\n<p>De plus, il gardera vos papiers en s\u00e9curit\u00e9, les prot\u00e9geant de petits dommages et des taches. <\/p>\n<p>+ Classez vos documents avec cr\u00e9ativit\u00e9! <\/p>\n<p>*Notes de bas de page*<\/p>","protected":false},"excerpt":{"rendered":"<p>Un dossier exceptionnel Si vous avez besoin d&rsquo;archiver des documents sp\u00e9ciaux, ou si vous cherchez un bon design, le classeur de peut r\u00e9pondre \u00e0 vos besoins.Le classeur Swiss Standard allie confort et cr\u00e9ativit\u00e9. Il a \u00e9t\u00e9 con\u00e7u pour arc<\/p>","protected":false},"featured_media":30484,"comment_status":"open","ping_status":"closed","template":"","meta":[],"product_brand":[],"product_cat":[137],"product_tag":[],"class_list":{"0":"post-30485","1":"product","2":"type-product","3":"status-publish","4":"has-post-thumbnail","6":"product_cat-article-offic","8":"first","9":"instock","10":"shipping-taxable","11":"purchasable","12":"product-type-simple"},"_links":{"self":[{"href":"https:\/\/topprixsarl.ch\/de\/wp-json\/wp\/v2\/product\/30485","targetHints":{"allow":["GET"]}}],"collection":[{"href":"https:\/\/topprixsarl.ch\/de\/wp-json\/wp\/v2\/product"}],"about":[{"href":"https:\/\/topprixsarl.ch\/de\/wp-json\/wp\/v2\/types\/product"}],"replies":[{"embeddable":true,"href":"https:\/\/topprixsarl.ch\/de\/wp-json\/wp\/v2\/comments?post=30485"}],"version-history":[{"count":3,"href":"https:\/\/topprixsarl.ch\/de\/wp-json\/wp\/v2\/product\/30485\/revisions"}],"predecessor-version":[{"id":33325,"href":"https:\/\/topprixsarl.ch\/de\/wp-json\/wp\/v2\/product\/30485\/revisions\/33325"}],"wp:featuredmedia":[{"embeddable":true,"href":"https:\/\/topprixsarl.ch\/de\/wp-json\/wp\/v2\/media\/30484"}],"wp:attachment":[{"href":"https:\/\/topprixsarl.ch\/de\/wp-json\/wp\/v2\/media?parent=30485"}],"wp:term":[{"taxonomy":"product_brand","embeddable":true,"href":"https:\/\/topprixsarl.ch\/de\/wp-json\/wp\/v2\/product_brand?post=30485"},{"taxonomy":"product_cat","embeddable":true,"href":"https:\/\/topprixsarl.ch\/de\/wp-json\/wp\/v2\/product_cat?post=30485"},{"taxonomy":"product_tag","embeddable":true,"href":"https:\/\/topprixsarl.ch\/de\/wp-json\/wp\/v2\/product_tag?post=30485"}],"curies":[{"name":"wp","href":"https:\/\/api.w.org\/{rel}","templated":true}]}}