{"id":30481,"date":"2026-01-09T13:34:50","date_gmt":"2026-01-09T13:34:50","guid":{"rendered":"https:\/\/topprixsarl.ch\/product\/classeur-swiss-standard-a4-7-cm-turquoise\/"},"modified":"2026-01-14T14:20:23","modified_gmt":"2026-01-14T14:20:23","slug":"classeur-swiss-standard-a4-7-cm-turquoise","status":"publish","type":"product","link":"https:\/\/topprixsarl.ch\/de\/product\/classeur-swiss-standard-a4-7-cm-turquoise\/","title":{"rendered":"Classeur Swiss Standard A4, 7 cm, turquoise"},"content":{"rendered":"<p>Stockez vos dossiers !<\/p>\n<p>Le classeur Swiss Standard se distingue non seulement par son design \u00e9l\u00e9gant, mais aussi par sa bonne qualit\u00e9 : en effet, il est destin\u00e9 \u00e0 durer longtemps, car il a \u00e9t\u00e9 r\u00e9alis\u00e9 avec un mat\u00e9riau r\u00e9sistant.<\/p>\n<p>+ Design \u00e9l\u00e9gant<br \/> + Mat\u00e9riau r\u00e9sistant pour une durabilit\u00e9 accrue<br \/> + \u00c9tiquette pratique sur le c\u00f4t\u00e9 pour une l\u00e9gende personnalis\u00e9e <\/p>\n<p>Cette \u00e9tiquette vous permet \u00e9galement d&rsquo;\u00e9crire une petite l\u00e9gende pour fournir des informations sur les documents contenus dans le classeur.<\/p>\n<p>Choisissez les classeurs !<\/p>","protected":false},"excerpt":{"rendered":"<p>Stockez vos dossiers! Le classeur Swiss Standard se distingue non seulement par son design \u00e9l\u00e9gant, mais aussi par sa bonne qualit\u00e9: en effet, il est destin\u00e9 \u00e0 durer longtemps, car il a \u00e9t\u00e9 r\u00e9alis\u00e9 avec un mat\u00e9riau r\u00e9sistant. Une \u00e9tiquette pra<\/p>","protected":false},"featured_media":30480,"comment_status":"open","ping_status":"closed","template":"","meta":[],"product_brand":[],"product_cat":[137],"product_tag":[],"class_list":{"0":"post-30481","1":"product","2":"type-product","3":"status-publish","4":"has-post-thumbnail","6":"product_cat-article-offic","8":"first","9":"instock","10":"shipping-taxable","11":"purchasable","12":"product-type-simple"},"_links":{"self":[{"href":"https:\/\/topprixsarl.ch\/de\/wp-json\/wp\/v2\/product\/30481","targetHints":{"allow":["GET"]}}],"collection":[{"href":"https:\/\/topprixsarl.ch\/de\/wp-json\/wp\/v2\/product"}],"about":[{"href":"https:\/\/topprixsarl.ch\/de\/wp-json\/wp\/v2\/types\/product"}],"replies":[{"embeddable":true,"href":"https:\/\/topprixsarl.ch\/de\/wp-json\/wp\/v2\/comments?post=30481"}],"version-history":[{"count":3,"href":"https:\/\/topprixsarl.ch\/de\/wp-json\/wp\/v2\/product\/30481\/revisions"}],"predecessor-version":[{"id":33327,"href":"https:\/\/topprixsarl.ch\/de\/wp-json\/wp\/v2\/product\/30481\/revisions\/33327"}],"wp:featuredmedia":[{"embeddable":true,"href":"https:\/\/topprixsarl.ch\/de\/wp-json\/wp\/v2\/media\/30480"}],"wp:attachment":[{"href":"https:\/\/topprixsarl.ch\/de\/wp-json\/wp\/v2\/media?parent=30481"}],"wp:term":[{"taxonomy":"product_brand","embeddable":true,"href":"https:\/\/topprixsarl.ch\/de\/wp-json\/wp\/v2\/product_brand?post=30481"},{"taxonomy":"product_cat","embeddable":true,"href":"https:\/\/topprixsarl.ch\/de\/wp-json\/wp\/v2\/product_cat?post=30481"},{"taxonomy":"product_tag","embeddable":true,"href":"https:\/\/topprixsarl.ch\/de\/wp-json\/wp\/v2\/product_tag?post=30481"}],"curies":[{"name":"wp","href":"https:\/\/api.w.org\/{rel}","templated":true}]}}