{"id":30479,"date":"2026-01-09T13:34:37","date_gmt":"2026-01-09T13:34:37","guid":{"rendered":"https:\/\/topprixsarl.ch\/product\/classeur-swiss-standard-a4-7-cm-bleu-fonce\/"},"modified":"2026-01-14T14:20:23","modified_gmt":"2026-01-14T14:20:23","slug":"classeur-swiss-standard-a4-7-cm-bleu-fonce","status":"publish","type":"product","link":"https:\/\/topprixsarl.ch\/de\/product\/classeur-swiss-standard-a4-7-cm-bleu-fonce\/","title":{"rendered":"Classeur Swiss Standard A4, 7 cm, bleu fonc\u00e9"},"content":{"rendered":"<p>Souhaitez-vous avoir un bureau bien rang\u00e9 ?<\/p>\n<p>Le classeur Swiss Standard se caract\u00e9rise par un design simple mais \u00e9l\u00e9gant. <\/p>\n<p>Il est un des articles les plus utiles du march\u00e9, parce qu\u2019il vous permet de stocker vos documents dans les meilleures conditions possibles. <\/p>\n<p>Il est \u00e9galement accompagn\u00e9 d&rsquo;une \u00e9tiquette, pour expliquer le contenu des papiers archiv\u00e9s. <\/p>\n<p>Choisissez le classeur !<\/p>\n<p>+ Einfaches und elegantes Design<br \/> + Permet un rangement optimal des documents<br \/> + \u00c9tiquette fournie pour une identification facile du contenu<\/p>","protected":false},"excerpt":{"rendered":"<p>Souhaitez-vous avoir un bureau bien rang\u00e9?Le classeur Swiss Standard se caract\u00e9rise par un design simple mais \u00e9l\u00e9gant. Il est un des articles les plus utile du march\u00e9, parce qu\u2019il vous permet de stocker vos documents dans les meilleures condit<\/p>","protected":false},"featured_media":30478,"comment_status":"open","ping_status":"closed","template":"","meta":[],"product_brand":[],"product_cat":[137],"product_tag":[],"class_list":{"0":"post-30479","1":"product","2":"type-product","3":"status-publish","4":"has-post-thumbnail","6":"product_cat-article-offic","8":"first","9":"instock","10":"shipping-taxable","11":"purchasable","12":"product-type-simple"},"_links":{"self":[{"href":"https:\/\/topprixsarl.ch\/de\/wp-json\/wp\/v2\/product\/30479","targetHints":{"allow":["GET"]}}],"collection":[{"href":"https:\/\/topprixsarl.ch\/de\/wp-json\/wp\/v2\/product"}],"about":[{"href":"https:\/\/topprixsarl.ch\/de\/wp-json\/wp\/v2\/types\/product"}],"replies":[{"embeddable":true,"href":"https:\/\/topprixsarl.ch\/de\/wp-json\/wp\/v2\/comments?post=30479"}],"version-history":[{"count":3,"href":"https:\/\/topprixsarl.ch\/de\/wp-json\/wp\/v2\/product\/30479\/revisions"}],"predecessor-version":[{"id":33328,"href":"https:\/\/topprixsarl.ch\/de\/wp-json\/wp\/v2\/product\/30479\/revisions\/33328"}],"wp:featuredmedia":[{"embeddable":true,"href":"https:\/\/topprixsarl.ch\/de\/wp-json\/wp\/v2\/media\/30478"}],"wp:attachment":[{"href":"https:\/\/topprixsarl.ch\/de\/wp-json\/wp\/v2\/media?parent=30479"}],"wp:term":[{"taxonomy":"product_brand","embeddable":true,"href":"https:\/\/topprixsarl.ch\/de\/wp-json\/wp\/v2\/product_brand?post=30479"},{"taxonomy":"product_cat","embeddable":true,"href":"https:\/\/topprixsarl.ch\/de\/wp-json\/wp\/v2\/product_cat?post=30479"},{"taxonomy":"product_tag","embeddable":true,"href":"https:\/\/topprixsarl.ch\/de\/wp-json\/wp\/v2\/product_tag?post=30479"}],"curies":[{"name":"wp","href":"https:\/\/api.w.org\/{rel}","templated":true}]}}