{"id":30475,"date":"2026-01-09T13:34:08","date_gmt":"2026-01-09T13:34:08","guid":{"rendered":"https:\/\/topprixsarl.ch\/product\/classeur-swiss-standard-a4-7-cm-vert\/"},"modified":"2026-01-14T14:20:23","modified_gmt":"2026-01-14T14:20:23","slug":"classeur-swiss-standard-a4-7-cm-vert","status":"publish","type":"product","link":"https:\/\/topprixsarl.ch\/de\/product\/classeur-swiss-standard-a4-7-cm-vert\/","title":{"rendered":"Classeur Swiss Standard A4, 7 cm, vert"},"content":{"rendered":"<p>Un classeur simplement parfait<\/p>\n<p>Le classeur Swiss Standard se caract\u00e9rise par un design simple qui conquiert tout le monde. <\/p>\n<p>Il est \u00e9galement s\u00e9duisant par son aspect pratique: il vous permet d&rsquo;archiver des documents A4 dans les meilleures conditions. <\/p>\n<p>De plus, une \u00e9tiquette vous permettra de d\u00e9crire le contenu, si vous le souhaitez. <\/p>\n<p>Choisissez le meilleur classeur pour votre entreprise, choisissez!<\/p>\n<p>+ Einfaches und elegantes Design<br \/> + Pratique pour archiver des documents A4<br \/> + \u00c9tiquette pour d\u00e9crire le contenu <\/p>\n<p>*Notes de bas de page*<\/p>","protected":false},"excerpt":{"rendered":"<p>Un classeur simplement parfait Le classeur Swiss Standard se caract\u00e9rise par un design simple qui conquiert tout le monde. Il est \u00e9galement s\u00e9duisant par son aspect pratique: il vous permet d&rsquo;archiver des documents A4 dans les meilleures condi<\/p>","protected":false},"featured_media":30474,"comment_status":"open","ping_status":"closed","template":"","meta":[],"product_brand":[],"product_cat":[137],"product_tag":[],"class_list":{"0":"post-30475","1":"product","2":"type-product","3":"status-publish","4":"has-post-thumbnail","6":"product_cat-article-offic","8":"first","9":"instock","10":"shipping-taxable","11":"purchasable","12":"product-type-simple"},"_links":{"self":[{"href":"https:\/\/topprixsarl.ch\/de\/wp-json\/wp\/v2\/product\/30475","targetHints":{"allow":["GET"]}}],"collection":[{"href":"https:\/\/topprixsarl.ch\/de\/wp-json\/wp\/v2\/product"}],"about":[{"href":"https:\/\/topprixsarl.ch\/de\/wp-json\/wp\/v2\/types\/product"}],"replies":[{"embeddable":true,"href":"https:\/\/topprixsarl.ch\/de\/wp-json\/wp\/v2\/comments?post=30475"}],"version-history":[{"count":3,"href":"https:\/\/topprixsarl.ch\/de\/wp-json\/wp\/v2\/product\/30475\/revisions"}],"predecessor-version":[{"id":33330,"href":"https:\/\/topprixsarl.ch\/de\/wp-json\/wp\/v2\/product\/30475\/revisions\/33330"}],"wp:featuredmedia":[{"embeddable":true,"href":"https:\/\/topprixsarl.ch\/de\/wp-json\/wp\/v2\/media\/30474"}],"wp:attachment":[{"href":"https:\/\/topprixsarl.ch\/de\/wp-json\/wp\/v2\/media?parent=30475"}],"wp:term":[{"taxonomy":"product_brand","embeddable":true,"href":"https:\/\/topprixsarl.ch\/de\/wp-json\/wp\/v2\/product_brand?post=30475"},{"taxonomy":"product_cat","embeddable":true,"href":"https:\/\/topprixsarl.ch\/de\/wp-json\/wp\/v2\/product_cat?post=30475"},{"taxonomy":"product_tag","embeddable":true,"href":"https:\/\/topprixsarl.ch\/de\/wp-json\/wp\/v2\/product_tag?post=30475"}],"curies":[{"name":"wp","href":"https:\/\/api.w.org\/{rel}","templated":true}]}}