{"id":30473,"date":"2026-01-09T13:33:53","date_gmt":"2026-01-09T13:33:53","guid":{"rendered":"https:\/\/topprixsarl.ch\/product\/classeur-swiss-standard-a4-7-cm-violet\/"},"modified":"2026-01-14T14:20:24","modified_gmt":"2026-01-14T14:20:24","slug":"classeur-swiss-standard-a4-7-cm-violet","status":"publish","type":"product","link":"https:\/\/topprixsarl.ch\/de\/product\/classeur-swiss-standard-a4-7-cm-violet\/","title":{"rendered":"Classeur Swiss Standard A4, 7 cm, violet"},"content":{"rendered":"<p>Un classeur exclusif<\/p>\n<p>Le classeur Swiss Standard s\u00e9duira tous vos collaborateurs. <\/p>\n<p>Ce produit allie un design int\u00e9ressant \u00e0 une excellente fonctionnalit\u00e9 : \u00e9tant fait d&rsquo;un mat\u00e9riau durable, il durera longtemps et prot\u00e9gera vos documents de la meilleure fa\u00e7on possible.<\/p>\n<p>+ Design attrayant<\/p>\n<p>+ Mat\u00e9riau durable<\/p>\n<p>+ Protection optimale des documents<\/p>\n<p>\u00cates-vous pr\u00eat \u00e0 essayer un classeur ?<\/p>","protected":false},"excerpt":{"rendered":"<p>Un classeur exclusif Le classeur Swiss Standard s\u00e9duira tous vos collaborateurs. Ce produit allie un design int\u00e9ressant \u00e0 une excellente fonctionnalit\u00e9: \u00e9tant fait d&rsquo;un mat\u00e9riau durable, il durera longtemps et prot\u00e9gera vos documents de la mei<\/p>","protected":false},"featured_media":30472,"comment_status":"open","ping_status":"closed","template":"","meta":[],"product_brand":[],"product_cat":[137],"product_tag":[],"class_list":{"0":"post-30473","1":"product","2":"type-product","3":"status-publish","4":"has-post-thumbnail","6":"product_cat-article-offic","8":"first","9":"instock","10":"shipping-taxable","11":"purchasable","12":"product-type-simple"},"_links":{"self":[{"href":"https:\/\/topprixsarl.ch\/de\/wp-json\/wp\/v2\/product\/30473","targetHints":{"allow":["GET"]}}],"collection":[{"href":"https:\/\/topprixsarl.ch\/de\/wp-json\/wp\/v2\/product"}],"about":[{"href":"https:\/\/topprixsarl.ch\/de\/wp-json\/wp\/v2\/types\/product"}],"replies":[{"embeddable":true,"href":"https:\/\/topprixsarl.ch\/de\/wp-json\/wp\/v2\/comments?post=30473"}],"version-history":[{"count":3,"href":"https:\/\/topprixsarl.ch\/de\/wp-json\/wp\/v2\/product\/30473\/revisions"}],"predecessor-version":[{"id":33331,"href":"https:\/\/topprixsarl.ch\/de\/wp-json\/wp\/v2\/product\/30473\/revisions\/33331"}],"wp:featuredmedia":[{"embeddable":true,"href":"https:\/\/topprixsarl.ch\/de\/wp-json\/wp\/v2\/media\/30472"}],"wp:attachment":[{"href":"https:\/\/topprixsarl.ch\/de\/wp-json\/wp\/v2\/media?parent=30473"}],"wp:term":[{"taxonomy":"product_brand","embeddable":true,"href":"https:\/\/topprixsarl.ch\/de\/wp-json\/wp\/v2\/product_brand?post=30473"},{"taxonomy":"product_cat","embeddable":true,"href":"https:\/\/topprixsarl.ch\/de\/wp-json\/wp\/v2\/product_cat?post=30473"},{"taxonomy":"product_tag","embeddable":true,"href":"https:\/\/topprixsarl.ch\/de\/wp-json\/wp\/v2\/product_tag?post=30473"}],"curies":[{"name":"wp","href":"https:\/\/api.w.org\/{rel}","templated":true}]}}