{"id":30467,"date":"2026-01-09T13:33:09","date_gmt":"2026-01-09T13:33:09","guid":{"rendered":"https:\/\/topprixsarl.ch\/product\/classeur-swiss-standard-a4-4-cm-blanc\/"},"modified":"2026-01-14T14:20:24","modified_gmt":"2026-01-14T14:20:24","slug":"classeur-swiss-standard-a4-4-cm-blanc","status":"publish","type":"product","link":"https:\/\/topprixsarl.ch\/de\/product\/classeur-swiss-standard-a4-4-cm-blanc\/","title":{"rendered":"Classeur Swiss Standard A4, 4 cm, blanc"},"content":{"rendered":"<p>Un classeur pour chaque bureau<\/p>\n<p>Le classeur Swiss Standard A4 est une option compacte et utile pour fixer un grand nombre de feuilles volantes. <\/p>\n<p>+ Fabriqu\u00e9 en plastique durable, ce produit est \u00e9cologique. <\/p>\n<p>De plus, ils sont munis d&rsquo;une \u00e9tiquette pratique, qui peut \u00eatre utilis\u00e9e pour ajouter des informations sur le contenu. <\/p>\n<p>+ Gardez vos documents en ordre! <\/p>\n<p>*Notes de bas de page: [ajoutez ici vos notes si n\u00e9cessaire]*<\/p>\n","protected":false},"excerpt":{"rendered":"<p>Un classeur pour chaque bureau Le classeur Swiss Standard A4 est une option compacte et utile pour fixer un grand nombre de feuilles volantes. Comme ils sont faits de plastique durable, ces produits sont \u00e9cologiques. De plus, ils sont munis d&rsquo;<\/p>","protected":false},"featured_media":30466,"comment_status":"open","ping_status":"closed","template":"","meta":[],"product_brand":[],"product_cat":[137],"product_tag":[],"class_list":{"0":"post-30467","1":"product","2":"type-product","3":"status-publish","4":"has-post-thumbnail","6":"product_cat-article-offic","8":"first","9":"instock","10":"shipping-taxable","11":"purchasable","12":"product-type-simple"},"_links":{"self":[{"href":"https:\/\/topprixsarl.ch\/de\/wp-json\/wp\/v2\/product\/30467","targetHints":{"allow":["GET"]}}],"collection":[{"href":"https:\/\/topprixsarl.ch\/de\/wp-json\/wp\/v2\/product"}],"about":[{"href":"https:\/\/topprixsarl.ch\/de\/wp-json\/wp\/v2\/types\/product"}],"replies":[{"embeddable":true,"href":"https:\/\/topprixsarl.ch\/de\/wp-json\/wp\/v2\/comments?post=30467"}],"version-history":[{"count":3,"href":"https:\/\/topprixsarl.ch\/de\/wp-json\/wp\/v2\/product\/30467\/revisions"}],"predecessor-version":[{"id":33334,"href":"https:\/\/topprixsarl.ch\/de\/wp-json\/wp\/v2\/product\/30467\/revisions\/33334"}],"wp:featuredmedia":[{"embeddable":true,"href":"https:\/\/topprixsarl.ch\/de\/wp-json\/wp\/v2\/media\/30466"}],"wp:attachment":[{"href":"https:\/\/topprixsarl.ch\/de\/wp-json\/wp\/v2\/media?parent=30467"}],"wp:term":[{"taxonomy":"product_brand","embeddable":true,"href":"https:\/\/topprixsarl.ch\/de\/wp-json\/wp\/v2\/product_brand?post=30467"},{"taxonomy":"product_cat","embeddable":true,"href":"https:\/\/topprixsarl.ch\/de\/wp-json\/wp\/v2\/product_cat?post=30467"},{"taxonomy":"product_tag","embeddable":true,"href":"https:\/\/topprixsarl.ch\/de\/wp-json\/wp\/v2\/product_tag?post=30467"}],"curies":[{"name":"wp","href":"https:\/\/api.w.org\/{rel}","templated":true}]}}