{"id":30451,"date":"2026-01-09T13:31:12","date_gmt":"2026-01-09T13:31:12","guid":{"rendered":"https:\/\/topprixsarl.ch\/product\/classeur-swiss-standard-a4-4-cm-orange\/"},"modified":"2026-01-14T14:20:25","modified_gmt":"2026-01-14T14:20:25","slug":"classeur-swiss-standard-a4-4-cm-orange","status":"publish","type":"product","link":"https:\/\/topprixsarl.ch\/de\/product\/classeur-swiss-standard-a4-4-cm-orange\/","title":{"rendered":"Classeur Swiss Standard A4, 4 cm, orange"},"content":{"rendered":"<p>Gardez vos papiers en ordre !<\/p>\n<p>\u00c0 la fin de la journ\u00e9e de travail, votre bureau est couvert de papiers. Voulez-vous vraiment les laisser l\u00e0 ? Ne pensez-vous pas que vous pourriez travailler mieux si vous aviez un bureau bien rang\u00e9 ? <\/p>\n<p>a la solution. <\/p>\n<p>+ Classeur Swiss Standard : une excellente option pour ranger un grand nombre de feuilles, comme des documents A4 et des manchons. <\/p>\n<p>+ Mat\u00e9riau solide et durable : il gardera vos papiers en s\u00e9curit\u00e9 pour une longue p\u00e9riode. <\/p>\n<p>+ Design simple : parfait pour un usage de bureau. <\/p>\n<p>Choisissez une solution fiable pour stocker vos documents ! <\/p>\n<p>*Notes de bas de page : [ajoutez ici les notes n\u00e9cessaires]*<\/p>\n","protected":false},"excerpt":{"rendered":"<p>Gardez vos papiers en ordre! A la fin de la journ\u00e9e de travail, votre bureau est couvert de papiers. Voulez-vous vraiment les laisser l\u00e0? Ne pensez-vous pas que vous pourriez travailler mieux si vous aviez un bureau bien rang\u00e9? a la solution. <\/p>","protected":false},"featured_media":30450,"comment_status":"open","ping_status":"closed","template":"","meta":[],"product_brand":[],"product_cat":[137],"product_tag":[],"class_list":{"0":"post-30451","1":"product","2":"type-product","3":"status-publish","4":"has-post-thumbnail","6":"product_cat-article-offic","8":"first","9":"instock","10":"shipping-taxable","11":"purchasable","12":"product-type-simple"},"_links":{"self":[{"href":"https:\/\/topprixsarl.ch\/de\/wp-json\/wp\/v2\/product\/30451","targetHints":{"allow":["GET"]}}],"collection":[{"href":"https:\/\/topprixsarl.ch\/de\/wp-json\/wp\/v2\/product"}],"about":[{"href":"https:\/\/topprixsarl.ch\/de\/wp-json\/wp\/v2\/types\/product"}],"replies":[{"embeddable":true,"href":"https:\/\/topprixsarl.ch\/de\/wp-json\/wp\/v2\/comments?post=30451"}],"version-history":[{"count":3,"href":"https:\/\/topprixsarl.ch\/de\/wp-json\/wp\/v2\/product\/30451\/revisions"}],"predecessor-version":[{"id":33339,"href":"https:\/\/topprixsarl.ch\/de\/wp-json\/wp\/v2\/product\/30451\/revisions\/33339"}],"wp:featuredmedia":[{"embeddable":true,"href":"https:\/\/topprixsarl.ch\/de\/wp-json\/wp\/v2\/media\/30450"}],"wp:attachment":[{"href":"https:\/\/topprixsarl.ch\/de\/wp-json\/wp\/v2\/media?parent=30451"}],"wp:term":[{"taxonomy":"product_brand","embeddable":true,"href":"https:\/\/topprixsarl.ch\/de\/wp-json\/wp\/v2\/product_brand?post=30451"},{"taxonomy":"product_cat","embeddable":true,"href":"https:\/\/topprixsarl.ch\/de\/wp-json\/wp\/v2\/product_cat?post=30451"},{"taxonomy":"product_tag","embeddable":true,"href":"https:\/\/topprixsarl.ch\/de\/wp-json\/wp\/v2\/product_tag?post=30451"}],"curies":[{"name":"wp","href":"https:\/\/api.w.org\/{rel}","templated":true}]}}