{"id":30449,"date":"2026-01-09T13:30:57","date_gmt":"2026-01-09T13:30:57","guid":{"rendered":"https:\/\/topprixsarl.ch\/product\/classeur-swiss-standard-a4-4-cm-vert\/"},"modified":"2026-01-14T14:20:25","modified_gmt":"2026-01-14T14:20:25","slug":"classeur-swiss-standard-a4-4-cm-vert","status":"publish","type":"product","link":"https:\/\/topprixsarl.ch\/de\/product\/classeur-swiss-standard-a4-4-cm-vert\/","title":{"rendered":"Classeur Swiss Standard A4, 4 cm, vert"},"content":{"rendered":"<p>Un classeur \u00e9l\u00e9gant et utile<\/p>\n<p>Des papiers, d&rsquo;\u00e9nervants papiers partout. Il est temps de faire de la place, vous ne trouvez pas? <\/p>\n<p>Le classeur Swiss Standard vous aidera \u00e0 garder vos documents en ordre. <\/p>\n<p>+ Con\u00e7u pour faciliter le rangement des feuilles perfor\u00e9es A4 et des manchons.<\/p>\n<p>+ \u00c9tiquette pratique sur le devant pour d\u00e9crire son contenu.<\/p>\n<p>+ Durabilit\u00e9 et design classique, parfait pour chaque bureau.<\/p>\n<p>Obtenez un classeur qui r\u00e9pond \u00e0 vos besoins!<\/p>","protected":false},"excerpt":{"rendered":"<p>Un classeur \u00e9l\u00e9gant et utile Des papiers, d&rsquo;\u00e9nervants papiers partout. Il est temps de faire de la place, vous ne trouvez pas? Le classeur Swiss Standard vous aidera \u00e0 garder vos documents en ordre.Le classeur Swiss Standard a \u00e9t\u00e9 sp\u00e9ci<\/p>","protected":false},"featured_media":30448,"comment_status":"open","ping_status":"closed","template":"","meta":[],"product_brand":[],"product_cat":[137],"product_tag":[],"class_list":{"0":"post-30449","1":"product","2":"type-product","3":"status-publish","4":"has-post-thumbnail","6":"product_cat-article-offic","8":"first","9":"instock","10":"shipping-taxable","11":"purchasable","12":"product-type-simple"},"_links":{"self":[{"href":"https:\/\/topprixsarl.ch\/de\/wp-json\/wp\/v2\/product\/30449","targetHints":{"allow":["GET"]}}],"collection":[{"href":"https:\/\/topprixsarl.ch\/de\/wp-json\/wp\/v2\/product"}],"about":[{"href":"https:\/\/topprixsarl.ch\/de\/wp-json\/wp\/v2\/types\/product"}],"replies":[{"embeddable":true,"href":"https:\/\/topprixsarl.ch\/de\/wp-json\/wp\/v2\/comments?post=30449"}],"version-history":[{"count":3,"href":"https:\/\/topprixsarl.ch\/de\/wp-json\/wp\/v2\/product\/30449\/revisions"}],"predecessor-version":[{"id":33340,"href":"https:\/\/topprixsarl.ch\/de\/wp-json\/wp\/v2\/product\/30449\/revisions\/33340"}],"wp:featuredmedia":[{"embeddable":true,"href":"https:\/\/topprixsarl.ch\/de\/wp-json\/wp\/v2\/media\/30448"}],"wp:attachment":[{"href":"https:\/\/topprixsarl.ch\/de\/wp-json\/wp\/v2\/media?parent=30449"}],"wp:term":[{"taxonomy":"product_brand","embeddable":true,"href":"https:\/\/topprixsarl.ch\/de\/wp-json\/wp\/v2\/product_brand?post=30449"},{"taxonomy":"product_cat","embeddable":true,"href":"https:\/\/topprixsarl.ch\/de\/wp-json\/wp\/v2\/product_cat?post=30449"},{"taxonomy":"product_tag","embeddable":true,"href":"https:\/\/topprixsarl.ch\/de\/wp-json\/wp\/v2\/product_tag?post=30449"}],"curies":[{"name":"wp","href":"https:\/\/api.w.org\/{rel}","templated":true}]}}