{"id":30447,"date":"2026-01-09T13:30:41","date_gmt":"2026-01-09T13:30:41","guid":{"rendered":"https:\/\/topprixsarl.ch\/product\/classeur-swiss-standard-a4-4-cm-violet\/"},"modified":"2026-01-14T14:20:25","modified_gmt":"2026-01-14T14:20:25","slug":"classeur-swiss-standard-a4-4-cm-violet","status":"publish","type":"product","link":"https:\/\/topprixsarl.ch\/de\/product\/classeur-swiss-standard-a4-4-cm-violet\/","title":{"rendered":"Classeur Swiss Standard A4, 4 cm, violet"},"content":{"rendered":"<p>Un classeur traditionnel et pratique<\/p>\n<p>C&rsquo;est agr\u00e9able d&rsquo;\u00e9crire sur un bureau bien rang\u00e9? Vos journ\u00e9es de travail sont-elles plus rapides lorsque tous vos documents sont tri\u00e9s et plac\u00e9s au bon endroit? Si c&rsquo;est le cas, vous devriez essayer les classeurs Swiss Standard.<\/p>\n<p>Les classeurs Swiss Standard sont con\u00e7us pour faciliter l&rsquo;archivage de divers types de documents, tels quels les feuilles A4 ou les chemises transparentes. <\/p>\n<p>+ Fabriqu\u00e9s en carton robuste et en plastique pour assurer leur durabilit\u00e9.<\/p>\n<p>+ Disposent d&rsquo;un label externe, de sorte que leur contenu est imm\u00e9diatement reconnaissable.<\/p>\n<p>Gardez vos documents en ordre avec!<\/p>","protected":false},"excerpt":{"rendered":"<p>Un classeur traditionnel et pratique C&rsquo;est agr\u00e9able d&rsquo;\u00e9crire sur un bureau bien rang\u00e9? Vos journ\u00e9es de travail sont-elles plus rapides lorsque tous vos documents sont tri\u00e9s et plac\u00e9s au bon endroit? Si c&rsquo;est le cas, vous devriez essayer les classeurs<\/p>","protected":false},"featured_media":30446,"comment_status":"open","ping_status":"closed","template":"","meta":[],"product_brand":[],"product_cat":[137],"product_tag":[],"class_list":{"0":"post-30447","1":"product","2":"type-product","3":"status-publish","4":"has-post-thumbnail","6":"product_cat-article-offic","8":"first","9":"instock","10":"shipping-taxable","11":"purchasable","12":"product-type-simple"},"_links":{"self":[{"href":"https:\/\/topprixsarl.ch\/de\/wp-json\/wp\/v2\/product\/30447","targetHints":{"allow":["GET"]}}],"collection":[{"href":"https:\/\/topprixsarl.ch\/de\/wp-json\/wp\/v2\/product"}],"about":[{"href":"https:\/\/topprixsarl.ch\/de\/wp-json\/wp\/v2\/types\/product"}],"replies":[{"embeddable":true,"href":"https:\/\/topprixsarl.ch\/de\/wp-json\/wp\/v2\/comments?post=30447"}],"version-history":[{"count":3,"href":"https:\/\/topprixsarl.ch\/de\/wp-json\/wp\/v2\/product\/30447\/revisions"}],"predecessor-version":[{"id":33341,"href":"https:\/\/topprixsarl.ch\/de\/wp-json\/wp\/v2\/product\/30447\/revisions\/33341"}],"wp:featuredmedia":[{"embeddable":true,"href":"https:\/\/topprixsarl.ch\/de\/wp-json\/wp\/v2\/media\/30446"}],"wp:attachment":[{"href":"https:\/\/topprixsarl.ch\/de\/wp-json\/wp\/v2\/media?parent=30447"}],"wp:term":[{"taxonomy":"product_brand","embeddable":true,"href":"https:\/\/topprixsarl.ch\/de\/wp-json\/wp\/v2\/product_brand?post=30447"},{"taxonomy":"product_cat","embeddable":true,"href":"https:\/\/topprixsarl.ch\/de\/wp-json\/wp\/v2\/product_cat?post=30447"},{"taxonomy":"product_tag","embeddable":true,"href":"https:\/\/topprixsarl.ch\/de\/wp-json\/wp\/v2\/product_tag?post=30447"}],"curies":[{"name":"wp","href":"https:\/\/api.w.org\/{rel}","templated":true}]}}