{"id":30445,"date":"2026-01-09T13:30:26","date_gmt":"2026-01-09T13:30:26","guid":{"rendered":"https:\/\/topprixsarl.ch\/product\/classeur-swiss-standard-a4-4-cm-gris\/"},"modified":"2026-01-14T14:20:25","modified_gmt":"2026-01-14T14:20:25","slug":"classeur-swiss-standard-a4-4-cm-gris","status":"publish","type":"product","link":"https:\/\/topprixsarl.ch\/de\/product\/classeur-swiss-standard-a4-4-cm-gris\/","title":{"rendered":"Classeur Swiss Standard A4, 4 cm, gris"},"content":{"rendered":"<p>Pour g\u00e9rer une grande quantit\u00e9 de documents, comment g\u00e9rer une grande quantit\u00e9 de documents ? Comment est-il possible de trier et de ranger tous les papiers que vous avez sur votre bureau ? <\/p>\n<p>a la r\u00e9ponse. <\/p>\n<p>Swiss Standard a \u00e9t\u00e9 sp\u00e9cialement con\u00e7u pour archiver un grand nombre de feuilles A4 ou de manchons. Il les prot\u00e9gera longtemps, des taches, de la lumi\u00e8re et de tout type de petits dommages. <\/p>\n<p>+ Son design simple le rend parfait pour chaque bureau. <\/p>\n<p>Essayez les fichiers Swiss Standard !<\/p>","protected":false},"excerpt":{"rendered":"<p>Pour g\u00e9rer une grande quantit\u00e9 de documents Comment g\u00e9rer une grande quantit\u00e9 de documents? Comment est-il possible de trier et de ranger tous les papiers que vous avez sur votre bureau? a la r\u00e9ponse.Swiss Standard a \u00e9t\u00e9 sp\u00e9cialement co<\/p>","protected":false},"featured_media":30444,"comment_status":"open","ping_status":"closed","template":"","meta":[],"product_brand":[],"product_cat":[137],"product_tag":[],"class_list":{"0":"post-30445","1":"product","2":"type-product","3":"status-publish","4":"has-post-thumbnail","6":"product_cat-article-offic","8":"first","9":"instock","10":"shipping-taxable","11":"purchasable","12":"product-type-simple"},"_links":{"self":[{"href":"https:\/\/topprixsarl.ch\/de\/wp-json\/wp\/v2\/product\/30445","targetHints":{"allow":["GET"]}}],"collection":[{"href":"https:\/\/topprixsarl.ch\/de\/wp-json\/wp\/v2\/product"}],"about":[{"href":"https:\/\/topprixsarl.ch\/de\/wp-json\/wp\/v2\/types\/product"}],"replies":[{"embeddable":true,"href":"https:\/\/topprixsarl.ch\/de\/wp-json\/wp\/v2\/comments?post=30445"}],"version-history":[{"count":3,"href":"https:\/\/topprixsarl.ch\/de\/wp-json\/wp\/v2\/product\/30445\/revisions"}],"predecessor-version":[{"id":33342,"href":"https:\/\/topprixsarl.ch\/de\/wp-json\/wp\/v2\/product\/30445\/revisions\/33342"}],"wp:featuredmedia":[{"embeddable":true,"href":"https:\/\/topprixsarl.ch\/de\/wp-json\/wp\/v2\/media\/30444"}],"wp:attachment":[{"href":"https:\/\/topprixsarl.ch\/de\/wp-json\/wp\/v2\/media?parent=30445"}],"wp:term":[{"taxonomy":"product_brand","embeddable":true,"href":"https:\/\/topprixsarl.ch\/de\/wp-json\/wp\/v2\/product_brand?post=30445"},{"taxonomy":"product_cat","embeddable":true,"href":"https:\/\/topprixsarl.ch\/de\/wp-json\/wp\/v2\/product_cat?post=30445"},{"taxonomy":"product_tag","embeddable":true,"href":"https:\/\/topprixsarl.ch\/de\/wp-json\/wp\/v2\/product_tag?post=30445"}],"curies":[{"name":"wp","href":"https:\/\/api.w.org\/{rel}","templated":true}]}}