{"id":30441,"date":"2026-01-09T13:29:56","date_gmt":"2026-01-09T13:29:56","guid":{"rendered":"https:\/\/topprixsarl.ch\/product\/repertoire-a4-carton-200-g-m2-10-pieces-couleur\/"},"modified":"2026-01-14T14:20:25","modified_gmt":"2026-01-14T14:20:25","slug":"repertoire-a4-carton-200-g-m2-10-pieces-couleur","status":"publish","type":"product","link":"https:\/\/topprixsarl.ch\/de\/product\/repertoire-a4-carton-200-g-m2-10-pieces-couleur\/","title":{"rendered":"R\u00e9pertoire A4, carton 200 g\/m2, 10 pi\u00e8ces, couleur"},"content":{"rendered":"<p>Couleur : <\/p>\n<p>+ Grammage : 200 g\/m\u00b2<br \/>\n+ Mat\u00e9riau : 100% papier recycl\u00e9<br \/>\n+ Perforation : 3&#215;8 cm<br \/>\n+ Conditionnement original : 25 pi\u00e8ces<br \/>\n+ Prix par pi\u00e8ce  <\/p>\n<p>*Note : Les informations peuvent varier selon le fournisseur.<\/p>","protected":false},"excerpt":{"rendered":"<p>Couleur, 200 g\/m2, fabriqu\u00e9 \u00e0 100% \u00e0 partir de papier recycl\u00e9 avec perforation 3&#215;8 cm. Conditionnement original: 25 pi\u00e8ces. Prix par pi\u00e8ce.<\/p>","protected":false},"featured_media":30440,"comment_status":"open","ping_status":"closed","template":"","meta":[],"product_brand":[],"product_cat":[137],"product_tag":[],"class_list":{"0":"post-30441","1":"product","2":"type-product","3":"status-publish","4":"has-post-thumbnail","6":"product_cat-papier","8":"first","9":"instock","10":"shipping-taxable","11":"purchasable","12":"product-type-simple"},"_links":{"self":[{"href":"https:\/\/topprixsarl.ch\/de\/wp-json\/wp\/v2\/product\/30441","targetHints":{"allow":["GET"]}}],"collection":[{"href":"https:\/\/topprixsarl.ch\/de\/wp-json\/wp\/v2\/product"}],"about":[{"href":"https:\/\/topprixsarl.ch\/de\/wp-json\/wp\/v2\/types\/product"}],"replies":[{"embeddable":true,"href":"https:\/\/topprixsarl.ch\/de\/wp-json\/wp\/v2\/comments?post=30441"}],"version-history":[{"count":2,"href":"https:\/\/topprixsarl.ch\/de\/wp-json\/wp\/v2\/product\/30441\/revisions"}],"predecessor-version":[{"id":32543,"href":"https:\/\/topprixsarl.ch\/de\/wp-json\/wp\/v2\/product\/30441\/revisions\/32543"}],"wp:featuredmedia":[{"embeddable":true,"href":"https:\/\/topprixsarl.ch\/de\/wp-json\/wp\/v2\/media\/30440"}],"wp:attachment":[{"href":"https:\/\/topprixsarl.ch\/de\/wp-json\/wp\/v2\/media?parent=30441"}],"wp:term":[{"taxonomy":"product_brand","embeddable":true,"href":"https:\/\/topprixsarl.ch\/de\/wp-json\/wp\/v2\/product_brand?post=30441"},{"taxonomy":"product_cat","embeddable":true,"href":"https:\/\/topprixsarl.ch\/de\/wp-json\/wp\/v2\/product_cat?post=30441"},{"taxonomy":"product_tag","embeddable":true,"href":"https:\/\/topprixsarl.ch\/de\/wp-json\/wp\/v2\/product_tag?post=30441"}],"curies":[{"name":"wp","href":"https:\/\/api.w.org\/{rel}","templated":true}]}}