{"id":30437,"date":"2026-01-09T13:29:32","date_gmt":"2026-01-09T13:29:32","guid":{"rendered":"https:\/\/topprixsarl.ch\/product\/repertoire-kolma-longlife-a4-plastique-a-z-gris\/"},"modified":"2026-01-14T14:20:25","modified_gmt":"2026-01-14T14:20:25","slug":"repertoire-kolma-longlife-a4-plastique-a-z-gris","status":"publish","type":"product","link":"https:\/\/topprixsarl.ch\/de\/product\/repertoire-kolma-longlife-a4-plastique-a-z-gris\/","title":{"rendered":"Kolma Longlife Register, A4, Kunststoff, A-Z, grau"},"content":{"rendered":"<p>**Produktbeschreibung:**<\/p>\n<p>Mat\u00e9riau durable, r\u00e9sistant et ind\u00e9chirable.<\/p>\n<p>+ Perforation : 3&#215;8 cm, ovale<\/p>\n<p>+ Couleur : gris<\/p>\n<p>+ Conditionnement original : 10 pi\u00e8ces<\/p>\n<p>+ Prix par pi\u00e8ce<\/p>\n<p>*Fu\u00dfnoten:*<\/p>","protected":false},"excerpt":{"rendered":"<p>Mat\u00e9riau durable, r\u00e9sistant et ind\u00e9chirable. Perforation 3&#215;8 cm, ovale. Couleur: gris. Conditionnement original: 10 pi\u00e8ces. Prix par pi\u00e8ce.<\/p>","protected":false},"featured_media":30436,"comment_status":"open","ping_status":"closed","template":"","meta":[],"product_brand":[],"product_cat":[138],"product_tag":[],"class_list":{"0":"post-30437","1":"product","2":"type-product","3":"status-publish","4":"has-post-thumbnail","6":"product_cat-sac-a-dechet","8":"first","9":"instock","10":"shipping-taxable","11":"purchasable","12":"product-type-simple"},"_links":{"self":[{"href":"https:\/\/topprixsarl.ch\/de\/wp-json\/wp\/v2\/product\/30437","targetHints":{"allow":["GET"]}}],"collection":[{"href":"https:\/\/topprixsarl.ch\/de\/wp-json\/wp\/v2\/product"}],"about":[{"href":"https:\/\/topprixsarl.ch\/de\/wp-json\/wp\/v2\/types\/product"}],"replies":[{"embeddable":true,"href":"https:\/\/topprixsarl.ch\/de\/wp-json\/wp\/v2\/comments?post=30437"}],"version-history":[{"count":2,"href":"https:\/\/topprixsarl.ch\/de\/wp-json\/wp\/v2\/product\/30437\/revisions"}],"predecessor-version":[{"id":32541,"href":"https:\/\/topprixsarl.ch\/de\/wp-json\/wp\/v2\/product\/30437\/revisions\/32541"}],"wp:featuredmedia":[{"embeddable":true,"href":"https:\/\/topprixsarl.ch\/de\/wp-json\/wp\/v2\/media\/30436"}],"wp:attachment":[{"href":"https:\/\/topprixsarl.ch\/de\/wp-json\/wp\/v2\/media?parent=30437"}],"wp:term":[{"taxonomy":"product_brand","embeddable":true,"href":"https:\/\/topprixsarl.ch\/de\/wp-json\/wp\/v2\/product_brand?post=30437"},{"taxonomy":"product_cat","embeddable":true,"href":"https:\/\/topprixsarl.ch\/de\/wp-json\/wp\/v2\/product_cat?post=30437"},{"taxonomy":"product_tag","embeddable":true,"href":"https:\/\/topprixsarl.ch\/de\/wp-json\/wp\/v2\/product_tag?post=30437"}],"curies":[{"name":"wp","href":"https:\/\/api.w.org\/{rel}","templated":true}]}}