{"id":30423,"date":"2026-01-09T13:27:49","date_gmt":"2026-01-09T13:27:49","guid":{"rendered":"https:\/\/topprixsarl.ch\/product\/dossiers-chemises-kolma-a4-haute-transparent-rouge-emb-de-100-pcs-5946404\/"},"modified":"2026-01-14T14:20:26","modified_gmt":"2026-01-14T14:20:26","slug":"dossiers-chemises-kolma-a4-haute-transparent-rouge-emb-de-100-pcs-5946404","status":"publish","type":"product","link":"https:\/\/topprixsarl.ch\/de\/product\/dossiers-chemises-kolma-a4-haute-transparent-rouge-emb-de-100-pcs-5946404\/","title":{"rendered":"Dossiers-chemises Kolma A4 haute transparent, rouge, emb. de 100 pcs (5946404)"},"content":{"rendered":"<p>Pour les brochures qui sauront enthousiasmer<\/p>\n<p>Une s\u00e9lection bien pens\u00e9e du portfolio de vos produits, une mise en page attrayante et un texte excellent : une jolie brochure demande beaucoup de travail. Veillez \u00e0 ce qu&rsquo;elle soit pr\u00e9sent\u00e9e sous son meilleur jour dans la chemise de classement de la marque Kolma.<\/p>\n<p>+ Design \u00e9l\u00e9gant, id\u00e9al pour vos pr\u00e9sentations<\/p>\n<p>Ce produit est id\u00e9al pour le format A4. Gr\u00e2ce \u00e0 son design brillant, votre nouvel accessoire de bureau attirera certainement les regards. <\/p>\n<p>+ Polyvalence et fonctionnalit\u00e9<\/p>\n<p>Une source d&rsquo;information, une invitation au r\u00eave ou un accessoire servant de base \u00e0 des d\u00e9cisions ult\u00e9rieures : les chemises de classement comme celles de la marque Kolma peuvent remplir beaucoup de fonctions. Et elles cr\u00e9ent le cadre optimal pour tout cela.<\/p>\n<p>+ Mettez en valeur vos prestations<\/p>\n<p>Parfaitement polyvalentes gr\u00e2ce \u00e0 leur design bien pens\u00e9, elles permettent de mettre particuli\u00e8rement en valeur les prestations de services et les produits que vous offrez. <\/p>\n<p>Laissez vos produits se montrer sous leur meilleur jour!<\/p>","protected":false},"excerpt":{"rendered":"<p>Pour les brochures qui sauront enthousiasmer Une s\u00e9lection bien pens\u00e9e du portfolio de vos produits, une mise en page attrayante et un texte excellent: une jolie brochure demande beaucoup de travail. Veillez \u00e0 ce qu&rsquo;elle soit pr\u00e9sent\u00e9e sous son meill<\/p>","protected":false},"featured_media":30422,"comment_status":"open","ping_status":"closed","template":"","meta":[],"product_brand":[],"product_cat":[137],"product_tag":[],"class_list":{"0":"post-30423","1":"product","2":"type-product","3":"status-publish","4":"has-post-thumbnail","6":"product_cat-article-offic","8":"first","9":"instock","10":"shipping-taxable","11":"purchasable","12":"product-type-simple"},"_links":{"self":[{"href":"https:\/\/topprixsarl.ch\/de\/wp-json\/wp\/v2\/product\/30423","targetHints":{"allow":["GET"]}}],"collection":[{"href":"https:\/\/topprixsarl.ch\/de\/wp-json\/wp\/v2\/product"}],"about":[{"href":"https:\/\/topprixsarl.ch\/de\/wp-json\/wp\/v2\/types\/product"}],"replies":[{"embeddable":true,"href":"https:\/\/topprixsarl.ch\/de\/wp-json\/wp\/v2\/comments?post=30423"}],"version-history":[{"count":2,"href":"https:\/\/topprixsarl.ch\/de\/wp-json\/wp\/v2\/product\/30423\/revisions"}],"predecessor-version":[{"id":32534,"href":"https:\/\/topprixsarl.ch\/de\/wp-json\/wp\/v2\/product\/30423\/revisions\/32534"}],"wp:featuredmedia":[{"embeddable":true,"href":"https:\/\/topprixsarl.ch\/de\/wp-json\/wp\/v2\/media\/30422"}],"wp:attachment":[{"href":"https:\/\/topprixsarl.ch\/de\/wp-json\/wp\/v2\/media?parent=30423"}],"wp:term":[{"taxonomy":"product_brand","embeddable":true,"href":"https:\/\/topprixsarl.ch\/de\/wp-json\/wp\/v2\/product_brand?post=30423"},{"taxonomy":"product_cat","embeddable":true,"href":"https:\/\/topprixsarl.ch\/de\/wp-json\/wp\/v2\/product_cat?post=30423"},{"taxonomy":"product_tag","embeddable":true,"href":"https:\/\/topprixsarl.ch\/de\/wp-json\/wp\/v2\/product_tag?post=30423"}],"curies":[{"name":"wp","href":"https:\/\/api.w.org\/{rel}","templated":true}]}}