{"id":30421,"date":"2026-01-09T13:27:35","date_gmt":"2026-01-09T13:27:35","guid":{"rendered":"https:\/\/topprixsarl.ch\/product\/poch-protege-doc-kolma-kangourou-a4-180-microns-sachet-de-5-unites\/"},"modified":"2026-01-14T14:20:26","modified_gmt":"2026-01-14T14:20:26","slug":"poch-protege-doc-kolma-kangourou-a4-180-microns-sachet-de-5-unites","status":"publish","type":"product","link":"https:\/\/topprixsarl.ch\/de\/product\/poch-protege-doc-kolma-kangourou-a4-180-microns-sachet-de-5-unites\/","title":{"rendered":"Poch. prot\u00e8ge-doc. Kolma Kangourou, A4, 180\u00a0microns, sachet de 5\u00a0unit\u00e9s"},"content":{"rendered":"<p>Poche kangourou pratique pour couverture partielle<\/p>\n<p>Il existe de nombreuses fa\u00e7ons de ranger des documents volumineux. Vous pouvez utiliser de grands dossiers ou des classeurs, mais au risque de cr\u00e9er un espace de travail encombr\u00e9. Restez compact tout en stockant un grand nombre de feuilles. <\/p>\n<p>Utilisez ces poches Kangourou de la soci\u00e9t\u00e9 suisse Kolma. Les poches en PVC hautement transparentes permettent de visualiser facilement le contenu. Un compartiment sp\u00e9cial, type poche de kangourou, permet d\u2019acc\u00e9der et de remplacer facilement le contenu. <\/p>\n<p>+ Pratiques et durables<\/p>\n<p>La poche s&rsquo;\u00e9largit jusqu&rsquo;\u00e0 10 mm, pour ranger facilement et en toute s\u00e9curit\u00e9 d\u2019\u00e9pais documents. Un paquet contient cinq poches pour un espace de classement appr\u00e9ciable. <\/p>\n<p>+ Une bonne organisation acc\u00e9l\u00e9rera votre travail et vous fera \u00e9conomiser du temps.<\/p>\n<p>Utilisez ces poches comme alternative au classement de vos documents!<\/p>","protected":false},"excerpt":{"rendered":"<p>Poche kangourou pratique pour couverture partielle Il existe de nombreuses fa\u00e7ons de ranger des documents volumineux. Vous pouvez utiliser de grands dossiers ou des classeurs, mais au risque de cr\u00e9er un espace de travail encombr\u00e9. Restez compact tout<\/p>","protected":false},"featured_media":30420,"comment_status":"open","ping_status":"closed","template":"","meta":[],"product_brand":[],"product_cat":[137],"product_tag":[],"class_list":{"0":"post-30421","1":"product","2":"type-product","3":"status-publish","4":"has-post-thumbnail","6":"product_cat-article-offic","8":"first","9":"instock","10":"shipping-taxable","11":"purchasable","12":"product-type-simple"},"_links":{"self":[{"href":"https:\/\/topprixsarl.ch\/de\/wp-json\/wp\/v2\/product\/30421","targetHints":{"allow":["GET"]}}],"collection":[{"href":"https:\/\/topprixsarl.ch\/de\/wp-json\/wp\/v2\/product"}],"about":[{"href":"https:\/\/topprixsarl.ch\/de\/wp-json\/wp\/v2\/types\/product"}],"replies":[{"embeddable":true,"href":"https:\/\/topprixsarl.ch\/de\/wp-json\/wp\/v2\/comments?post=30421"}],"version-history":[{"count":2,"href":"https:\/\/topprixsarl.ch\/de\/wp-json\/wp\/v2\/product\/30421\/revisions"}],"predecessor-version":[{"id":32533,"href":"https:\/\/topprixsarl.ch\/de\/wp-json\/wp\/v2\/product\/30421\/revisions\/32533"}],"wp:featuredmedia":[{"embeddable":true,"href":"https:\/\/topprixsarl.ch\/de\/wp-json\/wp\/v2\/media\/30420"}],"wp:attachment":[{"href":"https:\/\/topprixsarl.ch\/de\/wp-json\/wp\/v2\/media?parent=30421"}],"wp:term":[{"taxonomy":"product_brand","embeddable":true,"href":"https:\/\/topprixsarl.ch\/de\/wp-json\/wp\/v2\/product_brand?post=30421"},{"taxonomy":"product_cat","embeddable":true,"href":"https:\/\/topprixsarl.ch\/de\/wp-json\/wp\/v2\/product_cat?post=30421"},{"taxonomy":"product_tag","embeddable":true,"href":"https:\/\/topprixsarl.ch\/de\/wp-json\/wp\/v2\/product_tag?post=30421"}],"curies":[{"name":"wp","href":"https:\/\/api.w.org\/{rel}","templated":true}]}}